{"id":760423,"date":"2025-08-28T09:05:04","date_gmt":"2025-08-28T06:05:04","guid":{"rendered":"https:\/\/roveyayinevi.com.tr\/index.php\/urun\/dil-ve-politika-2\/"},"modified":"2026-04-16T03:13:10","modified_gmt":"2026-04-16T00:13:10","slug":"dil-ve-politika-2","status":"publish","type":"product","link":"https:\/\/roveyayinevi.com.tr\/index.php\/urun\/dil-ve-politika-2\/","title":{"rendered":"Dil ve Politika"},"content":{"rendered":"<p>\u201cRag\u0131p Gelencik&#8217;in  [\u00d6ner \u00dcnalan] dil yaz\u0131lar\u0131ndaki \u00e7\u00f6z\u00fcmsel g\u00fcc\u00fc ondaki i\u00e7 i\u00e7e ge\u00e7mi\u015f birka\u00e7 olu\u015fuma ba\u011fl\u0131yorum ben; edebiyat\u00e7\u0131d\u0131r, eskiden \u00f6yk\u00fcler yazard\u0131 (Cumhuriyet gazetesinin \u00f6yk\u00fc \u00f6d\u00fcl\u00fcn\u00fc alm\u0131\u015ft\u0131), bir iki yabanc\u0131 dili \u00e7ok iyi biliyor; \u00e7evirmen olarak b\u00fcy\u00fck bir deneyi var; mesleki olu\u015fumunu da eklemek gerek bunlara; \u00f6\u011frenimini do\u011fa bilimleri dal\u0131nda yapm\u0131\u015ft\u0131r; \u00f6\u011fretmenli\u011fi b\u00fcrokratik deneyi vard\u0131r. Ama as\u0131l \u00f6nemlisi deneylerini, bilgilerini, yetene\u011fini dil sorunlar\u0131nda b\u00fct\u00fcnleyebilmesi. San\u0131yorum Rag\u0131p Gelencik&#8217;in \u00f6nemi g\u00fcn g\u00fcnden daha iyi anla\u015f\u0131lacak. Bilmem, biliyor musunuz, Rag\u0131p Gelencik onun dil yaz\u0131lar\u0131nda kulland\u0131\u011f\u0131 takma ad\u0131d\u0131r.\u201d (Cemal S\u00fcreya) <\/p>\n","protected":false},"excerpt":{"rendered":"<p>\u201cRag\u0131p Gelencik&#8217;in [\u00d6ner \u00dcnalan] dil yaz\u0131lar\u0131ndaki \u00e7\u00f6z\u00fcmsel g\u00fcc\u00fc ondaki i\u00e7 i\u00e7e ge\u00e7mi\u015f birka\u00e7 olu\u015fuma ba\u011fl\u0131yorum ben; edebiyat\u00e7\u0131d\u0131r, eskiden \u00f6yk\u00fcler yazard\u0131 (Cumhuriyet gazetesinin \u00f6yk\u00fc \u00f6d\u00fcl\u00fcn\u00fc alm\u0131\u015ft\u0131), bir<span class=\"excerpt-hellip\"> [\u2026]<\/span><\/p>\n","protected":false},"featured_media":0,"template":"","meta":{"_monsterinsights_skip_tracking":false,"_monsterinsights_sitenote_active":false,"_monsterinsights_sitenote_note":"","_monsterinsights_sitenote_category":0},"product_brand":[],"product_cat":[13072,12291],"product_tag":[],"class_list":{"0":"post-760423","1":"product","2":"type-product","3":"status-publish","5":"product_cat-arastirma-inceleme-referans","6":"product_cat-edebiyat","7":"pa_cilt-ciltsiz","8":"pa_tur-kitap","9":"pa_yayinevi-kor-kitap","10":"pa_yazar-oner-unalan","12":"first","13":"instock","14":"sale","15":"shipping-taxable","16":"purchasable","17":"product-type-simple"},"_links":{"self":[{"href":"https:\/\/roveyayinevi.com.tr\/index.php\/wp-json\/wp\/v2\/product\/760423","targetHints":{"allow":["GET"]}}],"collection":[{"href":"https:\/\/roveyayinevi.com.tr\/index.php\/wp-json\/wp\/v2\/product"}],"about":[{"href":"https:\/\/roveyayinevi.com.tr\/index.php\/wp-json\/wp\/v2\/types\/product"}],"wp:attachment":[{"href":"https:\/\/roveyayinevi.com.tr\/index.php\/wp-json\/wp\/v2\/media?parent=760423"}],"wp:term":[{"taxonomy":"product_brand","embeddable":true,"href":"https:\/\/roveyayinevi.com.tr\/index.php\/wp-json\/wp\/v2\/product_brand?post=760423"},{"taxonomy":"product_cat","embeddable":true,"href":"https:\/\/roveyayinevi.com.tr\/index.php\/wp-json\/wp\/v2\/product_cat?post=760423"},{"taxonomy":"product_tag","embeddable":true,"href":"https:\/\/roveyayinevi.com.tr\/index.php\/wp-json\/wp\/v2\/product_tag?post=760423"}],"curies":[{"name":"wp","href":"https:\/\/api.w.org\/{rel}","templated":true}]}}