{"id":760421,"date":"2025-08-28T09:05:00","date_gmt":"2025-08-28T06:05:00","guid":{"rendered":"https:\/\/roveyayinevi.com.tr\/index.php\/urun\/curm-u-azam\/"},"modified":"2026-04-16T03:13:10","modified_gmt":"2026-04-16T00:13:10","slug":"curm-u-azam","status":"publish","type":"product","link":"https:\/\/roveyayinevi.com.tr\/index.php\/urun\/curm-u-azam\/","title":{"rendered":"C\u00fcrm-\u00fc Azam"},"content":{"rendered":"<p>Aram Andonyan taraf\u0131ndan kaleme al\u0131nan ve Ermeni soyk\u0131r\u0131m\u0131 hakk\u0131ndaki, \u00f6zellikle de 1916\u2019da Suriye \u00e7\u00f6llerinde ya\u015fananlar konusundaki en \u00f6nemli kaynaklardan biri olan C\u00fcrm-\u00fc \u00c2zam Halep Muhacirin M\u00fcd\u00fcriyeti Ba\u015fk\u00e2tibi Naim Bey\u2019in Tan\u0131kl\u0131\u011f\u0131nda Ermeni Soyk\u0131r\u0131m\u0131, Naim Bey\u2019in Andonyan\u2019a teslim etti\u011fi el yazmas\u0131 notlar\u0131 ve Andonyan\u2019\u0131n derledi\u011fi bilgileri, telgraflar\u0131, resm\u00ee Osmanl\u0131 belgelerini ve birinci dereceden \u015fahitlerin tan\u0131kl\u0131klar\u0131n\u0131 i\u00e7eriyor. Andonyan\u2019\u0131n s\u00f6zleriyle, \u201cErmeni \u015fehadet yaz\u0131m\u0131nda eksik olan kurbanlar\u0131n sesini\u201d duyuran kitap, tehcirin ve katliamlar\u0131n \u00fczerinden hen\u00fcz birka\u00e7 y\u0131l ge\u00e7mi\u015fken tan\u0131kl\u0131klar\u0131n toplanm\u0131\u015f olmas\u0131 bak\u0131m\u0131ndan da ayr\u0131 bir \u00f6nem ve de\u011fer ta\u015f\u0131yor<\/p>\n","protected":false},"excerpt":{"rendered":"<p>Aram Andonyan taraf\u0131ndan kaleme al\u0131nan ve Ermeni soyk\u0131r\u0131m\u0131 hakk\u0131ndaki, \u00f6zellikle de 1916\u2019da Suriye \u00e7\u00f6llerinde ya\u015fananlar konusundaki en \u00f6nemli kaynaklardan biri olan C\u00fcrm-\u00fc \u00c2zam Halep Muhacirin M\u00fcd\u00fcriyeti<span class=\"excerpt-hellip\"> [\u2026]<\/span><\/p>\n","protected":false},"featured_media":0,"template":"","meta":{"_monsterinsights_skip_tracking":false,"_monsterinsights_sitenote_active":false,"_monsterinsights_sitenote_note":"","_monsterinsights_sitenote_category":0},"product_brand":[],"product_cat":[12370,12304],"product_tag":[],"class_list":{"0":"post-760421","1":"product","2":"type-product","3":"status-publish","5":"product_cat-arastirma-inceleme","6":"product_cat-tarih","7":"pa_cilt-ciltsiz","8":"pa_tur-kitap","9":"pa_yayinevi-aras-yayinlari","10":"pa_yazar-aram-andonyan","12":"first","13":"instock","14":"sale","15":"shipping-taxable","16":"purchasable","17":"product-type-simple"},"_links":{"self":[{"href":"https:\/\/roveyayinevi.com.tr\/index.php\/wp-json\/wp\/v2\/product\/760421","targetHints":{"allow":["GET"]}}],"collection":[{"href":"https:\/\/roveyayinevi.com.tr\/index.php\/wp-json\/wp\/v2\/product"}],"about":[{"href":"https:\/\/roveyayinevi.com.tr\/index.php\/wp-json\/wp\/v2\/types\/product"}],"wp:attachment":[{"href":"https:\/\/roveyayinevi.com.tr\/index.php\/wp-json\/wp\/v2\/media?parent=760421"}],"wp:term":[{"taxonomy":"product_brand","embeddable":true,"href":"https:\/\/roveyayinevi.com.tr\/index.php\/wp-json\/wp\/v2\/product_brand?post=760421"},{"taxonomy":"product_cat","embeddable":true,"href":"https:\/\/roveyayinevi.com.tr\/index.php\/wp-json\/wp\/v2\/product_cat?post=760421"},{"taxonomy":"product_tag","embeddable":true,"href":"https:\/\/roveyayinevi.com.tr\/index.php\/wp-json\/wp\/v2\/product_tag?post=760421"}],"curies":[{"name":"wp","href":"https:\/\/api.w.org\/{rel}","templated":true}]}}