{"id":760418,"date":"2025-08-28T09:04:56","date_gmt":"2025-08-28T06:04:56","guid":{"rendered":"https:\/\/roveyayinevi.com.tr\/index.php\/urun\/ermeni-basininda-lozan-baris-antlasmasi\/"},"modified":"2026-04-16T03:13:10","modified_gmt":"2026-04-16T00:13:10","slug":"ermeni-basininda-lozan-baris-antlasmasi","status":"publish","type":"product","link":"https:\/\/roveyayinevi.com.tr\/index.php\/urun\/ermeni-basininda-lozan-baris-antlasmasi\/","title":{"rendered":"Ermeni Bas\u0131n\u0131nda Lozan Bar\u0131\u015f Antla\u015fmas\u0131"},"content":{"rendered":"<p>T\u00fcrkiye Cumhuriyeti&#8217;nin s\u0131n\u0131rlar\u0131n\u0131 belirleyen, kapit\u00fclasyonlar\u0131n kald\u0131r\u0131lmas\u0131n\u0131n yan\u0131s\u0131ra bo\u011fazlar, Osmanl\u0131 bor\u00e7lar\u0131 vb sorunlara \u00e7\u00f6z\u00fcm getiren Lozan Bar\u0131\u015f Antla\u015fmas\u0131 bu anlamda, Cumhuriyetimizin d\u00fcnyada ba\u011f\u0131ms\u0131z bir devlet olarak kabul edilmesinin temellerini sa\u011flamla\u015ft\u0131ran bir kurulu\u015f belgesi olarak da tan\u0131mlanabilir. Ge\u00e7ti\u011fimiz y\u0131l y\u00fcz\u00fcnc\u00fc y\u0131l\u0131n\u0131 dolduran bu antla\u015fma, imzaland\u0131\u011f\u0131 g\u00fcnden itibaren de\u011fi\u015fik \u00e7evreler taraf\u0131ndan g\u00fcn\u00fcm\u00fcze kadar uzanan ve farkl\u0131 arg\u00fcmanlar \u00f6ne s\u00fcr\u00fclerek tart\u0131\u015f\u0131lagelen bir belge olmu\u015ftur. Lozan Bar\u0131\u015f Konferans\u0131&#8217;na, aralar\u0131nda ll. Me\u015frutiyet&#8217;ten sonra de\u011fi\u015fik Osmanl\u0131 kabinelerinde hariciye naz\u0131rl\u0131\u011f\u0131 yapan G. Noradunkyan Efendi ile Leon Pa\u015fal\u0131yan, Ahoranyan gibi \u00f6nemli isimlerin oldu\u011fu &#8216;Ermeni Heyeti&#8217;, isteklerini duyurmu\u015f; bunlar ba\u015fta Britanya temsilcisi Lord Curzon olmak \u00fczere kimi temsilci taraf\u0131ndan konferansta dile getirilmi\u015ftir. Ha\u00e7adur Nerseso\u011flu Ermeni Bas\u0131n\u0131nda Lozan Bar\u0131\u015f Antla\u015fmas\u0131 adl\u0131 \u00e7al\u0131\u015fmas\u0131nda, Ermeni bas\u0131n\u0131ndan \u00f6rnekler vererek dikkate de\u011fer yorumlar yap\u0131yor. Nerseso\u011flu, Ermenilerin s\u00fcre\u00e7 i\u00e7inde M\u00fcttefik Devletler&#8217;e olan g\u00fcvenlerinin azald\u0131\u011f\u0131n\u0131, ABD&#8217;den beklenti i\u00e7inde olduklar\u0131n\u0131, konferans\u0131n ba\u015f\u0131nda tarafs\u0131z oldu\u011fu halde Ermenilerin haklar\u0131n\u0131 savunan ABD&#8217;nin daha sonra \u00e7\u0131karlar\u0131 gere\u011fi bundan vazge\u00e7ti\u011fini vurguluyor. Konferansta sadece az\u0131nl\u0131klar b\u00f6l\u00fcm\u00fcnde g\u00f6r\u00fc\u015f\u00fclen Ermeni konusu da Ermeni Heyet&#8217;ini tatmin etmeyince da\u011f\u0131lan heyet, konferansa verilen aradan sonraki toplant\u0131ya tekrar gitmiyor. \u0130\u015fte Ha\u00e7adur Nerseso\u011flu bu kitab\u0131nda; Mudanya M\u00fctarekesi&#8217;nden ba\u015flayarak Lozan Bar\u0131\u015f Konferans\u0131 \u00f6ncesini, konferans s\u00fcreci ve sonras\u0131n\u0131 d\u00f6nemin Ermeni bas\u0131n\u0131n\u0131n \u00f6ndegelen yay\u0131n organlar\u0131n\u0131 tarayarak \u00e7ok \u00f6nemli bir \u00e7al\u0131\u015fmaya imza at\u0131yor. Zor bulunan ve \u00e7o\u011fu Ermeni ar\u015fivlerinden elde edilen karikat\u00fcr, \u00e7izim ve g\u00f6rsel malzemeler de kitaba ayr\u0131 bir de\u011fer kat\u0131yor. \u0130\u00e7indekiler; Lozan Bar\u0131\u015f Konferans\u0131 \u00d6ncesinde Ermeni Bas\u0131n\u0131, Lozan Bar\u0131\u015f Konferans\u0131 S\u00fcrecinde Ermeni Bas\u0131n\u0131 Lozan Bar\u0131\u015f Antla\u015fmas\u0131 ve Ermeni Bas\u0131n\u0131 <\/p>\n","protected":false},"excerpt":{"rendered":"<p>T\u00fcrkiye Cumhuriyeti&#8217;nin s\u0131n\u0131rlar\u0131n\u0131 belirleyen, kapit\u00fclasyonlar\u0131n kald\u0131r\u0131lmas\u0131n\u0131n yan\u0131s\u0131ra bo\u011fazlar, Osmanl\u0131 bor\u00e7lar\u0131 vb sorunlara \u00e7\u00f6z\u00fcm getiren Lozan Bar\u0131\u015f Antla\u015fmas\u0131 bu anlamda, Cumhuriyetimizin d\u00fcnyada ba\u011f\u0131ms\u0131z bir devlet olarak kabul<span class=\"excerpt-hellip\"> [\u2026]<\/span><\/p>\n","protected":false},"featured_media":0,"template":"","meta":{"_monsterinsights_skip_tracking":false,"_monsterinsights_sitenote_active":false,"_monsterinsights_sitenote_note":"","_monsterinsights_sitenote_category":0},"product_brand":[],"product_cat":[12370,12304],"product_tag":[],"class_list":{"0":"post-760418","1":"product","2":"type-product","3":"status-publish","5":"product_cat-arastirma-inceleme","6":"product_cat-tarih","7":"pa_cilt-ciltsiz","8":"pa_tur-kitap","9":"pa_yayinevi-literatur-yayinevi","10":"pa_yazar-hacadur-nersesoglu","12":"first","13":"instock","14":"sale","15":"shipping-taxable","16":"purchasable","17":"product-type-simple"},"_links":{"self":[{"href":"https:\/\/roveyayinevi.com.tr\/index.php\/wp-json\/wp\/v2\/product\/760418","targetHints":{"allow":["GET"]}}],"collection":[{"href":"https:\/\/roveyayinevi.com.tr\/index.php\/wp-json\/wp\/v2\/product"}],"about":[{"href":"https:\/\/roveyayinevi.com.tr\/index.php\/wp-json\/wp\/v2\/types\/product"}],"wp:attachment":[{"href":"https:\/\/roveyayinevi.com.tr\/index.php\/wp-json\/wp\/v2\/media?parent=760418"}],"wp:term":[{"taxonomy":"product_brand","embeddable":true,"href":"https:\/\/roveyayinevi.com.tr\/index.php\/wp-json\/wp\/v2\/product_brand?post=760418"},{"taxonomy":"product_cat","embeddable":true,"href":"https:\/\/roveyayinevi.com.tr\/index.php\/wp-json\/wp\/v2\/product_cat?post=760418"},{"taxonomy":"product_tag","embeddable":true,"href":"https:\/\/roveyayinevi.com.tr\/index.php\/wp-json\/wp\/v2\/product_tag?post=760418"}],"curies":[{"name":"wp","href":"https:\/\/api.w.org\/{rel}","templated":true}]}}