{"id":760417,"date":"2025-08-28T09:04:54","date_gmt":"2025-08-28T06:04:54","guid":{"rendered":"https:\/\/roveyayinevi.com.tr\/index.php\/urun\/ambrosia-2\/"},"modified":"2026-04-16T03:13:10","modified_gmt":"2026-04-16T00:13:10","slug":"ambrosia-2","status":"publish","type":"product","link":"https:\/\/roveyayinevi.com.tr\/index.php\/urun\/ambrosia-2\/","title":{"rendered":"Ambrosia"},"content":{"rendered":"<p>\u201cSEN\u0130N \u0130\u00c7\u0130N KRALLI\u011eIMI YERLE B\u0130R EDERD\u0130M.\u201d   Seelie Kral\u0131 Torin beni az kals\u0131n dondurarak \u00f6ld\u00fcrecekken,sihirli bir ge\u00e7ien ge\u00e7erek ger\u00e7ek evime g\u00f6nderilmi\u015ftim. Amag\u00f6r\u00fcnen o ki ger\u00e7ek evim, Ist\u0131rap Saray\u0131 olarak bilinen vah\u015fiUnseelie Krall\u0131\u011f\u0131\u2019yd\u0131. Torin beni takip ederek boynuzlar\u0131m\u0131g\u00f6rd\u00fc\u011f\u00fcnde m\u00fcstakbel gelininin krall\u0131\u011f\u0131n\u0131n d\u00fc\u015fmanlar\u0131ndan birioldu\u011funu anlam\u0131\u015ft\u0131. Benim t\u00fcr\u00fcmden olanlara \u201ciblis\u201d diyordu! Ne var ki bir Unseelie\u2019nin boynuzlar\u0131na sahip olmama ra\u011fmenburada da ho\u015f kar\u015f\u0131lanmam\u0131\u015ft\u0131m. Krali\u00e7e Mab ve korkun\u00e7askerleri beni bir hain olmakla su\u00e7larken bize i\u015fkence etmektenb\u00fcy\u00fck keyif al\u0131yorlard\u0131. Ist\u0131rap Saray\u0131\u2019ndan canl\u0131 \u00e7\u0131kmak i\u00e7intek umudumuz birbirimize olabildi\u011fince yak\u0131n kalmakt\u0131; bu at\u00fcst\u00fcnde birlikte ka\u00e7mak ve ayn\u0131 yata\u011f\u0131 payla\u015fmak anlam\u0131nagelse bile. Torin sevdi\u011fi her kad\u0131n\u0131 \u00f6ld\u00fcrmekle lanetlendi\u011fi i\u00e7inburadaki her an\u0131m\u0131z son an\u0131m\u0131z olabilirdi ve bu y\u00fczden her birsaniyemiz h\u00fcz\u00fcnl\u00fc ve bir o kadar b\u00fcy\u00fcleyiciydi.<\/p>\n","protected":false},"excerpt":{"rendered":"<p>\u201cSEN\u0130N \u0130\u00c7\u0130N KRALLI\u011eIMI YERLE B\u0130R EDERD\u0130M.\u201d Seelie Kral\u0131 Torin beni az kals\u0131n dondurarak \u00f6ld\u00fcrecekken,sihirli bir ge\u00e7ien ge\u00e7erek ger\u00e7ek evime g\u00f6nderilmi\u015ftim. Amag\u00f6r\u00fcnen o ki ger\u00e7ek evim, Ist\u0131rap<span class=\"excerpt-hellip\"> [\u2026]<\/span><\/p>\n","protected":false},"featured_media":0,"template":"","meta":{"_monsterinsights_skip_tracking":false,"_monsterinsights_sitenote_active":false,"_monsterinsights_sitenote_note":"","_monsterinsights_sitenote_category":0},"product_brand":[],"product_cat":[12291,14777],"product_tag":[],"class_list":{"0":"post-760417","1":"product","2":"type-product","3":"status-publish","5":"product_cat-edebiyat","6":"product_cat-fantastik","7":"pa_cilt-ciltsiz","8":"pa_tur-kitap","9":"pa_yayinevi-nemesis-kitap","10":"pa_yazar-c-n-crawford","12":"first","13":"instock","14":"sale","15":"shipping-taxable","16":"purchasable","17":"product-type-simple"},"_links":{"self":[{"href":"https:\/\/roveyayinevi.com.tr\/index.php\/wp-json\/wp\/v2\/product\/760417","targetHints":{"allow":["GET"]}}],"collection":[{"href":"https:\/\/roveyayinevi.com.tr\/index.php\/wp-json\/wp\/v2\/product"}],"about":[{"href":"https:\/\/roveyayinevi.com.tr\/index.php\/wp-json\/wp\/v2\/types\/product"}],"wp:attachment":[{"href":"https:\/\/roveyayinevi.com.tr\/index.php\/wp-json\/wp\/v2\/media?parent=760417"}],"wp:term":[{"taxonomy":"product_brand","embeddable":true,"href":"https:\/\/roveyayinevi.com.tr\/index.php\/wp-json\/wp\/v2\/product_brand?post=760417"},{"taxonomy":"product_cat","embeddable":true,"href":"https:\/\/roveyayinevi.com.tr\/index.php\/wp-json\/wp\/v2\/product_cat?post=760417"},{"taxonomy":"product_tag","embeddable":true,"href":"https:\/\/roveyayinevi.com.tr\/index.php\/wp-json\/wp\/v2\/product_tag?post=760417"}],"curies":[{"name":"wp","href":"https:\/\/api.w.org\/{rel}","templated":true}]}}