{"id":760413,"date":"2025-08-28T09:04:46","date_gmt":"2025-08-28T06:04:46","guid":{"rendered":"https:\/\/roveyayinevi.com.tr\/index.php\/urun\/gorevimiz-permakultur\/"},"modified":"2026-04-16T03:13:10","modified_gmt":"2026-04-16T00:13:10","slug":"gorevimiz-permakultur","status":"publish","type":"product","link":"https:\/\/roveyayinevi.com.tr\/index.php\/urun\/gorevimiz-permakultur\/","title":{"rendered":"G\u00f6revimiz Permak\u00fclt\u00fcr"},"content":{"rendered":"<p>Ekolojik ayak izinize dikkat edin!Fark\u0131nda olsak da olmasak da do\u011fan\u0131n ayr\u0131lmaz bir par\u00e7as\u0131y\u0131z. D\u00fcnya&#8217;daki varl\u0131\u011f\u0131m\u0131z\u0131 s\u00fcrd\u00fcrebilmek i\u00e7inse do\u011fayla dost kalmaya mecburuz. Peki, gelece\u011fimiz do\u011fan\u0131n c\u00f6mert ellerine teslimken \u00e7evreyi kirletip do\u011fal kaynaklar\u0131 t\u00fcketmek niye?\u0130nsan t\u00fcr\u00fc kendisini gezegenin mutlak h\u00e2kimi san\u0131p yar\u0131nlar yokmu\u015f gibi t\u00fcm kaynaklar\u0131 t\u00fcketme al\u0131\u015fkanl\u0131\u011f\u0131ndan bir t\u00fcrl\u00fc vazge\u00e7miyor. Do\u011fan\u0131n dengesi bozulduk\u00e7a da D\u00fcnyam\u0131z k\u0131rm\u0131z\u0131 alarma ge\u00e7iyor. Belki de de\u011fi\u015fime \u00f6nce kendimizden ba\u015flamal\u0131y\u0131z! Hayat tarz\u0131m\u0131z\u0131 yeniden \u015fekillendirerek, \u00e7evremizdeki canl\u0131larla uyum i\u00e7inde ya\u015faman\u0131n yollar\u0131n\u0131 arayarak ve permak\u00fclt\u00fcr\u00fc ya\u015fam\u0131n her alan\u0131na uygulayarak mavi gezegenin iyile\u015fmesine yard\u0131mc\u0131 olabiliriz.\u015eehirde arabayla ula\u015f\u0131m\u0131n yar\u0131s\u0131n\u0131n, \u00fc\u00e7 kilometreden daha k\u0131sa mesafeler i\u00e7in yap\u0131ld\u0131\u011f\u0131n\u0131 biliyor muydunuz? Yahut giysi i\u00e7in kullan\u0131lan pamu\u011fun do\u011fal olsa bile \u00fcretiminin fazla miktarda su gerektirdi\u011fini?Gezegenimizi koruyup kollay\u0131p, kaynaklar\u0131n\u0131 s\u00fcrd\u00fcr\u00fclebilir k\u0131lmay\u0131 ilke edinen &#8221;permak\u00fclt\u00fcr&#8221; kavram\u0131n\u0131 oda\u011f\u0131na alan G\u00f6revimiz Permak\u00fclt\u00fcr; enerji t\u00fcketimimizi olabildi\u011fince azaltmak ve onun ekosisteme verdi\u011fi zarar\u0131n \u00f6n\u00fcne ge\u00e7mek i\u00e7in sadece tar\u0131mda de\u011fil, hayat\u0131n hemen her alan\u0131nda farkl\u0131 \u00e7\u00f6z\u00fcm \u00f6nerileri getirilmesi gerekti\u011fini ileri s\u00fcr\u00fcyor. \u00c7evre bilinci kazand\u0131rmak amac\u0131yla haz\u0131rlanan &#8221;Gezegenimizi Koruyal\u0131m!&#8221; dizisinin &#8221;Al\u0131\u015fkanl\u0131klar\u0131m\u0131z\u0131 de\u011fi\u015ftirelim, se\u00e7imlerimizi yapal\u0131m!&#8221; demeyi \u00f6\u011freten bu halkas\u0131, e\u011flenceli oyunlar ve resimler e\u015fli\u011finde, permak\u00fclt\u00fcre dair A&#8217;dan Z&#8217;ye  bilgi veriyor; uygulamas\u0131 kolay \u00e7e\u015fitli y\u00f6ntemler ve ipu\u00e7lar\u0131 payla\u015farak okurlar\u0131 iyi birer permak\u00fclt\u00fcr oyuncusu olmaya te\u015fvik ediyor.Eylemlerimizin sorumlulu\u011funu \u00fcstlenmenin ve di\u011fer insanlara, canl\u0131lara ve gelecek nesillere zarar vermemek i\u00e7in se\u00e7imlerimizin nelere yol a\u00e7abilece\u011fini g\u00f6z \u00f6n\u00fcnde bulundurman\u0131n \u00f6nemine vurgu yapan bu yap\u0131c\u0131 kitap; do\u011fadan \u00f6\u011frenecek \u00e7ok \u015feyimiz oldu\u011funu hat\u0131rlat\u0131yor. Gelin, bir an \u00f6nce g\u00fc\u00e7lerimizi birle\u015ftirip \u00f6rnek &#8221;perma&#8221; vatanda\u015flara d\u00f6n\u00fc\u015felim.Ne de olsa D\u00fcnyam\u0131z\u0131 iyile\u015ftirmek ad\u0131na ataca\u011f\u0131m\u0131z hi\u00e7bir ad\u0131m i\u00e7in ge\u00e7 kalm\u0131\u015f say\u0131lmay\u0131z.<\/p>\n","protected":false},"excerpt":{"rendered":"<p>Ekolojik ayak izinize dikkat edin!Fark\u0131nda olsak da olmasak da do\u011fan\u0131n ayr\u0131lmaz bir par\u00e7as\u0131y\u0131z. D\u00fcnya&#8217;daki varl\u0131\u011f\u0131m\u0131z\u0131 s\u00fcrd\u00fcrebilmek i\u00e7inse do\u011fayla dost kalmaya mecburuz. Peki, gelece\u011fimiz do\u011fan\u0131n c\u00f6mert ellerine<span class=\"excerpt-hellip\"> [\u2026]<\/span><\/p>\n","protected":false},"featured_media":0,"template":"","meta":{"_monsterinsights_skip_tracking":false,"_monsterinsights_sitenote_active":false,"_monsterinsights_sitenote_note":"","_monsterinsights_sitenote_category":0},"product_brand":[],"product_cat":[12274,15842],"product_tag":[],"class_list":{"0":"post-760413","1":"product","2":"type-product","3":"status-publish","5":"product_cat-cocuk-ve-genclik-kitaplari","6":"product_cat-egitici-kitaplar","7":"pa_cilt-ciltsiz","8":"pa_tur-kitap","9":"pa_yayinevi-tudem-yayinlari","10":"pa_yazar-guizou","12":"first","13":"instock","14":"sale","15":"shipping-taxable","16":"purchasable","17":"product-type-simple"},"_links":{"self":[{"href":"https:\/\/roveyayinevi.com.tr\/index.php\/wp-json\/wp\/v2\/product\/760413","targetHints":{"allow":["GET"]}}],"collection":[{"href":"https:\/\/roveyayinevi.com.tr\/index.php\/wp-json\/wp\/v2\/product"}],"about":[{"href":"https:\/\/roveyayinevi.com.tr\/index.php\/wp-json\/wp\/v2\/types\/product"}],"wp:attachment":[{"href":"https:\/\/roveyayinevi.com.tr\/index.php\/wp-json\/wp\/v2\/media?parent=760413"}],"wp:term":[{"taxonomy":"product_brand","embeddable":true,"href":"https:\/\/roveyayinevi.com.tr\/index.php\/wp-json\/wp\/v2\/product_brand?post=760413"},{"taxonomy":"product_cat","embeddable":true,"href":"https:\/\/roveyayinevi.com.tr\/index.php\/wp-json\/wp\/v2\/product_cat?post=760413"},{"taxonomy":"product_tag","embeddable":true,"href":"https:\/\/roveyayinevi.com.tr\/index.php\/wp-json\/wp\/v2\/product_tag?post=760413"}],"curies":[{"name":"wp","href":"https:\/\/api.w.org\/{rel}","templated":true}]}}