{"id":760411,"date":"2025-08-28T09:04:43","date_gmt":"2025-08-28T06:04:43","guid":{"rendered":"https:\/\/roveyayinevi.com.tr\/index.php\/urun\/mobukonun-aski-7\/"},"modified":"2026-04-16T03:13:10","modified_gmt":"2026-04-16T00:13:10","slug":"mobukonun-aski-7","status":"publish","type":"product","link":"https:\/\/roveyayinevi.com.tr\/index.php\/urun\/mobukonun-aski-7\/","title":{"rendered":"Mobuko\u2019nun A\u015fk\u0131 7"},"content":{"rendered":"<p>Seninle aram\u0131zdaki t\u00fcm mesafeler kapan\u0131yor. O andan itibaren birbirimizi \u00f6pmeyi akl\u0131m\u0131zdan \u00e7\u0131karam\u0131yoruz&#8230; Heyecana veya \u015fa\u015fk\u0131nl\u0131\u011fa yenik d\u00fc\u015ferek hata yap\u0131p \u00fcz\u00fcld\u00fc\u011f\u00fcm\u00fcz de oluyor. Birini seviyorsan, her zaman oldu\u011fun halinle kalamazs\u0131n. Yine de&#8230; Seni daha \u00e7ok hissetmek istiyorum. Hislerimiz b\u00fcy\u00fcd\u00fck\u00e7e o \u00f6zel an ikimiz i\u00e7in de yakla\u015f\u0131yor.<\/p>\n","protected":false},"excerpt":{"rendered":"<p>Seninle aram\u0131zdaki t\u00fcm mesafeler kapan\u0131yor. O andan itibaren birbirimizi \u00f6pmeyi akl\u0131m\u0131zdan \u00e7\u0131karam\u0131yoruz&#8230; Heyecana veya \u015fa\u015fk\u0131nl\u0131\u011fa yenik d\u00fc\u015ferek hata yap\u0131p \u00fcz\u00fcld\u00fc\u011f\u00fcm\u00fcz de oluyor. Birini seviyorsan, her zaman<span class=\"excerpt-hellip\"> [\u2026]<\/span><\/p>\n","protected":false},"featured_media":0,"template":"","meta":{"_monsterinsights_skip_tracking":false,"_monsterinsights_sitenote_active":false,"_monsterinsights_sitenote_note":"","_monsterinsights_sitenote_category":0},"product_brand":[],"product_cat":[12416,12291],"product_tag":[],"class_list":{"0":"post-760411","1":"product","2":"type-product","3":"status-publish","5":"product_cat-cizgi-roman","6":"product_cat-edebiyat","7":"pa_cilt-ciltsiz","8":"pa_tur-kitap","9":"pa_yayinevi-kayip-kita-yayinlari","10":"pa_yazar-akane-tamura","12":"first","13":"instock","14":"sale","15":"shipping-taxable","16":"purchasable","17":"product-type-simple"},"_links":{"self":[{"href":"https:\/\/roveyayinevi.com.tr\/index.php\/wp-json\/wp\/v2\/product\/760411","targetHints":{"allow":["GET"]}}],"collection":[{"href":"https:\/\/roveyayinevi.com.tr\/index.php\/wp-json\/wp\/v2\/product"}],"about":[{"href":"https:\/\/roveyayinevi.com.tr\/index.php\/wp-json\/wp\/v2\/types\/product"}],"wp:attachment":[{"href":"https:\/\/roveyayinevi.com.tr\/index.php\/wp-json\/wp\/v2\/media?parent=760411"}],"wp:term":[{"taxonomy":"product_brand","embeddable":true,"href":"https:\/\/roveyayinevi.com.tr\/index.php\/wp-json\/wp\/v2\/product_brand?post=760411"},{"taxonomy":"product_cat","embeddable":true,"href":"https:\/\/roveyayinevi.com.tr\/index.php\/wp-json\/wp\/v2\/product_cat?post=760411"},{"taxonomy":"product_tag","embeddable":true,"href":"https:\/\/roveyayinevi.com.tr\/index.php\/wp-json\/wp\/v2\/product_tag?post=760411"}],"curies":[{"name":"wp","href":"https:\/\/api.w.org\/{rel}","templated":true}]}}