{"id":760402,"date":"2025-08-28T09:04:27","date_gmt":"2025-08-28T06:04:27","guid":{"rendered":"https:\/\/roveyayinevi.com.tr\/index.php\/urun\/iyi-olacaksin\/"},"modified":"2026-04-11T03:23:37","modified_gmt":"2026-04-11T00:23:37","slug":"iyi-olacaksin","status":"publish","type":"product","link":"https:\/\/roveyayinevi.com.tr\/index.php\/urun\/iyi-olacaksin\/","title":{"rendered":"\u0130yi Olacaks\u0131n"},"content":{"rendered":"<p>\u201c\u0130NSANIN KEND\u0130N\u0130 FETHETMES\u0130 ZAFERLER\u0130N EN B\u00dcY\u00dc\u011e\u00dcD\u00dcR.\u201d \u2013 PLATON   \u201cVincit qui se vincit\u201d Latince bir deyimdir ve T\u00fcrk\u00e7eye \u201cKendini yenen, galip gelir\u201d ya da \u201cKendini yenen yenilmezdir\u201d \u015feklinde \u00e7evrilebilir. Hal b\u00f6yle olunca zafer ne demektir?   Verdi\u011fin t\u00fcm i\u00e7sel m\u00fccadelenin sonucu zaferdir. Sen kendini a\u015farsan, s\u0131n\u0131rlar\u0131n\u0131 zorlarsan o zafer senindir. \u015eimdi soruyorum sana ruhu ay kalbi g\u00fcne\u015f olan\u0131m: Girdi\u011fimiz her m\u00fccadeleden daha da g\u00fc\u00e7lenerek \u00e7\u0131kmad\u0131k m\u0131? G\u00fc\u00e7lendik\u00e7e yenilmezli\u011fimizin tad\u0131na varmad\u0131k m\u0131? Yara ald\u0131\u011f\u0131m\u0131z her yerden Mevlana\u2019n\u0131n dedi\u011fi gibi \u015fifay\u0131 da ya\u015famad\u0131k m\u0131? Zafere ula\u015fmak i\u00e7in kendinle sava\u015fma, m\u00fccadeleni asla pes etmeden ver, i\u00e7indeki ate\u015fi s\u00f6nd\u00fcrmeden, engelleri a\u015fman\u0131n ve zirveye \u00e7\u0131kacak yolun \u0131\u015f\u0131\u011f\u0131n\u0131 bulman\u0131n keyfini ya\u015fa. O yol senden sana, o yol seninle&#8230;   \u00c7\u0131kmaz sand\u0131\u011f\u0131m\u0131z o yollardan \u00e7\u0131kabilir, say\u0131s\u0131z uyuyan ihtimali uyand\u0131rabiliriz. Ve hep tekrarlad\u0131\u011f\u0131m gibi t\u00fcm g\u00fc\u00e7 ve potansiyel sende.   Benim kahraman\u0131m, \u0131\u015f\u0131\u011f\u0131m, ruhu ay kalbi g\u00fcne\u015f olan\u0131m. Zaferin kutlu olsun.   Bu andan tezi yok biliyorum: Sen kendine do\u011facak, kendine umut olacaks\u0131n ve sana s\u00f6z veriyorum iyi olacaks\u0131n&#8230; <\/p>\n","protected":false},"excerpt":{"rendered":"<p>\u201c\u0130NSANIN KEND\u0130N\u0130 FETHETMES\u0130 ZAFERLER\u0130N EN B\u00dcY\u00dc\u011e\u00dcD\u00dcR.\u201d \u2013 PLATON \u201cVincit qui se vincit\u201d Latince bir deyimdir ve T\u00fcrk\u00e7eye \u201cKendini yenen, galip gelir\u201d ya da \u201cKendini yenen yenilmezdir\u201d<span class=\"excerpt-hellip\"> [\u2026]<\/span><\/p>\n","protected":false},"featured_media":0,"template":"","meta":{"_monsterinsights_skip_tracking":false,"_monsterinsights_sitenote_active":false,"_monsterinsights_sitenote_note":"","_monsterinsights_sitenote_category":0},"product_brand":[],"product_cat":[12364,12376],"product_tag":[],"class_list":{"0":"post-760402","1":"product","2":"type-product","3":"status-publish","5":"product_cat-genel-konular","6":"product_cat-kisisel-gelisim","7":"pa_cilt-ciltsiz","8":"pa_tur-kitap","9":"pa_yayinevi-destek-yayinlari","10":"pa_yazar-sibel-uzun","12":"first","13":"instock","14":"sale","15":"shipping-taxable","16":"purchasable","17":"product-type-simple"},"_links":{"self":[{"href":"https:\/\/roveyayinevi.com.tr\/index.php\/wp-json\/wp\/v2\/product\/760402","targetHints":{"allow":["GET"]}}],"collection":[{"href":"https:\/\/roveyayinevi.com.tr\/index.php\/wp-json\/wp\/v2\/product"}],"about":[{"href":"https:\/\/roveyayinevi.com.tr\/index.php\/wp-json\/wp\/v2\/types\/product"}],"wp:attachment":[{"href":"https:\/\/roveyayinevi.com.tr\/index.php\/wp-json\/wp\/v2\/media?parent=760402"}],"wp:term":[{"taxonomy":"product_brand","embeddable":true,"href":"https:\/\/roveyayinevi.com.tr\/index.php\/wp-json\/wp\/v2\/product_brand?post=760402"},{"taxonomy":"product_cat","embeddable":true,"href":"https:\/\/roveyayinevi.com.tr\/index.php\/wp-json\/wp\/v2\/product_cat?post=760402"},{"taxonomy":"product_tag","embeddable":true,"href":"https:\/\/roveyayinevi.com.tr\/index.php\/wp-json\/wp\/v2\/product_tag?post=760402"}],"curies":[{"name":"wp","href":"https:\/\/api.w.org\/{rel}","templated":true}]}}