{"id":760401,"date":"2025-08-28T09:04:25","date_gmt":"2025-08-28T06:04:25","guid":{"rendered":"https:\/\/roveyayinevi.com.tr\/index.php\/urun\/kotulerin-kaderi-yok-olmaktir\/"},"modified":"2026-04-16T03:13:10","modified_gmt":"2026-04-16T00:13:10","slug":"kotulerin-kaderi-yok-olmaktir","status":"publish","type":"product","link":"https:\/\/roveyayinevi.com.tr\/index.php\/urun\/kotulerin-kaderi-yok-olmaktir\/","title":{"rendered":"K\u00f6t\u00fclerin Kaderi Yok Olmakt\u0131r"},"content":{"rendered":"<p>TEKRAR BA\u015eLAYACA\u011eIM&#8230; BU K\u00d6T\u00dc KARAKTER\u0130N SONU \u00d6L\u00dcM OLMAYANA KADAR!   Zengin bir ailenin gayrime\u015fru \u00e7ocu\u011fu olarak do\u011fdum ve nefret edildim ama sonunda cehennem ailemden ka\u00e7t\u0131m&#8230;   Ancak ters harem oyununun k\u00f6tu\u0308 karakteri Penelope Eckhart olarak uyand\u0131m!   Ger\u00e7ek prenses ortaya \u00e7\u0131kmadan \u00f6nce be\u015f erkek kahramandan birini etkileyemezse onun i\u00e7in tek son \u00f6lu\u0308m olacakt\u0131r.   Bu \u00f6lu\u0308m kal\u0131m oyununda Penelope\u2019nin se\u00e7ece\u011fi son erkek kim olacak? <\/p>\n","protected":false},"excerpt":{"rendered":"<p>TEKRAR BA\u015eLAYACA\u011eIM&#8230; BU K\u00d6T\u00dc KARAKTER\u0130N SONU \u00d6L\u00dcM OLMAYANA KADAR! Zengin bir ailenin gayrime\u015fru \u00e7ocu\u011fu olarak do\u011fdum ve nefret edildim ama sonunda cehennem ailemden ka\u00e7t\u0131m&#8230; Ancak ters<span class=\"excerpt-hellip\"> [\u2026]<\/span><\/p>\n","protected":false},"featured_media":0,"template":"","meta":{"_monsterinsights_skip_tracking":false,"_monsterinsights_sitenote_active":false,"_monsterinsights_sitenote_note":"","_monsterinsights_sitenote_category":0},"product_brand":[],"product_cat":[12416,12291],"product_tag":[],"class_list":{"0":"post-760401","1":"product","2":"type-product","3":"status-publish","5":"product_cat-cizgi-roman","6":"product_cat-edebiyat","7":"pa_cilt-ciltsiz","8":"pa_tur-kitap","9":"pa_yayinevi-athica-yayinlari","10":"pa_yazar-gwon-gyeoeul","12":"first","13":"instock","14":"sale","15":"shipping-taxable","16":"purchasable","17":"product-type-simple"},"_links":{"self":[{"href":"https:\/\/roveyayinevi.com.tr\/index.php\/wp-json\/wp\/v2\/product\/760401","targetHints":{"allow":["GET"]}}],"collection":[{"href":"https:\/\/roveyayinevi.com.tr\/index.php\/wp-json\/wp\/v2\/product"}],"about":[{"href":"https:\/\/roveyayinevi.com.tr\/index.php\/wp-json\/wp\/v2\/types\/product"}],"wp:attachment":[{"href":"https:\/\/roveyayinevi.com.tr\/index.php\/wp-json\/wp\/v2\/media?parent=760401"}],"wp:term":[{"taxonomy":"product_brand","embeddable":true,"href":"https:\/\/roveyayinevi.com.tr\/index.php\/wp-json\/wp\/v2\/product_brand?post=760401"},{"taxonomy":"product_cat","embeddable":true,"href":"https:\/\/roveyayinevi.com.tr\/index.php\/wp-json\/wp\/v2\/product_cat?post=760401"},{"taxonomy":"product_tag","embeddable":true,"href":"https:\/\/roveyayinevi.com.tr\/index.php\/wp-json\/wp\/v2\/product_tag?post=760401"}],"curies":[{"name":"wp","href":"https:\/\/api.w.org\/{rel}","templated":true}]}}