{"id":760400,"date":"2025-08-28T09:04:24","date_gmt":"2025-08-28T06:04:24","guid":{"rendered":"https:\/\/roveyayinevi.com.tr\/index.php\/urun\/elma-2\/"},"modified":"2026-01-29T03:52:08","modified_gmt":"2026-01-29T00:52:08","slug":"elma-2","status":"publish","type":"product","link":"https:\/\/roveyayinevi.com.tr\/index.php\/urun\/elma-2\/","title":{"rendered":"Elma"},"content":{"rendered":"<p>\u201cToplumdan ve aileden \u00f6nce, ezeli ve ebedi olarak biz h\u00e2l\u00e2 Tanr\u0131\u2019n\u0131n bebekleriyiz.\u201d   \u201cBug\u00fcn bir\u00e7ok insan kendi elmas\u0131ndan bir \u0131s\u0131r\u0131k almadan d\u00fcnyadan ge\u00e7ip gidiyor. \u00c7\u00fcnk\u00fc kendin i\u00e7in bir \u015fey yapman\u0131n g\u00fcnah say\u0131lmas\u0131 h\u00e2l\u00e2 en eski bilgi olarak kan\u0131m\u0131zda y\u00fcr\u00fcyor.\u201d   En son ne zaman bir sebep, bir topluluk, bir ko\u015ful olmadan yaln\u0131zca kendiniz i\u00e7in hayatta kald\u0131n\u0131z? \u0130\u015fte bu kitap sizi kendi elman\u0131za ve o elmay\u0131 \u0131s\u0131rma cesaretine davet ediyor. Elmay\u0131 \u0131s\u0131r\u0131rsam d\u00fczenim bozulur, \u00f6n\u00fcmde engeller olu\u015fur korkunuza elman\u0131n de\u015fifresiyle e\u015flik ediyor:   Engelden eyleme, L\u00fctuftan l\u00fcgate, M\u00fck\u00e2fattan marifete, Adanm\u0131\u015fl\u0131ktan anlama&#8230;   Bu kitap hayatta keyifle ve kendinizle kalabilmenizin rehberi.   \u201cE\u011fer tepede \u2018ben\u2019 dedi\u011fimiz o merkez varsa, daha kapsay\u0131c\u0131 olacak, olanlara \u00e7ok boyutlu bakabileceksiniz. Ama en tepede yaln\u0131zca sahip oldu\u011funuz bir kimlik duruyorsa, a\u015fa\u011f\u0131da dal\u0131ndan d\u00fc\u015f\u00fcp \u00e7\u00fcr\u00fcm\u00fc\u015f elmalar g\u00f6receksiniz ve tatlar\u0131n\u0131 hep merak edeceksiniz.\u201d <\/p>\n","protected":false},"excerpt":{"rendered":"<p>\u201cToplumdan ve aileden \u00f6nce, ezeli ve ebedi olarak biz h\u00e2l\u00e2 Tanr\u0131\u2019n\u0131n bebekleriyiz.\u201d \u201cBug\u00fcn bir\u00e7ok insan kendi elmas\u0131ndan bir \u0131s\u0131r\u0131k almadan d\u00fcnyadan ge\u00e7ip gidiyor. \u00c7\u00fcnk\u00fc kendin i\u00e7in<span class=\"excerpt-hellip\"> [\u2026]<\/span><\/p>\n","protected":false},"featured_media":0,"template":"","meta":{"_monsterinsights_skip_tracking":false,"_monsterinsights_sitenote_active":false,"_monsterinsights_sitenote_note":"","_monsterinsights_sitenote_category":0},"product_brand":[],"product_cat":[12364,12376],"product_tag":[],"class_list":{"0":"post-760400","1":"product","2":"type-product","3":"status-publish","5":"product_cat-genel-konular","6":"product_cat-kisisel-gelisim","7":"pa_cilt-ciltsiz","8":"pa_tur-kitap","9":"pa_yayinevi-destek-yayinlari","10":"pa_yazar-saba-deniz-uzun","12":"first","13":"instock","14":"sale","15":"shipping-taxable","16":"purchasable","17":"product-type-simple"},"_links":{"self":[{"href":"https:\/\/roveyayinevi.com.tr\/index.php\/wp-json\/wp\/v2\/product\/760400","targetHints":{"allow":["GET"]}}],"collection":[{"href":"https:\/\/roveyayinevi.com.tr\/index.php\/wp-json\/wp\/v2\/product"}],"about":[{"href":"https:\/\/roveyayinevi.com.tr\/index.php\/wp-json\/wp\/v2\/types\/product"}],"wp:attachment":[{"href":"https:\/\/roveyayinevi.com.tr\/index.php\/wp-json\/wp\/v2\/media?parent=760400"}],"wp:term":[{"taxonomy":"product_brand","embeddable":true,"href":"https:\/\/roveyayinevi.com.tr\/index.php\/wp-json\/wp\/v2\/product_brand?post=760400"},{"taxonomy":"product_cat","embeddable":true,"href":"https:\/\/roveyayinevi.com.tr\/index.php\/wp-json\/wp\/v2\/product_cat?post=760400"},{"taxonomy":"product_tag","embeddable":true,"href":"https:\/\/roveyayinevi.com.tr\/index.php\/wp-json\/wp\/v2\/product_tag?post=760400"}],"curies":[{"name":"wp","href":"https:\/\/api.w.org\/{rel}","templated":true}]}}