{"id":760398,"date":"2025-08-28T09:04:21","date_gmt":"2025-08-28T06:04:21","guid":{"rendered":"https:\/\/roveyayinevi.com.tr\/index.php\/urun\/nlp-birak-sihir-dokunsun-hayatina\/"},"modified":"2026-04-15T03:25:08","modified_gmt":"2026-04-15T00:25:08","slug":"nlp-birak-sihir-dokunsun-hayatina","status":"publish","type":"product","link":"https:\/\/roveyayinevi.com.tr\/index.php\/urun\/nlp-birak-sihir-dokunsun-hayatina\/","title":{"rendered":"NLP-B\u0131rak Sihir Dokunsun Hayat\u0131na"},"content":{"rendered":"<p>NLP Ki\u015fisel M\u00fckemmelli\u011fin Sanat\u0131 ve Bilimi     Ger\u00e7ek potansiyelinizi a\u00e7\u0131\u011fa \u00e7\u0131karmak, hayat\u0131n\u0131z\u0131 d\u00f6n\u00fc\u015ft\u00fcrmek i\u00e7in NLP teorilerinin ve tekniklerinin basit ama ilgi \u00e7ekici bir \u015fekilde a\u00e7\u0131kland\u0131\u011f\u0131 bu kitapta, sizi geride tutan sorunlar\u0131n \u00fcstesinden gelecek teori ve ara\u00e7lar\u0131 bulacak, fobileriniz, depresyon, istemedi\u011finiz al\u0131\u015fkanl\u0131klar\u0131n\u0131z, stres, anksiyete veya \u00f6\u011frenme bozukluklar\u0131n\u0131z\u0131 iyile\u015ftirme yollar\u0131n\u0131 ke\u015ffedeceksiniz.   Bu kazan\u0131m\u0131n ard\u0131ndan da davran\u0131\u015flar\u0131n stratejisini ve yeniden \u00e7er\u00e7eveleme tekni\u011fini uygulayarak sigaray\u0131 b\u0131rakma, obezite, tak\u0131nt\u0131lar, erteleme al\u0131\u015fkanl\u0131\u011f\u0131 gibi olumsuz davran\u0131\u015flar\u0131n\u0131z\u0131 de\u011fi\u015ftirebilecek, \u00f6zg\u00fcven kazanma, s\u0131nav ba\u015far\u0131s\u0131n\u0131 art\u0131rma, topluluk \u00f6n\u00fcnde konu\u015fma cesareti kazanma gibi pozitif  davran\u0131\u015flar ve al\u0131\u015fkanl\u0131klar geli\u015ftirebileceksiniz.   Son olarak, NLP\u2019nin e\u015fsiz motivasyon ve stratejik hedef belirleme tekniklerini kullanarak i\u015f hayat\u0131nda, tak\u0131mlar\u0131n performans\u0131n\u0131 art\u0131racak, liderlik ve y\u00f6netim becerilerinizi g\u00fc\u00e7lendirecek, kurumsal ve bireysel hedeflerinize kolayca ula\u015facaks\u0131n\u0131z. <\/p>\n","protected":false},"excerpt":{"rendered":"<p>NLP Ki\u015fisel M\u00fckemmelli\u011fin Sanat\u0131 ve Bilimi Ger\u00e7ek potansiyelinizi a\u00e7\u0131\u011fa \u00e7\u0131karmak, hayat\u0131n\u0131z\u0131 d\u00f6n\u00fc\u015ft\u00fcrmek i\u00e7in NLP teorilerinin ve tekniklerinin basit ama ilgi \u00e7ekici bir \u015fekilde a\u00e7\u0131kland\u0131\u011f\u0131 bu kitapta,<span class=\"excerpt-hellip\"> [\u2026]<\/span><\/p>\n","protected":false},"featured_media":0,"template":"","meta":{"_monsterinsights_skip_tracking":false,"_monsterinsights_sitenote_active":false,"_monsterinsights_sitenote_note":"","_monsterinsights_sitenote_category":0},"product_brand":[],"product_cat":[12364,12376],"product_tag":[],"class_list":{"0":"post-760398","1":"product","2":"type-product","3":"status-publish","5":"product_cat-genel-konular","6":"product_cat-kisisel-gelisim","7":"pa_cilt-ciltsiz","8":"pa_tur-kitap","9":"pa_yayinevi-destek-yayinlari","10":"pa_yazar-gulay-pala-kislak","12":"first","13":"instock","14":"sale","15":"shipping-taxable","16":"purchasable","17":"product-type-simple"},"_links":{"self":[{"href":"https:\/\/roveyayinevi.com.tr\/index.php\/wp-json\/wp\/v2\/product\/760398","targetHints":{"allow":["GET"]}}],"collection":[{"href":"https:\/\/roveyayinevi.com.tr\/index.php\/wp-json\/wp\/v2\/product"}],"about":[{"href":"https:\/\/roveyayinevi.com.tr\/index.php\/wp-json\/wp\/v2\/types\/product"}],"wp:attachment":[{"href":"https:\/\/roveyayinevi.com.tr\/index.php\/wp-json\/wp\/v2\/media?parent=760398"}],"wp:term":[{"taxonomy":"product_brand","embeddable":true,"href":"https:\/\/roveyayinevi.com.tr\/index.php\/wp-json\/wp\/v2\/product_brand?post=760398"},{"taxonomy":"product_cat","embeddable":true,"href":"https:\/\/roveyayinevi.com.tr\/index.php\/wp-json\/wp\/v2\/product_cat?post=760398"},{"taxonomy":"product_tag","embeddable":true,"href":"https:\/\/roveyayinevi.com.tr\/index.php\/wp-json\/wp\/v2\/product_tag?post=760398"}],"curies":[{"name":"wp","href":"https:\/\/api.w.org\/{rel}","templated":true}]}}