{"id":760397,"date":"2025-08-28T09:04:19","date_gmt":"2025-08-28T06:04:19","guid":{"rendered":"https:\/\/roveyayinevi.com.tr\/index.php\/urun\/ne-gunah-islediysek-yari-yariya\/"},"modified":"2026-04-07T03:19:40","modified_gmt":"2026-04-07T00:19:40","slug":"ne-gunah-islediysek-yari-yariya","status":"publish","type":"product","link":"https:\/\/roveyayinevi.com.tr\/index.php\/urun\/ne-gunah-islediysek-yari-yariya\/","title":{"rendered":"Ne G\u00fcnah \u0130\u015flediysek Yar\u0131 Yar\u0131ya"},"content":{"rendered":"<p>\u201cA\u015eKI YEN\u0130DEN \u0130CAT ETMEL\u0130 BESBELL\u0130&#8230;\u201d \u2013 ARTHUR RIMBAUD   A\u015fk, akl\u0131n h\u00fck\u00fcms\u00fczle\u015fti\u011fi bir deneyim. Unutmay\u0131n ki insan irrasyonel bir varl\u0131kt\u0131r. Romantiktir, duygular\u0131yla hareket eder. \u0130nsan do\u011fdu\u011funda hayata akl\u0131yla\/zek\u00e2s\u0131yla\/rasyonelli\u011fiyle de\u011fil, i\u00e7g\u00fcd\u00fcleriyle kat\u0131l\u0131r. \u0130nsan\u0131n en eski dili, duygular\u0131, arzular\u0131 ve itkileridir. Akl\u0131 sonradan icat etmi\u015ftir. Rasyonelli\u011fi, sonradan edinmi\u015ftir. A\u015fk, insan\u0131n ak\u0131ldan\/zek\u00e2dan\/rasyonellikten \u00e7ok \u00f6nce tan\u0131d\u0131\u011f\u0131 bir duygu, bir deneyim, bir ihtiya\u00e7, bir arzu, bir itki&#8230; Bu y\u00fczden sevilmeye duyulan ihtiya\u00e7, \u00e7o\u011fu zaman yemeden, i\u00e7meden, paradan, unvanlardan, \u015f\u00f6hretten \u00e7ok daha elzemdir.   Filozoflar, sanatk\u00e2rlar, yazarlar, bilimadamlar\u0131, \u00e2limler, mucitler, dehalar, k\u00e2\u015fifler&#8230; Onlar bile a\u015fk kar\u015f\u0131s\u0131nda en s\u0131radan insandan daha g\u00fc\u00e7l\u00fc ve bilge de\u011fillerdir. A\u015fk hepimizi e\u015fitler&#8230; Zengini de \u00f6l\u00fcr fakiri de, \u00e2limi de \u00f6l\u00fcr cahili de&#8230;   \u0130nsanlar a\u015fkta ve \u00f6l\u00fcmde e\u015fitlenirler. <\/p>\n","protected":false},"excerpt":{"rendered":"<p>\u201cA\u015eKI YEN\u0130DEN \u0130CAT ETMEL\u0130 BESBELL\u0130&#8230;\u201d \u2013 ARTHUR RIMBAUD A\u015fk, akl\u0131n h\u00fck\u00fcms\u00fczle\u015fti\u011fi bir deneyim. Unutmay\u0131n ki insan irrasyonel bir varl\u0131kt\u0131r. Romantiktir, duygular\u0131yla hareket eder. \u0130nsan do\u011fdu\u011funda hayata<span class=\"excerpt-hellip\"> [\u2026]<\/span><\/p>\n","protected":false},"featured_media":0,"template":"","meta":{"_monsterinsights_skip_tracking":false,"_monsterinsights_sitenote_active":false,"_monsterinsights_sitenote_note":"","_monsterinsights_sitenote_category":0},"product_brand":[],"product_cat":[20502,12357],"product_tag":[],"class_list":{"0":"post-760397","1":"product","2":"type-product","3":"status-publish","5":"product_cat-basvuru-kitaplari-psikoloji","6":"product_cat-psikoloji","7":"pa_cilt-ciltsiz","8":"pa_tur-kitap","9":"pa_yayinevi-destek-yayinlari","10":"pa_yazar-mesud-topal","12":"first","13":"instock","14":"sale","15":"shipping-taxable","16":"purchasable","17":"product-type-simple"},"_links":{"self":[{"href":"https:\/\/roveyayinevi.com.tr\/index.php\/wp-json\/wp\/v2\/product\/760397","targetHints":{"allow":["GET"]}}],"collection":[{"href":"https:\/\/roveyayinevi.com.tr\/index.php\/wp-json\/wp\/v2\/product"}],"about":[{"href":"https:\/\/roveyayinevi.com.tr\/index.php\/wp-json\/wp\/v2\/types\/product"}],"wp:attachment":[{"href":"https:\/\/roveyayinevi.com.tr\/index.php\/wp-json\/wp\/v2\/media?parent=760397"}],"wp:term":[{"taxonomy":"product_brand","embeddable":true,"href":"https:\/\/roveyayinevi.com.tr\/index.php\/wp-json\/wp\/v2\/product_brand?post=760397"},{"taxonomy":"product_cat","embeddable":true,"href":"https:\/\/roveyayinevi.com.tr\/index.php\/wp-json\/wp\/v2\/product_cat?post=760397"},{"taxonomy":"product_tag","embeddable":true,"href":"https:\/\/roveyayinevi.com.tr\/index.php\/wp-json\/wp\/v2\/product_tag?post=760397"}],"curies":[{"name":"wp","href":"https:\/\/api.w.org\/{rel}","templated":true}]}}