{"id":760395,"date":"2025-08-28T09:04:16","date_gmt":"2025-08-28T06:04:16","guid":{"rendered":"https:\/\/roveyayinevi.com.tr\/index.php\/urun\/zihnini-yeniden-yapilandir\/"},"modified":"2026-04-16T03:13:10","modified_gmt":"2026-04-16T00:13:10","slug":"zihnini-yeniden-yapilandir","status":"publish","type":"product","link":"https:\/\/roveyayinevi.com.tr\/index.php\/urun\/zihnini-yeniden-yapilandir\/","title":{"rendered":"Zihnini Yeniden Yap\u0131land\u0131r"},"content":{"rendered":"<p>\u0130nsan tepkileri i\u00e7inde en belirgini, ger\u00e7e\u011fi reddetmektir.  Matrix   \u0130ll\u00fczyonu fark edebildi\u011finde, hakikati deneyimleyeceksin. Zihin hareketlerini g\u00f6zlemledi\u011finde, d\u00fc\u015f\u00fcncelerin y\u00f6netilebilece\u011fini \u00f6\u011freneceksin. Oyunu kurallar\u0131na g\u00f6re oynad\u0131\u011f\u0131nda, hayat\u0131n\u0131n nas\u0131l de\u011fi\u015fti\u011fini g\u00f6receksin. <\/p>\n","protected":false},"excerpt":{"rendered":"<p>\u0130nsan tepkileri i\u00e7inde en belirgini, ger\u00e7e\u011fi reddetmektir. Matrix \u0130ll\u00fczyonu fark edebildi\u011finde, hakikati deneyimleyeceksin. Zihin hareketlerini g\u00f6zlemledi\u011finde, d\u00fc\u015f\u00fcncelerin y\u00f6netilebilece\u011fini \u00f6\u011freneceksin. Oyunu kurallar\u0131na g\u00f6re oynad\u0131\u011f\u0131nda, hayat\u0131n\u0131n nas\u0131l de\u011fi\u015fti\u011fini<span class=\"excerpt-hellip\"> [\u2026]<\/span><\/p>\n","protected":false},"featured_media":0,"template":"","meta":{"_monsterinsights_skip_tracking":false,"_monsterinsights_sitenote_active":false,"_monsterinsights_sitenote_note":"","_monsterinsights_sitenote_category":0},"product_brand":[],"product_cat":[12364,12376],"product_tag":[],"class_list":{"0":"post-760395","1":"product","2":"type-product","3":"status-publish","5":"product_cat-genel-konular","6":"product_cat-kisisel-gelisim","7":"pa_cilt-ciltsiz","8":"pa_tur-kitap","9":"pa_yayinevi-destek-yayinlari","10":"pa_yazar-volkan-erkan","12":"first","13":"instock","14":"sale","15":"shipping-taxable","16":"purchasable","17":"product-type-simple"},"_links":{"self":[{"href":"https:\/\/roveyayinevi.com.tr\/index.php\/wp-json\/wp\/v2\/product\/760395","targetHints":{"allow":["GET"]}}],"collection":[{"href":"https:\/\/roveyayinevi.com.tr\/index.php\/wp-json\/wp\/v2\/product"}],"about":[{"href":"https:\/\/roveyayinevi.com.tr\/index.php\/wp-json\/wp\/v2\/types\/product"}],"wp:attachment":[{"href":"https:\/\/roveyayinevi.com.tr\/index.php\/wp-json\/wp\/v2\/media?parent=760395"}],"wp:term":[{"taxonomy":"product_brand","embeddable":true,"href":"https:\/\/roveyayinevi.com.tr\/index.php\/wp-json\/wp\/v2\/product_brand?post=760395"},{"taxonomy":"product_cat","embeddable":true,"href":"https:\/\/roveyayinevi.com.tr\/index.php\/wp-json\/wp\/v2\/product_cat?post=760395"},{"taxonomy":"product_tag","embeddable":true,"href":"https:\/\/roveyayinevi.com.tr\/index.php\/wp-json\/wp\/v2\/product_tag?post=760395"}],"curies":[{"name":"wp","href":"https:\/\/api.w.org\/{rel}","templated":true}]}}