{"id":760393,"date":"2025-08-28T09:04:13","date_gmt":"2025-08-28T06:04:13","guid":{"rendered":"https:\/\/roveyayinevi.com.tr\/index.php\/urun\/ayrinti-dergi-bahar-2024-45-sayi\/"},"modified":"2026-04-16T03:13:10","modified_gmt":"2026-04-16T00:13:10","slug":"ayrinti-dergi-bahar-2024-45-sayi","status":"publish","type":"product","link":"https:\/\/roveyayinevi.com.tr\/index.php\/urun\/ayrinti-dergi-bahar-2024-45-sayi\/","title":{"rendered":"Ayr\u0131nt\u0131 Dergi Bahar 2024 (45. Say\u0131)"},"content":{"rendered":"<p>Bu say\u0131m\u0131z\u0131n dosya konusunda, sol siyasetin kadim teorik meselelerini gu\u0308ncel siyasal geli\u015fmeler, imk\u00e2nlar ve s\u0131n\u0131rl\u0131l\u0131klar do\u011frultusunda irdeliyoruz. Gu\u0308nu\u0308mu\u0308z siyasal ba\u011flam\u0131nda sol de\u011ferlerin ta\u015f\u0131d\u0131\u011f\u0131 \u00f6nemi vurgulayarak, mevcut tart\u0131\u015fmalar\u0131 ve teorik geli\u015fmeleri incelemeyi hedefliyoruz. \u00d6zellikle 2023 y\u0131l\u0131 May\u0131s ay\u0131nda ger\u00e7ekle\u015fen se\u00e7imlerin ard\u0131ndan Tu\u0308rkiye\u2019de siyasal alan\u0131n se\u00e7imlerin yasal ve kurumsal yap\u0131s\u0131 i\u00e7ine hapsedilmi\u015fli\u011fi bir kez daha ac\u0131 bir ger\u00e7ek olarak kar\u015f\u0131m\u0131za \u00e7\u0131kt\u0131. Mevcut rejimin otoriter karakterinin yan\u0131 s\u0131ra, muhalif gu\u0308\u00e7lerin r\u0131zas\u0131 siyasal alan\u0131n toplumsal itiraz anlar\u0131n\u0131, hak mu\u0308cadelelerini ve sokak protestolar\u0131n\u0131 d\u0131\u015flayacak ve hatta kriminalle\u015ftirecek \u015fekilde yeniden bi\u00e7imlenmesine neden oldu. Se\u00e7imlerde AKP\u2019nin iktidar\u0131n\u0131n su\u0308rdu\u0308recek sonu\u00e7lar\u0131 almas\u0131 bu durumun hem taktik hem stratejik olarak yeniden sorgulanmas\u0131 i\u00e7in bir f\u0131rsat sundu. Sol Teori ve Pratik I ve II say\u0131lar\u0131 arac\u0131l\u0131\u011f\u0131yla, bu sorgulamay\u0131 sol fikrini tart\u0131\u015fmaya a\u00e7an genel bir yeniden de\u011ferlendirme olarak yapmay\u0131 ve bu do\u011frultuda siyasal olarak mu\u0308mku\u0308n olana dair tahayyu\u0308lu\u0308 geni\u015fletecek bir mu\u0308dahalede bulunmay\u0131 ama\u00e7lad\u0131k. <\/p>\n","protected":false},"excerpt":{"rendered":"<p>Bu say\u0131m\u0131z\u0131n dosya konusunda, sol siyasetin kadim teorik meselelerini gu\u0308ncel siyasal geli\u015fmeler, imk\u00e2nlar ve s\u0131n\u0131rl\u0131l\u0131klar do\u011frultusunda irdeliyoruz. Gu\u0308nu\u0308mu\u0308z siyasal ba\u011flam\u0131nda sol de\u011ferlerin ta\u015f\u0131d\u0131\u011f\u0131 \u00f6nemi vurgulayarak, mevcut<span class=\"excerpt-hellip\"> [\u2026]<\/span><\/p>\n","protected":false},"featured_media":0,"template":"","meta":{"_monsterinsights_skip_tracking":false,"_monsterinsights_sitenote_active":false,"_monsterinsights_sitenote_note":"","_monsterinsights_sitenote_category":0},"product_brand":[],"product_cat":[13527],"product_tag":[],"class_list":{"0":"post-760393","1":"product","2":"type-product","3":"status-publish","5":"product_cat-sureli-yayinlar","6":"pa_cilt-ciltsiz","7":"pa_tur-dergi","8":"pa_yayinevi-ayrinti-yayinlari","9":"pa_yazar-kolektif","11":"first","12":"instock","13":"sale","14":"shipping-taxable","15":"purchasable","16":"product-type-simple"},"_links":{"self":[{"href":"https:\/\/roveyayinevi.com.tr\/index.php\/wp-json\/wp\/v2\/product\/760393","targetHints":{"allow":["GET"]}}],"collection":[{"href":"https:\/\/roveyayinevi.com.tr\/index.php\/wp-json\/wp\/v2\/product"}],"about":[{"href":"https:\/\/roveyayinevi.com.tr\/index.php\/wp-json\/wp\/v2\/types\/product"}],"wp:attachment":[{"href":"https:\/\/roveyayinevi.com.tr\/index.php\/wp-json\/wp\/v2\/media?parent=760393"}],"wp:term":[{"taxonomy":"product_brand","embeddable":true,"href":"https:\/\/roveyayinevi.com.tr\/index.php\/wp-json\/wp\/v2\/product_brand?post=760393"},{"taxonomy":"product_cat","embeddable":true,"href":"https:\/\/roveyayinevi.com.tr\/index.php\/wp-json\/wp\/v2\/product_cat?post=760393"},{"taxonomy":"product_tag","embeddable":true,"href":"https:\/\/roveyayinevi.com.tr\/index.php\/wp-json\/wp\/v2\/product_tag?post=760393"}],"curies":[{"name":"wp","href":"https:\/\/api.w.org\/{rel}","templated":true}]}}