{"id":760392,"date":"2025-08-28T09:04:11","date_gmt":"2025-08-28T06:04:11","guid":{"rendered":"https:\/\/roveyayinevi.com.tr\/index.php\/urun\/gul-kuyusu-1\/"},"modified":"2026-04-16T03:13:10","modified_gmt":"2026-04-16T00:13:10","slug":"gul-kuyusu-1","status":"publish","type":"product","link":"https:\/\/roveyayinevi.com.tr\/index.php\/urun\/gul-kuyusu-1\/","title":{"rendered":"G\u00fcl Kuyusu 1"},"content":{"rendered":"<p>\u00b7         KARTPOSTAL HED\u0130YEL\u0130   G\u00fcl\u00e7ehre, \u00e7i\u00e7ekleriyle ilgilenmeyi seven, manga okuyup s\u00fcrekli k-drama izleyen ve ayn\u0131 zamanda \u00fcniversite s\u0131nav\u0131na haz\u0131rlanan normal bir k\u0131zd\u0131r. Bir g\u00fcn hayat\u0131na hi\u00e7 beklemedi\u011fi bir \u015fekilde, okudu\u011fu mangalar ve izledi\u011fi k-dramalardaki ba\u015frol erkek karakterleri aratmayan bir adam girer. Bu esrarengiz adam\u0131n geli\u015fiyle, G\u00fcl\u00e7ehre birdenbire s\u0131radan hayat\u0131n\u0131n ba\u015frol\u00fcne d\u00f6n\u00fc\u015f\u00fcr.   Sal\u0131nca\u011f\u0131n \u00fczerinde duruyordum, sal\u0131nca\u011f\u0131n halatlar\u0131n\u0131 daha s\u0131k\u0131 tuttu. \u201cSenin i\u00e7in buraday\u0131m, G\u00fcl Kuyusu.\u201d Ye\u015fil g\u00f6zlerine bakt\u0131m. \u201c\u00d6zg\u00fcr\u00fcm,\u201d diye f\u0131s\u0131ldad\u0131m ya\u011fmur damlalar\u0131 y\u00fcz\u00fcmden g\u00f6zya\u015flar\u0131 gibi kayarken. \u201c\u00d6zg\u00fcrs\u00fcn,\u201d dedi. <\/p>\n","protected":false},"excerpt":{"rendered":"<p>\u00b7 KARTPOSTAL HED\u0130YEL\u0130 G\u00fcl\u00e7ehre, \u00e7i\u00e7ekleriyle ilgilenmeyi seven, manga okuyup s\u00fcrekli k-drama izleyen ve ayn\u0131 zamanda \u00fcniversite s\u0131nav\u0131na haz\u0131rlanan normal bir k\u0131zd\u0131r. Bir g\u00fcn hayat\u0131na hi\u00e7 beklemedi\u011fi<span class=\"excerpt-hellip\"> [\u2026]<\/span><\/p>\n","protected":false},"featured_media":0,"template":"","meta":{"_monsterinsights_skip_tracking":false,"_monsterinsights_sitenote_active":false,"_monsterinsights_sitenote_note":"","_monsterinsights_sitenote_category":0},"product_brand":[],"product_cat":[12291,12711],"product_tag":[],"class_list":{"0":"post-760392","1":"product","2":"type-product","3":"status-publish","5":"product_cat-edebiyat","6":"product_cat-roman-oyku","7":"pa_cilt-ciltsiz","8":"pa_tur-kitap","9":"pa_yayinevi-dokuz-yayinlari","10":"pa_yazar-binnur-safak-nigiz","12":"first","13":"instock","14":"sale","15":"shipping-taxable","16":"purchasable","17":"product-type-simple"},"_links":{"self":[{"href":"https:\/\/roveyayinevi.com.tr\/index.php\/wp-json\/wp\/v2\/product\/760392","targetHints":{"allow":["GET"]}}],"collection":[{"href":"https:\/\/roveyayinevi.com.tr\/index.php\/wp-json\/wp\/v2\/product"}],"about":[{"href":"https:\/\/roveyayinevi.com.tr\/index.php\/wp-json\/wp\/v2\/types\/product"}],"wp:attachment":[{"href":"https:\/\/roveyayinevi.com.tr\/index.php\/wp-json\/wp\/v2\/media?parent=760392"}],"wp:term":[{"taxonomy":"product_brand","embeddable":true,"href":"https:\/\/roveyayinevi.com.tr\/index.php\/wp-json\/wp\/v2\/product_brand?post=760392"},{"taxonomy":"product_cat","embeddable":true,"href":"https:\/\/roveyayinevi.com.tr\/index.php\/wp-json\/wp\/v2\/product_cat?post=760392"},{"taxonomy":"product_tag","embeddable":true,"href":"https:\/\/roveyayinevi.com.tr\/index.php\/wp-json\/wp\/v2\/product_tag?post=760392"}],"curies":[{"name":"wp","href":"https:\/\/api.w.org\/{rel}","templated":true}]}}