{"id":760391,"date":"2025-08-28T09:04:10","date_gmt":"2025-08-28T06:04:10","guid":{"rendered":"https:\/\/roveyayinevi.com.tr\/index.php\/urun\/ressamlarresimler\/"},"modified":"2026-04-16T03:13:10","modified_gmt":"2026-04-16T00:13:10","slug":"ressamlarresimler","status":"publish","type":"product","link":"https:\/\/roveyayinevi.com.tr\/index.php\/urun\/ressamlarresimler\/","title":{"rendered":"RessamlarResimler"},"content":{"rendered":"<p>G\u00fczel Sanatlar\u0131n ilki ve \u00f6nc\u00fcs\u00fc olsa gerek resim. Zira, d\u00fcnyan\u0131n herhangi bir yerinde bulunan bir ma\u011faradaki \u00e7izimlerin 20-25 bin y\u0131l \u00f6ncesine tarihlendi\u011fine dair haberlerle kar\u015f\u0131la\u015f\u0131yoruz, \u00e7e\u015fitli zaman aral\u0131klar\u0131nda. Yaz\u0131dan daha evvel, insanl\u0131k tarihinin ba\u015flang\u0131c\u0131na dair delillerin en ba\u015f\u0131nda geliyor ayn\u0131 zamanda bu arkeolojik bulgular. Picasso\u2019nun, Lascaux\/Fransa\u2019da bulunan ma\u011faradaki resimleri ilk g\u00f6rd\u00fc\u011f\u00fcnde; \u201cOn yedi bin y\u0131ld\u0131r yeni hi\u00e7bir \u015fey \u00f6\u011frenmemi\u015fiz.\u201d dedi\u011fi s\u00f6ylenir. Oysa, tarihin, yaz\u0131n\u0131n bulunmas\u0131 ile ba\u015flad\u0131\u011f\u0131 kabul g\u00f6r\u00fcr, malum. Bu hesapla insanl\u0131k tarihinin 5 bin ila 5.500 y\u0131ll\u0131k b\u00f6l\u00fcm\u00fcnden haberdar\u0131z. Fakat insan var oldu\u011fu g\u00fcnden beri, varl\u0131\u011f\u0131n\u0131 kan\u0131tlamak istercesine eserler b\u0131rakm\u0131\u015f adeta. \u00c7e\u015fitli saiklerle ortaya \u00e7\u0131kan bu eserlerin pek \u00e7o\u011fu resim veya \u00e7izimler. Kimi zaman bir vah\u015fi hayvan\u0131, kimi zaman ya\u015fad\u0131\u011f\u0131 bir olay\u0131, ma\u011fara duvarlar\u0131na, ta\u015flara, hatta a\u011fa\u00e7 kabuklar\u0131na \u00e7izmi\u015f insano\u011flu, elinde var olan imk\u00e2nlarla.  Bu nedenle k\u00f6keni belki de insanl\u0131k kadar eski, resim ve \u00e7izginin. Di\u011fer taraftan, g\u00f6ze ve ruha hitap etme \u00f6zelli\u011fi ile sanata hi\u00e7 ilgi duymayanlar\u0131 bile kendine \u00e7eken bir yan\u0131 oldu\u011fu ku\u015fkusuz. Hele ki foto\u011fraf\u0131n ve akabinde sinema ve benzeri ke\u015fiflerin hen\u00fcz iki y\u00fcz y\u0131la bile varmayan ge\u00e7mi\u015fleri g\u00f6z \u00f6n\u00fcne al\u0131nd\u0131\u011f\u0131nda de\u011feri daha fazla \u00f6ne \u00e7\u0131k\u0131yor. Kitab\u0131n hareket noktas\u0131 da bu asl\u0131nda; resim sanat\u0131na ilgi duyan, duymayan, ya da bir \u015fekilde bu sanat\u0131n b\u00fcy\u00fcs\u00fcne kap\u0131lan herkese hitap etmek. Bu sanat\u0131n mihenk ta\u015f\u0131 olmu\u015f, 100\u2019den fazla ressam\u0131n k\u0131sa hayat hikayeleri ve 300\u2019den fazla resmi ile zenginle\u015fen bu kitap, herkesin evinde bulunmas\u0131 gereken bir ba\u015fvuru kitab\u0131 niteli\u011finde, ayn\u0131 zamanda, Okuyucular\u0131m\u0131zla birlikte \u00e7\u0131kt\u0131\u011f\u0131m\u0131z, \u00abdo\u011fru rota ile yeni ufuklara\u00bb yolculu\u011fumuz, \u00abRessamlaRResimleR\u00bb  adl\u0131, hem g\u00f6ze ve hem de ruhumuza hitap eden, bu harika kitab\u0131m\u0131zla devam ediyor.  <\/p>\n","protected":false},"excerpt":{"rendered":"<p>G\u00fczel Sanatlar\u0131n ilki ve \u00f6nc\u00fcs\u00fc olsa gerek resim. Zira, d\u00fcnyan\u0131n herhangi bir yerinde bulunan bir ma\u011faradaki \u00e7izimlerin 20-25 bin y\u0131l \u00f6ncesine tarihlendi\u011fine dair haberlerle kar\u015f\u0131la\u015f\u0131yoruz, \u00e7e\u015fitli<span class=\"excerpt-hellip\"> [\u2026]<\/span><\/p>\n","protected":false},"featured_media":0,"template":"","meta":{"_monsterinsights_skip_tracking":false,"_monsterinsights_sitenote_active":false,"_monsterinsights_sitenote_note":"","_monsterinsights_sitenote_category":0},"product_brand":[],"product_cat":[15733,12408],"product_tag":[],"class_list":{"0":"post-760391","1":"product","2":"type-product","3":"status-publish","5":"product_cat-resim","6":"product_cat-sanat","7":"pa_cilt-ciltsiz","8":"pa_tur-kitap","9":"pa_yayinevi-kaptan-kitap","10":"pa_yazar-hakan-karci","12":"first","13":"instock","14":"sale","15":"shipping-taxable","16":"purchasable","17":"product-type-simple"},"_links":{"self":[{"href":"https:\/\/roveyayinevi.com.tr\/index.php\/wp-json\/wp\/v2\/product\/760391","targetHints":{"allow":["GET"]}}],"collection":[{"href":"https:\/\/roveyayinevi.com.tr\/index.php\/wp-json\/wp\/v2\/product"}],"about":[{"href":"https:\/\/roveyayinevi.com.tr\/index.php\/wp-json\/wp\/v2\/types\/product"}],"wp:attachment":[{"href":"https:\/\/roveyayinevi.com.tr\/index.php\/wp-json\/wp\/v2\/media?parent=760391"}],"wp:term":[{"taxonomy":"product_brand","embeddable":true,"href":"https:\/\/roveyayinevi.com.tr\/index.php\/wp-json\/wp\/v2\/product_brand?post=760391"},{"taxonomy":"product_cat","embeddable":true,"href":"https:\/\/roveyayinevi.com.tr\/index.php\/wp-json\/wp\/v2\/product_cat?post=760391"},{"taxonomy":"product_tag","embeddable":true,"href":"https:\/\/roveyayinevi.com.tr\/index.php\/wp-json\/wp\/v2\/product_tag?post=760391"}],"curies":[{"name":"wp","href":"https:\/\/api.w.org\/{rel}","templated":true}]}}