{"id":760387,"date":"2025-08-28T09:04:03","date_gmt":"2025-08-28T06:04:03","guid":{"rendered":"https:\/\/roveyayinevi.com.tr\/index.php\/urun\/define-adasi-cizgi-roman\/"},"modified":"2026-02-02T03:20:15","modified_gmt":"2026-02-02T00:20:15","slug":"define-adasi-cizgi-roman","status":"publish","type":"product","link":"https:\/\/roveyayinevi.com.tr\/index.php\/urun\/define-adasi-cizgi-roman\/","title":{"rendered":"Define Adas\u0131 &#8211; \u00c7izgi Roman"},"content":{"rendered":"<p>D\u00fcnya edebiyat\u0131n\u0131n sevilen klasiklerinden Define Adas\u0131, reng\u00e2renk \u00e7izimler e\u015fli\u011finde \u00e7izgi roman sayfalar\u0131nda hayat buluyor.Sakin bir ya\u015fam s\u00fcren Jim Hawkins\u2019in korsanlar ya da defineler hakk\u0131nda hi\u00e7bir fikri yoktur. Bir g\u00fcn kendisine \u201cKaptan\u201d diye seslenilmesini isteyen gizemli bir yabanc\u0131n\u0131n hana gelmesiyle k\u00fc\u00e7\u00fck Jim kendini maceran\u0131n ortas\u0131nda bulur. Kaptan\u2019\u0131n saklad\u0131\u011f\u0131 haritan\u0131n cesur Jim\u2019in eline ge\u00e7mesiyle Define Adas\u0131\u2019na uzanan tehlikelerle dolu bir yolculuk ba\u015flar. <\/p>\n","protected":false},"excerpt":{"rendered":"<p>D\u00fcnya edebiyat\u0131n\u0131n sevilen klasiklerinden Define Adas\u0131, reng\u00e2renk \u00e7izimler e\u015fli\u011finde \u00e7izgi roman sayfalar\u0131nda hayat buluyor.Sakin bir ya\u015fam s\u00fcren Jim Hawkins\u2019in korsanlar ya da defineler hakk\u0131nda hi\u00e7bir fikri<span class=\"excerpt-hellip\"> [\u2026]<\/span><\/p>\n","protected":false},"featured_media":0,"template":"","meta":{"_monsterinsights_skip_tracking":false,"_monsterinsights_sitenote_active":false,"_monsterinsights_sitenote_note":"","_monsterinsights_sitenote_category":0},"product_brand":[],"product_cat":[12689,12274],"product_tag":[],"class_list":{"0":"post-760387","1":"product","2":"type-product","3":"status-publish","5":"product_cat-cizgi-roman-cocuk-ve-genclik-kitaplari","6":"product_cat-cocuk-ve-genclik-kitaplari","7":"pa_cilt-ciltsiz","8":"pa_tur-kitap","9":"pa_yayinevi-dogan-cocuk","10":"pa_yazar-robert-louis-stevenson","12":"first","13":"instock","14":"sale","15":"shipping-taxable","16":"purchasable","17":"product-type-simple"},"_links":{"self":[{"href":"https:\/\/roveyayinevi.com.tr\/index.php\/wp-json\/wp\/v2\/product\/760387","targetHints":{"allow":["GET"]}}],"collection":[{"href":"https:\/\/roveyayinevi.com.tr\/index.php\/wp-json\/wp\/v2\/product"}],"about":[{"href":"https:\/\/roveyayinevi.com.tr\/index.php\/wp-json\/wp\/v2\/types\/product"}],"wp:attachment":[{"href":"https:\/\/roveyayinevi.com.tr\/index.php\/wp-json\/wp\/v2\/media?parent=760387"}],"wp:term":[{"taxonomy":"product_brand","embeddable":true,"href":"https:\/\/roveyayinevi.com.tr\/index.php\/wp-json\/wp\/v2\/product_brand?post=760387"},{"taxonomy":"product_cat","embeddable":true,"href":"https:\/\/roveyayinevi.com.tr\/index.php\/wp-json\/wp\/v2\/product_cat?post=760387"},{"taxonomy":"product_tag","embeddable":true,"href":"https:\/\/roveyayinevi.com.tr\/index.php\/wp-json\/wp\/v2\/product_tag?post=760387"}],"curies":[{"name":"wp","href":"https:\/\/api.w.org\/{rel}","templated":true}]}}