{"id":760386,"date":"2025-08-28T09:04:01","date_gmt":"2025-08-28T06:04:01","guid":{"rendered":"https:\/\/roveyayinevi.com.tr\/index.php\/urun\/faili-mechul-cinayetler\/"},"modified":"2026-04-16T03:13:10","modified_gmt":"2026-04-16T00:13:10","slug":"faili-mechul-cinayetler","status":"publish","type":"product","link":"https:\/\/roveyayinevi.com.tr\/index.php\/urun\/faili-mechul-cinayetler\/","title":{"rendered":"Faili Me\u00e7hul Cinayetler"},"content":{"rendered":"<p>\u201cFaili Me\u00e7hul Cinayetler\u2019&#8217;e dald\u0131\u011f\u0131n\u0131zda uykunuzun ka\u00e7mas\u0131na haz\u0131r olun\u2026 \u00dcrk\u00fct\u00fcc\u00fc bir gerilim roman\u0131.\u201d-PopsugarOregon\u2019un Claire Lake kasabas\u0131 1977 y\u0131l\u0131nda Katil Han\u0131m Cinayetleri ile sars\u0131l\u0131r. \u0130ki adam, farkl\u0131 zamanlarda ayn\u0131 silahla \u00f6ld\u00fcr\u00fcl\u00fcrken yanlar\u0131nda benzer bi\u00e7imde tuhaf notlar bulunmu\u015ftur. Su\u00e7 mahallinden ka\u00e7arken g\u00f6r\u00fclen gen\u00e7, g\u00fczel, varl\u0131kl\u0131 ve ayk\u0131r\u0131 Beth Greer, kusursuz bir \u015f\u00fcpheli olarak mahkemeye \u00e7\u0131kar. Tantanal\u0131 bir yarg\u0131 s\u00fcreci sonras\u0131 ald\u0131\u011f\u0131 beraat karar\u0131yla malik\u00e2nesinde inzivaya \u00e7ekilir.K\u00fc\u00e7\u00fckken ya\u015fad\u0131\u011f\u0131 ka\u00e7\u0131r\u0131lma tehlikesi sonras\u0131 su\u00e7 hik\u00e2yelerine merak salan ve bo\u015f zamanlar\u0131nda Faili Me\u00e7hul Cinayetler Kitab\u0131 adl\u0131 bir blog tutan Shea Collins, 2017\u2019de i\u015fyerinde tesad\u00fcfen kar\u015f\u0131la\u015ft\u0131\u011f\u0131 Beth Greer\u2019a r\u00f6portaj teklifinde bulunur. Prestijli gazetecileri bile yan\u0131na yakla\u015ft\u0131rmayan kad\u0131n, beklenmedik bir hareketle Shea\u2019in iste\u011fini kabul edip sessizli\u011fini bozma karar\u0131 al\u0131r.\u0130ki kad\u0131n, ge\u00e7mi\u015fin s\u0131r perdesini aralamak \u00fczere s\u0131k s\u0131k Greer Malik\u00e2nesi\u2019nde bulu\u015fur. Shea bu koca evde ters giden bir \u015feyler oldu\u011funu hisseder. Bakmad\u0131\u011f\u0131nda yer de\u011fi\u015ftiren e\u015fyalar, ses kay\u0131tlar\u0131ndaki tuhaf konu\u015fmalar ve pencerede g\u00f6rd\u00fc\u011f\u00fcn\u00fc sand\u0131\u011f\u0131 bir k\u0131z onu korkutsa da ger\u00e7ekleri \u00f6\u011frenmenin cazibesi, i\u015fin pe\u015fini b\u0131rakmas\u0131na engel olur.Bir yanda gizemli davran\u0131\u015flar\u0131yla, hakk\u0131ndaki \u015f\u00fcpheleri s\u00fcrd\u00fcren Beth, di\u011fer yanda k\u0131rk y\u0131ll\u0131k bir esrar\u0131 \u00e7\u00f6zmeye \u00e7al\u0131\u015fan merakl\u0131 Shea\u2026 Bu ikili arkada\u015f m\u0131 olacak yoksa daha b\u00fcy\u00fck bir tehlikeyle mi y\u00fczle\u015fecek?Y\u0131l\u0131n En Be\u011fenilen Kitaplar\u0131ndan-Popsugar, Goodreads, Crime ReadsAmazon Edit\u00f6r Se\u00e7kisi<\/p>\n","protected":false},"excerpt":{"rendered":"<p>\u201cFaili Me\u00e7hul Cinayetler\u2019&#8217;e dald\u0131\u011f\u0131n\u0131zda uykunuzun ka\u00e7mas\u0131na haz\u0131r olun\u2026 \u00dcrk\u00fct\u00fcc\u00fc bir gerilim roman\u0131.\u201d-PopsugarOregon\u2019un Claire Lake kasabas\u0131 1977 y\u0131l\u0131nda Katil Han\u0131m Cinayetleri ile sars\u0131l\u0131r. \u0130ki adam, farkl\u0131 zamanlarda<span class=\"excerpt-hellip\"> [\u2026]<\/span><\/p>\n","protected":false},"featured_media":0,"template":"","meta":{"_monsterinsights_skip_tracking":false,"_monsterinsights_sitenote_active":false,"_monsterinsights_sitenote_note":"","_monsterinsights_sitenote_category":0},"product_brand":[],"product_cat":[12291,12711],"product_tag":[],"class_list":{"0":"post-760386","1":"product","2":"type-product","3":"status-publish","5":"product_cat-edebiyat","6":"product_cat-roman-oyku","7":"pa_cilt-ciltsiz","8":"pa_tur-kitap","9":"pa_yayinevi-nemesis-kitap","10":"pa_yazar-simone-st-james","12":"first","13":"instock","14":"sale","15":"shipping-taxable","16":"purchasable","17":"product-type-simple"},"_links":{"self":[{"href":"https:\/\/roveyayinevi.com.tr\/index.php\/wp-json\/wp\/v2\/product\/760386","targetHints":{"allow":["GET"]}}],"collection":[{"href":"https:\/\/roveyayinevi.com.tr\/index.php\/wp-json\/wp\/v2\/product"}],"about":[{"href":"https:\/\/roveyayinevi.com.tr\/index.php\/wp-json\/wp\/v2\/types\/product"}],"wp:attachment":[{"href":"https:\/\/roveyayinevi.com.tr\/index.php\/wp-json\/wp\/v2\/media?parent=760386"}],"wp:term":[{"taxonomy":"product_brand","embeddable":true,"href":"https:\/\/roveyayinevi.com.tr\/index.php\/wp-json\/wp\/v2\/product_brand?post=760386"},{"taxonomy":"product_cat","embeddable":true,"href":"https:\/\/roveyayinevi.com.tr\/index.php\/wp-json\/wp\/v2\/product_cat?post=760386"},{"taxonomy":"product_tag","embeddable":true,"href":"https:\/\/roveyayinevi.com.tr\/index.php\/wp-json\/wp\/v2\/product_tag?post=760386"}],"curies":[{"name":"wp","href":"https:\/\/api.w.org\/{rel}","templated":true}]}}