{"id":760385,"date":"2025-08-28T09:04:00","date_gmt":"2025-08-28T06:04:00","guid":{"rendered":"https:\/\/roveyayinevi.com.tr\/index.php\/urun\/80-gunde-dunya-turu-cizgi-roman\/"},"modified":"2026-04-16T03:13:09","modified_gmt":"2026-04-16T00:13:09","slug":"80-gunde-dunya-turu-cizgi-roman","status":"publish","type":"product","link":"https:\/\/roveyayinevi.com.tr\/index.php\/urun\/80-gunde-dunya-turu-cizgi-roman\/","title":{"rendered":"80 G\u00fcnde D\u00fcnya Turu &#8211; \u00c7izgi Roman"},"content":{"rendered":"<p>D\u00fcnya edebiyat\u0131n\u0131n sevilen klasiklerinden 80 G\u00fcnde D\u00fcnya Turu, reng\u00e2renk \u00e7izimler e\u015fli\u011finde \u00e7izgi roman sayfalar\u0131nda hayat buluyor.Bir \u0130ngiliz beyefendisi olan Phileas Fogg, d\u00fcnyay\u0131 80 g\u00fcnde dola\u015faca\u011f\u0131na dair arkada\u015flar\u0131yla bahse girer. Fogg bu bahis i\u00e7in t\u00fcm servetini ortaya koyar ve u\u015fa\u011f\u0131 Passepartout\u2019yu da yan\u0131na alarak heyecan dolu bir yolculu\u011fa \u00e7\u0131kar. Bu maceras\u0131nda ona e\u015flik etmeye ne dersiniz? <\/p>\n","protected":false},"excerpt":{"rendered":"<p>D\u00fcnya edebiyat\u0131n\u0131n sevilen klasiklerinden 80 G\u00fcnde D\u00fcnya Turu, reng\u00e2renk \u00e7izimler e\u015fli\u011finde \u00e7izgi roman sayfalar\u0131nda hayat buluyor.Bir \u0130ngiliz beyefendisi olan Phileas Fogg, d\u00fcnyay\u0131 80 g\u00fcnde dola\u015faca\u011f\u0131na dair<span class=\"excerpt-hellip\"> [\u2026]<\/span><\/p>\n","protected":false},"featured_media":0,"template":"","meta":{"_monsterinsights_skip_tracking":false,"_monsterinsights_sitenote_active":false,"_monsterinsights_sitenote_note":"","_monsterinsights_sitenote_category":0},"product_brand":[],"product_cat":[12689,12274],"product_tag":[],"class_list":{"0":"post-760385","1":"product","2":"type-product","3":"status-publish","5":"product_cat-cizgi-roman-cocuk-ve-genclik-kitaplari","6":"product_cat-cocuk-ve-genclik-kitaplari","7":"pa_cilt-ciltsiz","8":"pa_tur-kitap","9":"pa_yayinevi-dogan-cocuk","10":"pa_yazar-jules-verne","12":"first","13":"instock","14":"sale","15":"shipping-taxable","16":"purchasable","17":"product-type-simple"},"_links":{"self":[{"href":"https:\/\/roveyayinevi.com.tr\/index.php\/wp-json\/wp\/v2\/product\/760385","targetHints":{"allow":["GET"]}}],"collection":[{"href":"https:\/\/roveyayinevi.com.tr\/index.php\/wp-json\/wp\/v2\/product"}],"about":[{"href":"https:\/\/roveyayinevi.com.tr\/index.php\/wp-json\/wp\/v2\/types\/product"}],"wp:attachment":[{"href":"https:\/\/roveyayinevi.com.tr\/index.php\/wp-json\/wp\/v2\/media?parent=760385"}],"wp:term":[{"taxonomy":"product_brand","embeddable":true,"href":"https:\/\/roveyayinevi.com.tr\/index.php\/wp-json\/wp\/v2\/product_brand?post=760385"},{"taxonomy":"product_cat","embeddable":true,"href":"https:\/\/roveyayinevi.com.tr\/index.php\/wp-json\/wp\/v2\/product_cat?post=760385"},{"taxonomy":"product_tag","embeddable":true,"href":"https:\/\/roveyayinevi.com.tr\/index.php\/wp-json\/wp\/v2\/product_tag?post=760385"}],"curies":[{"name":"wp","href":"https:\/\/api.w.org\/{rel}","templated":true}]}}