{"id":760384,"date":"2025-08-28T09:03:58","date_gmt":"2025-08-28T06:03:58","guid":{"rendered":"https:\/\/roveyayinevi.com.tr\/index.php\/urun\/oz-buyucusu-cizgi-roman\/"},"modified":"2026-04-16T03:13:09","modified_gmt":"2026-04-16T00:13:09","slug":"oz-buyucusu-cizgi-roman","status":"publish","type":"product","link":"https:\/\/roveyayinevi.com.tr\/index.php\/urun\/oz-buyucusu-cizgi-roman\/","title":{"rendered":"Oz B\u00fcy\u00fcc\u00fcs\u00fc &#8211; \u00c7izgi Roman"},"content":{"rendered":"<p>D\u00fcnya edebiyat\u0131n\u0131n sevilen klasiklerinden Oz B\u00fcy\u00fcc\u00fcs\u00fc, reng\u00e2renk \u00e7izimler e\u015fli\u011finde \u00e7izgi roman sayfalar\u0131nda hayat buluyor.Bir kas\u0131rgaya kap\u0131lan Dorothy ve k\u00f6pe\u011fi Toto, kendilerini b\u00fcy\u00fcl\u00fc Oz \u00dclkesi\u2019nde bulur. Dorothy, evine d\u00f6nebilmek i\u00e7in birbirinden zorlu g\u00f6revleri ba\u015farmak zorundad\u0131r. Eve d\u00f6n\u00fc\u015f yolunda heyecan dolu maceralar ve \u00fc\u00e7 yeni dost Dorothy\u2019i beklemektedir. <\/p>\n","protected":false},"excerpt":{"rendered":"<p>D\u00fcnya edebiyat\u0131n\u0131n sevilen klasiklerinden Oz B\u00fcy\u00fcc\u00fcs\u00fc, reng\u00e2renk \u00e7izimler e\u015fli\u011finde \u00e7izgi roman sayfalar\u0131nda hayat buluyor.Bir kas\u0131rgaya kap\u0131lan Dorothy ve k\u00f6pe\u011fi Toto, kendilerini b\u00fcy\u00fcl\u00fc Oz \u00dclkesi\u2019nde bulur. Dorothy,<span class=\"excerpt-hellip\"> [\u2026]<\/span><\/p>\n","protected":false},"featured_media":0,"template":"","meta":{"_monsterinsights_skip_tracking":false,"_monsterinsights_sitenote_active":false,"_monsterinsights_sitenote_note":"","_monsterinsights_sitenote_category":0},"product_brand":[],"product_cat":[12689,12274],"product_tag":[],"class_list":{"0":"post-760384","1":"product","2":"type-product","3":"status-publish","5":"product_cat-cizgi-roman-cocuk-ve-genclik-kitaplari","6":"product_cat-cocuk-ve-genclik-kitaplari","7":"pa_cilt-ciltsiz","8":"pa_tur-kitap","9":"pa_yayinevi-dogan-cocuk","10":"pa_yazar-lyman-frank-baum","12":"first","13":"instock","14":"sale","15":"shipping-taxable","16":"purchasable","17":"product-type-simple"},"_links":{"self":[{"href":"https:\/\/roveyayinevi.com.tr\/index.php\/wp-json\/wp\/v2\/product\/760384","targetHints":{"allow":["GET"]}}],"collection":[{"href":"https:\/\/roveyayinevi.com.tr\/index.php\/wp-json\/wp\/v2\/product"}],"about":[{"href":"https:\/\/roveyayinevi.com.tr\/index.php\/wp-json\/wp\/v2\/types\/product"}],"wp:attachment":[{"href":"https:\/\/roveyayinevi.com.tr\/index.php\/wp-json\/wp\/v2\/media?parent=760384"}],"wp:term":[{"taxonomy":"product_brand","embeddable":true,"href":"https:\/\/roveyayinevi.com.tr\/index.php\/wp-json\/wp\/v2\/product_brand?post=760384"},{"taxonomy":"product_cat","embeddable":true,"href":"https:\/\/roveyayinevi.com.tr\/index.php\/wp-json\/wp\/v2\/product_cat?post=760384"},{"taxonomy":"product_tag","embeddable":true,"href":"https:\/\/roveyayinevi.com.tr\/index.php\/wp-json\/wp\/v2\/product_tag?post=760384"}],"curies":[{"name":"wp","href":"https:\/\/api.w.org\/{rel}","templated":true}]}}