{"id":760382,"date":"2025-08-28T09:03:54","date_gmt":"2025-08-28T06:03:54","guid":{"rendered":"https:\/\/roveyayinevi.com.tr\/index.php\/urun\/dunyada-bir-basina\/"},"modified":"2026-04-12T03:17:01","modified_gmt":"2026-04-12T00:17:01","slug":"dunyada-bir-basina","status":"publish","type":"product","link":"https:\/\/roveyayinevi.com.tr\/index.php\/urun\/dunyada-bir-basina\/","title":{"rendered":"D\u00fcnyada Bir Ba\u015f\u0131na"},"content":{"rendered":"<p>\u201c\u00d6yle uzun zamand\u0131r insanlar\u0131n aras\u0131nday\u0131m ki onlar\u0131n ruhunu okumada psikologlar\u0131 yaya b\u0131rak\u0131r, yazarlar\u0131n hep varmak istedi\u011fi noktada y\u0131llard\u0131r durman\u0131n keyfini ya\u015far\u0131m. Ben, insan ruhunun r\u00f6ntgenini \u00e7ekerim.\u201d   \u0130stanbul\u2019un orta yerinde \u00f6zel bir lise olarak kullan\u0131lan tarih\u00ee k\u00f6\u015fkte ya\u015fayan hayalet Firuz, \u00f6\u011frencilerin aras\u0131nda dola\u015f\u0131yor, onlar\u0131n d\u00fcnyalar\u0131n\u0131 ke\u015ffediyor. Kerem\u2019in kuralc\u0131l\u0131\u011f\u0131, Ela\u2019n\u0131n abart\u0131l\u0131 anlay\u0131\u015fl\u0131 olma h\u00e2li, Nergis\u2019in dedikoduculu\u011fu ile kar\u0131\u015fan i\u015fleri yoluna koyabilmek i\u00e7in bir hayaletin yapabilece\u011fi pek fazla \u015fey yok. Ama bir g\u00fcn okula hayalet Firuz\u2019a t\u0131pat\u0131p benzeyen bir gen\u00e7 geliyor. Bu gencin pe\u015finden getirdi\u011fi gizemler, her \u015feyin yoluna girmesini sa\u011flayacak m\u0131? <\/p>\n","protected":false},"excerpt":{"rendered":"<p>\u201c\u00d6yle uzun zamand\u0131r insanlar\u0131n aras\u0131nday\u0131m ki onlar\u0131n ruhunu okumada psikologlar\u0131 yaya b\u0131rak\u0131r, yazarlar\u0131n hep varmak istedi\u011fi noktada y\u0131llard\u0131r durman\u0131n keyfini ya\u015far\u0131m. Ben, insan ruhunun r\u00f6ntgenini \u00e7ekerim.\u201d<span class=\"excerpt-hellip\"> [\u2026]<\/span><\/p>\n","protected":false},"featured_media":0,"template":"","meta":{"_monsterinsights_skip_tracking":false,"_monsterinsights_sitenote_active":false,"_monsterinsights_sitenote_note":"","_monsterinsights_sitenote_category":0},"product_brand":[],"product_cat":[12291,12711],"product_tag":[],"class_list":{"0":"post-760382","1":"product","2":"type-product","3":"status-publish","5":"product_cat-edebiyat","6":"product_cat-roman-oyku","7":"pa_cilt-ciltsiz","8":"pa_tur-kitap","9":"pa_yayinevi-x-libris","10":"pa_yazar-birsen-ekim-ozen","12":"first","13":"instock","14":"sale","15":"shipping-taxable","16":"purchasable","17":"product-type-simple"},"_links":{"self":[{"href":"https:\/\/roveyayinevi.com.tr\/index.php\/wp-json\/wp\/v2\/product\/760382","targetHints":{"allow":["GET"]}}],"collection":[{"href":"https:\/\/roveyayinevi.com.tr\/index.php\/wp-json\/wp\/v2\/product"}],"about":[{"href":"https:\/\/roveyayinevi.com.tr\/index.php\/wp-json\/wp\/v2\/types\/product"}],"wp:attachment":[{"href":"https:\/\/roveyayinevi.com.tr\/index.php\/wp-json\/wp\/v2\/media?parent=760382"}],"wp:term":[{"taxonomy":"product_brand","embeddable":true,"href":"https:\/\/roveyayinevi.com.tr\/index.php\/wp-json\/wp\/v2\/product_brand?post=760382"},{"taxonomy":"product_cat","embeddable":true,"href":"https:\/\/roveyayinevi.com.tr\/index.php\/wp-json\/wp\/v2\/product_cat?post=760382"},{"taxonomy":"product_tag","embeddable":true,"href":"https:\/\/roveyayinevi.com.tr\/index.php\/wp-json\/wp\/v2\/product_tag?post=760382"}],"curies":[{"name":"wp","href":"https:\/\/api.w.org\/{rel}","templated":true}]}}