{"id":760381,"date":"2025-08-28T09:03:53","date_gmt":"2025-08-28T06:03:53","guid":{"rendered":"https:\/\/roveyayinevi.com.tr\/index.php\/urun\/umudun-rengi-mavi-bir-terapistin-not-defteri\/"},"modified":"2026-04-16T03:13:09","modified_gmt":"2026-04-16T00:13:09","slug":"umudun-rengi-mavi-bir-terapistin-not-defteri","status":"publish","type":"product","link":"https:\/\/roveyayinevi.com.tr\/index.php\/urun\/umudun-rengi-mavi-bir-terapistin-not-defteri\/","title":{"rendered":"Umudun Rengi Mavi &#8211; Bir Terapistin Not Defteri"},"content":{"rendered":"<p>Y\u0131llarca e\u015finden psikolojik \u015fiddet g\u00f6ren, \u00f6zg\u00fcveni zedelenen, kendini \u00e7ocuklar\u0131na aday\u0131p kendi hayat\u0131n\u0131 unutan, ama art\u0131k \u201ckurban\u201d psikolojisinden \u00e7\u0131k\u0131p yeni bir hayat kurmak isteyen Song\u00fcl Han\u0131m\u2026   Kendini hep bir terk edili\u015f, bir yaln\u0131zl\u0131k i\u00e7inde bulan, \u00fcst \u00fcste ya\u015fad\u0131\u011f\u0131 travmalar y\u00fcz\u00fcnden hep kendini su\u00e7layan, i\u00e7 d\u00fcnyas\u0131nda f\u0131rt\u0131nalar esen Esra Han\u0131m\u2026   \u00c7ocuklu\u011funda ya\u015fad\u0131\u011f\u0131 tacizin ve annesinin duygusal bask\u0131s\u0131n\u0131n alt\u0131nda ezilip hayat\u0131na y\u00f6n veremeyen, \u00e7ok yetenekli bir m\u00fczisyen olmas\u0131na ra\u011fmen s\u00fcrekli kendini ele\u015ftiren Meral Han\u0131m\u2026   Ve, dan\u0131\u015fanlar\u0131na nezaketle, \u015fefkatle ya\u015fama sevinci a\u015f\u0131lamak isterken hayat\u0131n\u0131n kontrol\u00fcn\u00fc kaybetmeye ba\u015flayan psikolog \u00d6zden\u2026   Umudun Rengi Mavi, Londra\u2019da ya\u015fayan psikolog \u00d6zden Bayraktar Annibali\u2019nin hem hayali g\u00fcnl\u00fc\u011f\u00fc hem de y\u0131llar i\u00e7inde, seanslarda dan\u0131\u015fanlar\u0131yla edindi\u011fi \u00e7e\u015fitli deneyimleri harmanlad\u0131\u011f\u0131 bir not defteri. Zorlukla ya\u015fayan bir ruhun, t\u0131rt\u0131l misali zamanla kelebe\u011fe d\u00f6n\u00fc\u015febilece\u011fini; sonsuzlu\u011fun, ne\u015fenin, sevginin, en g\u00fczeli de umudun ve yepyeni bir ya\u015fam olas\u0131l\u0131\u011f\u0131n\u0131n \u00e7ok da uzakta olmad\u0131\u011f\u0131n\u0131 f\u0131s\u0131ld\u0131yor bize\u2026 <\/p>\n","protected":false},"excerpt":{"rendered":"<p>Y\u0131llarca e\u015finden psikolojik \u015fiddet g\u00f6ren, \u00f6zg\u00fcveni zedelenen, kendini \u00e7ocuklar\u0131na aday\u0131p kendi hayat\u0131n\u0131 unutan, ama art\u0131k \u201ckurban\u201d psikolojisinden \u00e7\u0131k\u0131p yeni bir hayat kurmak isteyen Song\u00fcl Han\u0131m\u2026 Kendini<span class=\"excerpt-hellip\"> [\u2026]<\/span><\/p>\n","protected":false},"featured_media":0,"template":"","meta":{"_monsterinsights_skip_tracking":false,"_monsterinsights_sitenote_active":false,"_monsterinsights_sitenote_note":"","_monsterinsights_sitenote_category":0},"product_brand":[],"product_cat":[12357],"product_tag":[],"class_list":{"0":"post-760381","1":"product","2":"type-product","3":"status-publish","5":"product_cat-psikoloji","6":"pa_cilt-ciltsiz","7":"pa_tur-kitap","8":"pa_yayinevi-dogan-novus","9":"pa_yazar-ozden-bayraktar-annibali","11":"first","12":"instock","13":"sale","14":"shipping-taxable","15":"purchasable","16":"product-type-simple"},"_links":{"self":[{"href":"https:\/\/roveyayinevi.com.tr\/index.php\/wp-json\/wp\/v2\/product\/760381","targetHints":{"allow":["GET"]}}],"collection":[{"href":"https:\/\/roveyayinevi.com.tr\/index.php\/wp-json\/wp\/v2\/product"}],"about":[{"href":"https:\/\/roveyayinevi.com.tr\/index.php\/wp-json\/wp\/v2\/types\/product"}],"wp:attachment":[{"href":"https:\/\/roveyayinevi.com.tr\/index.php\/wp-json\/wp\/v2\/media?parent=760381"}],"wp:term":[{"taxonomy":"product_brand","embeddable":true,"href":"https:\/\/roveyayinevi.com.tr\/index.php\/wp-json\/wp\/v2\/product_brand?post=760381"},{"taxonomy":"product_cat","embeddable":true,"href":"https:\/\/roveyayinevi.com.tr\/index.php\/wp-json\/wp\/v2\/product_cat?post=760381"},{"taxonomy":"product_tag","embeddable":true,"href":"https:\/\/roveyayinevi.com.tr\/index.php\/wp-json\/wp\/v2\/product_tag?post=760381"}],"curies":[{"name":"wp","href":"https:\/\/api.w.org\/{rel}","templated":true}]}}