{"id":760377,"date":"2025-08-28T09:03:46","date_gmt":"2025-08-28T06:03:46","guid":{"rendered":"https:\/\/roveyayinevi.com.tr\/index.php\/urun\/beyaz-dis-25\/"},"modified":"2026-04-16T03:13:09","modified_gmt":"2026-04-16T00:13:09","slug":"beyaz-dis-25","status":"publish","type":"product","link":"https:\/\/roveyayinevi.com.tr\/index.php\/urun\/beyaz-dis-25\/","title":{"rendered":"Beyaz Di\u015f"},"content":{"rendered":"<p>Beyaz Di\u015f, kurt k\u00f6pe\u011fi\u2026 K\u00fc\u00e7\u00fcc\u00fck bir yavruyken ba\u015flayan zorlu hayat\u0131 sevgi, sab\u0131r ve anlay\u0131\u015fla, b\u00fcy\u00fcrken ya\u015fad\u0131\u011f\u0131 ac\u0131lardan ve k\u00f6t\u00fcl\u00fcklerden ar\u0131nabilecek mi? Beyaz Di\u015f insanlar\u0131n i\u00e7inde bar\u0131nd\u0131rd\u0131klar\u0131 sevgiyi de, nefreti de yak\u0131ndan tan\u0131yacak ama hangisini se\u00e7ecek okuyup g\u00f6rece\u011fiz. \u0130yiyle k\u00f6t\u00fcn\u00fcn; sevgi ve nefretin sava\u015f\u0131ndan kim galip \u00e7\u0131kacak? <\/p>\n","protected":false},"excerpt":{"rendered":"<p>Beyaz Di\u015f, kurt k\u00f6pe\u011fi\u2026 K\u00fc\u00e7\u00fcc\u00fck bir yavruyken ba\u015flayan zorlu hayat\u0131 sevgi, sab\u0131r ve anlay\u0131\u015fla, b\u00fcy\u00fcrken ya\u015fad\u0131\u011f\u0131 ac\u0131lardan ve k\u00f6t\u00fcl\u00fcklerden ar\u0131nabilecek mi? Beyaz Di\u015f insanlar\u0131n i\u00e7inde bar\u0131nd\u0131rd\u0131klar\u0131<span class=\"excerpt-hellip\"> [\u2026]<\/span><\/p>\n","protected":false},"featured_media":0,"template":"","meta":{"_monsterinsights_skip_tracking":false,"_monsterinsights_sitenote_active":false,"_monsterinsights_sitenote_note":"","_monsterinsights_sitenote_category":0},"product_brand":[],"product_cat":[12274],"product_tag":[],"class_list":{"0":"post-760377","1":"product","2":"type-product","3":"status-publish","5":"product_cat-cocuk-ve-genclik-kitaplari","6":"pa_cilt-ciltsiz","7":"pa_tur-kitap","8":"pa_yayinevi-pars-yayinlari","9":"pa_yazar-jack-london","11":"first","12":"instock","13":"sale","14":"shipping-taxable","15":"purchasable","16":"product-type-simple"},"_links":{"self":[{"href":"https:\/\/roveyayinevi.com.tr\/index.php\/wp-json\/wp\/v2\/product\/760377","targetHints":{"allow":["GET"]}}],"collection":[{"href":"https:\/\/roveyayinevi.com.tr\/index.php\/wp-json\/wp\/v2\/product"}],"about":[{"href":"https:\/\/roveyayinevi.com.tr\/index.php\/wp-json\/wp\/v2\/types\/product"}],"wp:attachment":[{"href":"https:\/\/roveyayinevi.com.tr\/index.php\/wp-json\/wp\/v2\/media?parent=760377"}],"wp:term":[{"taxonomy":"product_brand","embeddable":true,"href":"https:\/\/roveyayinevi.com.tr\/index.php\/wp-json\/wp\/v2\/product_brand?post=760377"},{"taxonomy":"product_cat","embeddable":true,"href":"https:\/\/roveyayinevi.com.tr\/index.php\/wp-json\/wp\/v2\/product_cat?post=760377"},{"taxonomy":"product_tag","embeddable":true,"href":"https:\/\/roveyayinevi.com.tr\/index.php\/wp-json\/wp\/v2\/product_tag?post=760377"}],"curies":[{"name":"wp","href":"https:\/\/api.w.org\/{rel}","templated":true}]}}