{"id":760375,"date":"2025-08-28T09:03:43","date_gmt":"2025-08-28T06:03:43","guid":{"rendered":"https:\/\/roveyayinevi.com.tr\/index.php\/urun\/uygarligin-ayak-izleri-bati-resmin-sanatinda-korku-seytanlar-ve-cadilar\/"},"modified":"2026-04-16T03:13:09","modified_gmt":"2026-04-16T00:13:09","slug":"uygarligin-ayak-izleri-bati-resmin-sanatinda-korku-seytanlar-ve-cadilar","status":"publish","type":"product","link":"https:\/\/roveyayinevi.com.tr\/index.php\/urun\/uygarligin-ayak-izleri-bati-resmin-sanatinda-korku-seytanlar-ve-cadilar\/","title":{"rendered":"Uygarl\u0131\u011f\u0131n Ayak \u0130zleri &#8211; Bat\u0131 Resmin Sanat\u0131nda Korku \u015eeytanlar ve Cad\u0131lar"},"content":{"rendered":"<p>Yapt\u0131\u011f\u0131m\u0131z k\u00f6t\u00fcl\u00fcklerin bir sebebi olabilece\u011fine dair inanc\u0131m\u0131zd\u0131 \u015eeytan&#8230; En g\u00fc\u00e7l\u00fc kavramlardan biri olan vicdan\u0131n panzehriydi. Ve insanlar\u0131n birbirilerinin y\u00fcz\u00fcne bakabilmesi i\u00e7in ona ihtiyac\u0131 vard\u0131. Bu kitab\u0131n ilk b\u00f6l\u00fcm\u00fc, sizi \u015eeytan\u2019la y\u00fcz y\u00fcze getirerek insanl\u0131\u011f\u0131n i\u00e7indeki grotesk d\u0131\u015favurumlar\u0131 g\u00f6rmenizde rehber olma amac\u0131yla yaz\u0131ld\u0131. Bu anlat\u0131n\u0131n nesilden nesle, mitolojiden dine nas\u0131l evrildi\u011fini, i\u00e7imize att\u0131\u011f\u0131m\u0131z b\u00fct\u00fcn \u00e7irkin arzular\u0131n R\u00f6nesans, Barok ve daha nice d\u00f6nemle ak\u0131ma nas\u0131l yans\u0131d\u0131\u011f\u0131n\u0131 anlatabilmek i\u00e7in. \u0130kinci b\u00f6l\u00fcmdeyse dini kayg\u0131larla yarat\u0131lm\u0131\u015f bir ba\u015fka sava\u015fa, cad\u0131l\u0131\u011fa yak\u0131ndan bakaca\u011f\u0131z; do\u011fayla bir b\u00fct\u00fcn h\u00e2linde ya\u015fayan insanlar\u0131n, k\u00f6t\u00fcler ve sapk\u0131nlar taraf\u0131ndan nas\u0131l avland\u0131\u011f\u0131n\u0131n hik\u00e2yesine. \u00d6zellikle Barok ve R\u00f6nesans resminde sanat\u00e7\u0131lar\u0131n bu tip konular\u0131 nas\u0131l ele ald\u0131\u011f\u0131n\u0131 veya nas\u0131l hicvettiklerini birlikte ara\u015ft\u0131racak, insanl\u0131k tarihinin en karanl\u0131k uygulamalar\u0131ndan biri olan Engizisyon Mahkemeleri\u2019ni de yine birlikte inceleyece\u011fiz.  Bu hayatta korkmam\u0131z gereken\u201cas\u0131l\u201d \u015feyin ne oldu\u011funu hi\u00e7birzaman unutmamak i\u00e7in\u2026 Ve katledilen t\u00fcm \u201ccad\u0131lar\u201d i\u00e7in\u2026<\/p>\n","protected":false},"excerpt":{"rendered":"<p>Yapt\u0131\u011f\u0131m\u0131z k\u00f6t\u00fcl\u00fcklerin bir sebebi olabilece\u011fine dair inanc\u0131m\u0131zd\u0131 \u015eeytan&#8230; En g\u00fc\u00e7l\u00fc kavramlardan biri olan vicdan\u0131n panzehriydi. Ve insanlar\u0131n birbirilerinin y\u00fcz\u00fcne bakabilmesi i\u00e7in ona ihtiyac\u0131 vard\u0131. Bu kitab\u0131n<span class=\"excerpt-hellip\"> [\u2026]<\/span><\/p>\n","protected":false},"featured_media":0,"template":"","meta":{"_monsterinsights_skip_tracking":false,"_monsterinsights_sitenote_active":false,"_monsterinsights_sitenote_note":"","_monsterinsights_sitenote_category":0},"product_brand":[],"product_cat":[12408,14197],"product_tag":[],"class_list":{"0":"post-760375","1":"product","2":"type-product","3":"status-publish","5":"product_cat-sanat","6":"product_cat-sanat-tarihi","7":"pa_cilt-ciltsiz","8":"pa_tur-kitap","9":"pa_yayinevi-epsilon-yayinlari","10":"pa_yazar-celil-sadik","12":"first","13":"instock","14":"sale","15":"shipping-taxable","16":"purchasable","17":"product-type-simple"},"_links":{"self":[{"href":"https:\/\/roveyayinevi.com.tr\/index.php\/wp-json\/wp\/v2\/product\/760375","targetHints":{"allow":["GET"]}}],"collection":[{"href":"https:\/\/roveyayinevi.com.tr\/index.php\/wp-json\/wp\/v2\/product"}],"about":[{"href":"https:\/\/roveyayinevi.com.tr\/index.php\/wp-json\/wp\/v2\/types\/product"}],"wp:attachment":[{"href":"https:\/\/roveyayinevi.com.tr\/index.php\/wp-json\/wp\/v2\/media?parent=760375"}],"wp:term":[{"taxonomy":"product_brand","embeddable":true,"href":"https:\/\/roveyayinevi.com.tr\/index.php\/wp-json\/wp\/v2\/product_brand?post=760375"},{"taxonomy":"product_cat","embeddable":true,"href":"https:\/\/roveyayinevi.com.tr\/index.php\/wp-json\/wp\/v2\/product_cat?post=760375"},{"taxonomy":"product_tag","embeddable":true,"href":"https:\/\/roveyayinevi.com.tr\/index.php\/wp-json\/wp\/v2\/product_tag?post=760375"}],"curies":[{"name":"wp","href":"https:\/\/api.w.org\/{rel}","templated":true}]}}