{"id":760367,"date":"2025-08-28T09:03:28","date_gmt":"2025-08-28T06:03:28","guid":{"rendered":"https:\/\/roveyayinevi.com.tr\/index.php\/urun\/tuhaf-alan\/"},"modified":"2026-04-16T03:13:09","modified_gmt":"2026-04-16T00:13:09","slug":"tuhaf-alan","status":"publish","type":"product","link":"https:\/\/roveyayinevi.com.tr\/index.php\/urun\/tuhaf-alan\/","title":{"rendered":"Tuhaf Alan"},"content":{"rendered":"<p>Tuhaf Alan edebiyat, felsefe, ileti\u015fim alan\u0131na sessizlik ile bakar; sessizli\u011fi de\u011fil; sessizli\u011fe yazar. Tuhaf olan, bu metnin edebiyat, felsefe veya ileti\u015fim alanlar\u0131na ilgi duyan okurlar\u0131, &#8220;edebiyat, felsefe veya ileti\u015fim metni de\u011fil&#8221; diye kar\u015f\u0131layacak olmas\u0131d\u0131r. Metnin kar\u015f\u0131lamad\u0131\u011f\u0131 alanlar herbirinin ilgili literat\u00fcr\u00fcne de\u011finse de bu literat\u00fcrlerden bildi\u011fimiz anlamda ge\u00e7meden yaz\u0131lm\u0131\u015flard\u0131r. Metin ne ba\u015flam\u0131\u015ft\u0131r ne s\u00fcrer ne de sona erer. Tuhaf Alan, Blanchot&#8217;nun sessizlikte d\u00f6n\u00fc\u015fen felaket&#8217;i; Deleuze&#8217;\u00fcn benzersiz yersizyurtsuzlu\u011fu; Derrida&#8217;n\u0131n bir ba\u015fka t\u00fcrl\u00fc karar verilemezli\u011fi; Foucault&#8217;nun \u015fimdiki zamana te\u015fhis koyan felsefesi ve daha nice d\u00fc\u015f\u00fcnceyi sessizlikle ve sessizlikte ele al\u0131rken d\u00fc\u015f\u00fcn\u00fcrlerin s\u00f6ylemediklerini ve yazmad\u0131klar\u0131n\u0131 da &#8220;sessizli\u011fe yazmaya&#8221; \u00e7evirmek \u00fczere felsefeden sanata, edebiyattan ileti\u015fime geni\u015f bir d\u00fczlemde derinlikli okumalarla kurgulanm\u0131\u015f bir sahneleme denemesidir&#8230; &#8220;Sessizlik anlamaya gelmez&#8221; diyen Tuhaf Alan&#8217;a okur neler diyecek? Bekleyip g\u00f6relim&#8230;<\/p>\n","protected":false},"excerpt":{"rendered":"<p>Tuhaf Alan edebiyat, felsefe, ileti\u015fim alan\u0131na sessizlik ile bakar; sessizli\u011fi de\u011fil; sessizli\u011fe yazar. Tuhaf olan, bu metnin edebiyat, felsefe veya ileti\u015fim alanlar\u0131na ilgi duyan okurlar\u0131, &#8220;edebiyat,<span class=\"excerpt-hellip\"> [\u2026]<\/span><\/p>\n","protected":false},"featured_media":0,"template":"","meta":{"_monsterinsights_skip_tracking":false,"_monsterinsights_sitenote_active":false,"_monsterinsights_sitenote_note":"","_monsterinsights_sitenote_category":0},"product_brand":[],"product_cat":[13072,12291],"product_tag":[],"class_list":{"0":"post-760367","1":"product","2":"type-product","3":"status-publish","5":"product_cat-arastirma-inceleme-referans","6":"product_cat-edebiyat","7":"pa_cilt-ciltsiz","8":"pa_tur-kitap","9":"pa_yayinevi-sel-yayincilik","10":"pa_yazar-burcu-canar","12":"first","13":"instock","14":"sale","15":"shipping-taxable","16":"purchasable","17":"product-type-simple"},"_links":{"self":[{"href":"https:\/\/roveyayinevi.com.tr\/index.php\/wp-json\/wp\/v2\/product\/760367","targetHints":{"allow":["GET"]}}],"collection":[{"href":"https:\/\/roveyayinevi.com.tr\/index.php\/wp-json\/wp\/v2\/product"}],"about":[{"href":"https:\/\/roveyayinevi.com.tr\/index.php\/wp-json\/wp\/v2\/types\/product"}],"wp:attachment":[{"href":"https:\/\/roveyayinevi.com.tr\/index.php\/wp-json\/wp\/v2\/media?parent=760367"}],"wp:term":[{"taxonomy":"product_brand","embeddable":true,"href":"https:\/\/roveyayinevi.com.tr\/index.php\/wp-json\/wp\/v2\/product_brand?post=760367"},{"taxonomy":"product_cat","embeddable":true,"href":"https:\/\/roveyayinevi.com.tr\/index.php\/wp-json\/wp\/v2\/product_cat?post=760367"},{"taxonomy":"product_tag","embeddable":true,"href":"https:\/\/roveyayinevi.com.tr\/index.php\/wp-json\/wp\/v2\/product_tag?post=760367"}],"curies":[{"name":"wp","href":"https:\/\/api.w.org\/{rel}","templated":true}]}}