{"id":760365,"date":"2025-08-28T09:03:24","date_gmt":"2025-08-28T06:03:24","guid":{"rendered":"https:\/\/roveyayinevi.com.tr\/index.php\/urun\/acemi-yazarlar-icin-bir-kilavuz\/"},"modified":"2026-04-16T03:13:09","modified_gmt":"2026-04-16T00:13:09","slug":"acemi-yazarlar-icin-bir-kilavuz","status":"publish","type":"product","link":"https:\/\/roveyayinevi.com.tr\/index.php\/urun\/acemi-yazarlar-icin-bir-kilavuz\/","title":{"rendered":"Acemi Yazarlar \u0130\u00e7in Bir K\u0131lavuz"},"content":{"rendered":"<p>Acemi yazarlara kendileri olmay\u0131 tembihleyen, onlar\u0131 itaatsizli\u011fe davet eden ve y\u00f6nelimlerini sindirmeye kalk\u0131\u015fan her \u015feye: kariyerizme, yaltak\u00e7\u0131l\u0131\u011fa, tan\u0131nma iste\u011fine, narsisizme kar\u015f\u0131 ikaz eden Pr\u00e9vost; virajlardan, yoku\u015flardan ve rampalardan m\u00fcte\u015fekkil zorlu bir yolun haritas\u0131n\u0131 \u00e7\u0131kar\u0131yor. Daima g\u00fcncelli\u011fini koruyan &#8220;pratik tavsiyeler&#8221; verirken salon entelekt\u00fcellerine kar\u015f\u0131 da s\u00f6z\u00fcn\u00fc sak\u0131nm\u0131yor.Geriye yoldan geri d\u00f6nmeme inad\u0131n\u0131 ku\u015fanmak kal\u0131yor.<\/p>\n","protected":false},"excerpt":{"rendered":"<p>Acemi yazarlara kendileri olmay\u0131 tembihleyen, onlar\u0131 itaatsizli\u011fe davet eden ve y\u00f6nelimlerini sindirmeye kalk\u0131\u015fan her \u015feye: kariyerizme, yaltak\u00e7\u0131l\u0131\u011fa, tan\u0131nma iste\u011fine, narsisizme kar\u015f\u0131 ikaz eden Pr\u00e9vost; virajlardan, yoku\u015flardan<span class=\"excerpt-hellip\"> [\u2026]<\/span><\/p>\n","protected":false},"featured_media":0,"template":"","meta":{"_monsterinsights_skip_tracking":false,"_monsterinsights_sitenote_active":false,"_monsterinsights_sitenote_note":"","_monsterinsights_sitenote_category":0},"product_brand":[],"product_cat":[12777,12291],"product_tag":[],"class_list":{"0":"post-760365","1":"product","2":"type-product","3":"status-publish","5":"product_cat-deneme","6":"product_cat-edebiyat","7":"pa_cilt-ciltsiz","8":"pa_tur-kitap","9":"pa_yayinevi-sel-yayincilik","10":"pa_yazar-jean-prevost","12":"first","13":"instock","14":"sale","15":"shipping-taxable","16":"purchasable","17":"product-type-simple"},"_links":{"self":[{"href":"https:\/\/roveyayinevi.com.tr\/index.php\/wp-json\/wp\/v2\/product\/760365","targetHints":{"allow":["GET"]}}],"collection":[{"href":"https:\/\/roveyayinevi.com.tr\/index.php\/wp-json\/wp\/v2\/product"}],"about":[{"href":"https:\/\/roveyayinevi.com.tr\/index.php\/wp-json\/wp\/v2\/types\/product"}],"wp:attachment":[{"href":"https:\/\/roveyayinevi.com.tr\/index.php\/wp-json\/wp\/v2\/media?parent=760365"}],"wp:term":[{"taxonomy":"product_brand","embeddable":true,"href":"https:\/\/roveyayinevi.com.tr\/index.php\/wp-json\/wp\/v2\/product_brand?post=760365"},{"taxonomy":"product_cat","embeddable":true,"href":"https:\/\/roveyayinevi.com.tr\/index.php\/wp-json\/wp\/v2\/product_cat?post=760365"},{"taxonomy":"product_tag","embeddable":true,"href":"https:\/\/roveyayinevi.com.tr\/index.php\/wp-json\/wp\/v2\/product_tag?post=760365"}],"curies":[{"name":"wp","href":"https:\/\/api.w.org\/{rel}","templated":true}]}}