{"id":760361,"date":"2025-08-28T09:03:17","date_gmt":"2025-08-28T06:03:17","guid":{"rendered":"https:\/\/roveyayinevi.com.tr\/index.php\/urun\/bozkurtlarin-olumu\/"},"modified":"2026-04-16T03:13:09","modified_gmt":"2026-04-16T00:13:09","slug":"bozkurtlarin-olumu","status":"publish","type":"product","link":"https:\/\/roveyayinevi.com.tr\/index.php\/urun\/bozkurtlarin-olumu\/","title":{"rendered":"Bozkurtlar\u0131n \u00d6l\u00fcm\u00fc"},"content":{"rendered":"<p>Bozkurtlar\u0131n \u00d6l\u00fcm\u00fc yay\u0131mlan\u0131\u015f\u0131ndan yakla\u015f\u0131k 80 y\u0131l sonra bu defa \u00e7izgi roman okurlar\u0131n\u0131n be\u011fenisine sunuluyor.Sonsuz bozk\u0131rda G\u00f6kt\u00fcrk egemenli\u011finin ilk devresi b\u00fct\u00fcn ihti\u015fam\u0131yla s\u00fcr\u00fcyor fakat bir gaflet \u00e7a\u011f\u0131na girildi\u011finin ilk alametleri de belirdi. Tanr\u0131 T\u00fcrklere k\u0131zg\u0131n m\u0131? \u00c7uluk Ka\u011fan\u2019\u0131 a\u011fulayan bir \u00c7inli katun bu cinayetine ra\u011fmen, maktul ka\u011fan\u0131n inisi ve Kara Ka\u011fan ad\u0131yla tahta \u00e7\u0131kan Ba\u011fatur \u015ead\u2019\u0131n yan\u0131 ba\u015f\u0131nda a\u015fina taht\u0131ndaki mevkisini korumay\u0131 s\u00fcrd\u00fcr\u00fcyor. G\u00f6kt\u00fcrklerin gelece\u011finde b\u00fcy\u00fck rol\u00fc olacak ilk isimler de beliriyor: \u00c7uluk Ka\u011fan\u2019\u0131n b\u00fcy\u00fck o\u011flu Ya\u015far \u015ead, Tulu Han ad\u0131yla Tunguz ve Tatarlar\u0131n \u00fcst\u00fcne han olarak g\u00f6nderildi; k\u00fc\u00e7\u00fck o\u011flu \u015eu Tegin ise K\u00fcr \u015ead ad\u0131yla r\u00fctbe ald\u0131. Y\u0131k\u0131l\u0131\u015f, esaret ve \u00f6zg\u00fcrl\u00fck odunun \u00e7evreledi\u011fi sahne kuruluyor!<\/p>\n","protected":false},"excerpt":{"rendered":"<p>Bozkurtlar\u0131n \u00d6l\u00fcm\u00fc yay\u0131mlan\u0131\u015f\u0131ndan yakla\u015f\u0131k 80 y\u0131l sonra bu defa \u00e7izgi roman okurlar\u0131n\u0131n be\u011fenisine sunuluyor.Sonsuz bozk\u0131rda G\u00f6kt\u00fcrk egemenli\u011finin ilk devresi b\u00fct\u00fcn ihti\u015fam\u0131yla s\u00fcr\u00fcyor fakat bir gaflet \u00e7a\u011f\u0131na<span class=\"excerpt-hellip\"> [\u2026]<\/span><\/p>\n","protected":false},"featured_media":0,"template":"","meta":{"_monsterinsights_skip_tracking":false,"_monsterinsights_sitenote_active":false,"_monsterinsights_sitenote_note":"","_monsterinsights_sitenote_category":0},"product_brand":[],"product_cat":[12416,12291],"product_tag":[],"class_list":{"0":"post-760361","1":"product","2":"type-product","3":"status-publish","5":"product_cat-cizgi-roman","6":"product_cat-edebiyat","7":"pa_cilt-ciltsiz","8":"pa_tur-kitap","9":"pa_yayinevi-otuken-nesriyat","10":"pa_yazar-huseyin-nihal-atsiz","12":"first","13":"instock","14":"sale","15":"shipping-taxable","16":"purchasable","17":"product-type-simple"},"_links":{"self":[{"href":"https:\/\/roveyayinevi.com.tr\/index.php\/wp-json\/wp\/v2\/product\/760361","targetHints":{"allow":["GET"]}}],"collection":[{"href":"https:\/\/roveyayinevi.com.tr\/index.php\/wp-json\/wp\/v2\/product"}],"about":[{"href":"https:\/\/roveyayinevi.com.tr\/index.php\/wp-json\/wp\/v2\/types\/product"}],"wp:attachment":[{"href":"https:\/\/roveyayinevi.com.tr\/index.php\/wp-json\/wp\/v2\/media?parent=760361"}],"wp:term":[{"taxonomy":"product_brand","embeddable":true,"href":"https:\/\/roveyayinevi.com.tr\/index.php\/wp-json\/wp\/v2\/product_brand?post=760361"},{"taxonomy":"product_cat","embeddable":true,"href":"https:\/\/roveyayinevi.com.tr\/index.php\/wp-json\/wp\/v2\/product_cat?post=760361"},{"taxonomy":"product_tag","embeddable":true,"href":"https:\/\/roveyayinevi.com.tr\/index.php\/wp-json\/wp\/v2\/product_tag?post=760361"}],"curies":[{"name":"wp","href":"https:\/\/api.w.org\/{rel}","templated":true}]}}