{"id":760357,"date":"2025-08-28T09:03:10","date_gmt":"2025-08-28T06:03:10","guid":{"rendered":"https:\/\/roveyayinevi.com.tr\/index.php\/urun\/tek-materyal-cok-oyun\/"},"modified":"2026-04-16T03:13:09","modified_gmt":"2026-04-16T00:13:09","slug":"tek-materyal-cok-oyun","status":"publish","type":"product","link":"https:\/\/roveyayinevi.com.tr\/index.php\/urun\/tek-materyal-cok-oyun\/","title":{"rendered":"Tek Materyal \u00c7ok Oyun"},"content":{"rendered":"<p>Bu kitap aile\/ebeveyn-\u00e7ocuk ili\u015fkisini desteklemek, ebeveynlerin \u00e7ocuklar\u0131yla birlikte vakit ge\u00e7irmelerini kolayla\u015ft\u0131rmak amac\u0131yla yaz\u0131lm\u0131\u015ft\u0131r. Aile, \u00e7ocuklar\u0131n ilk sosyalle\u015fti\u011fi yer oldu\u011fundan, bir\u00e7ok beceri de aile ile \u00f6\u011frenilir. B\u00f6ylece, \u00e7ocu\u011fun okul s\u00fcreci de desteklenmi\u015f olur. *** \u201cYarat\u0131c\u0131l\u0131k, disiplin ve \u00e7ocuksu bir ruhun birle\u015fiminden olu\u015fur,\u201d der Robert Greene. Kitapta bulunan ve yarat\u0131c\u0131l\u0131\u011f\u0131 destekleyen etkinlikleri her hafta sonu \u00e7al\u0131\u015farak kuraca\u011f\u0131n\u0131z disipline, bir zamanlar deneyimlemi\u015f oldu\u011funuz \u00e7ocukluk hislerinizi ekleyerek, g\u00fczel \u00e7ocuklar\u0131n\u0131za e\u015flik edebilirsiniz. *** Bir y\u0131l boyunca her hafta sonu i\u00e7in bir \u00f6neri, toplam elli iki materyal ve her materyal i\u00e7in en az \u00fc\u00e7 oyun \u00f6nerisini bu kitapta bulabilirsiniz. Oyun \u00f6nerileri daha kolay ya da zor seviyelere d\u00f6n\u00fc\u015febilecek yap\u0131dad\u0131r ve b\u00f6ylece geni\u015f bir ya\u015f grubunu ve farkl\u0131 geli\u015fimsel \u00f6zellikler g\u00f6steren \u00e7ocuklar\u0131 kapsay\u0131c\u0131 niteliktedir.<\/p>\n","protected":false},"excerpt":{"rendered":"<p>Bu kitap aile\/ebeveyn-\u00e7ocuk ili\u015fkisini desteklemek, ebeveynlerin \u00e7ocuklar\u0131yla birlikte vakit ge\u00e7irmelerini kolayla\u015ft\u0131rmak amac\u0131yla yaz\u0131lm\u0131\u015ft\u0131r. Aile, \u00e7ocuklar\u0131n ilk sosyalle\u015fti\u011fi yer oldu\u011fundan, bir\u00e7ok beceri de aile ile \u00f6\u011frenilir. B\u00f6ylece,<span class=\"excerpt-hellip\"> [\u2026]<\/span><\/p>\n","protected":false},"featured_media":0,"template":"","meta":{"_monsterinsights_skip_tracking":false,"_monsterinsights_sitenote_active":false,"_monsterinsights_sitenote_note":"","_monsterinsights_sitenote_category":0},"product_brand":[],"product_cat":[12831,12324],"product_tag":[],"class_list":{"0":"post-760357","1":"product","2":"type-product","3":"status-publish","5":"product_cat-aile-ve-cocuk","6":"product_cat-sosyoloji","7":"pa_cilt-ciltsiz","8":"pa_tur-kitap","9":"pa_yayinevi-luna-yayinlari","10":"pa_yazar-pinar-ezgi-burc","12":"first","13":"instock","14":"sale","15":"shipping-taxable","16":"purchasable","17":"product-type-simple"},"_links":{"self":[{"href":"https:\/\/roveyayinevi.com.tr\/index.php\/wp-json\/wp\/v2\/product\/760357","targetHints":{"allow":["GET"]}}],"collection":[{"href":"https:\/\/roveyayinevi.com.tr\/index.php\/wp-json\/wp\/v2\/product"}],"about":[{"href":"https:\/\/roveyayinevi.com.tr\/index.php\/wp-json\/wp\/v2\/types\/product"}],"wp:attachment":[{"href":"https:\/\/roveyayinevi.com.tr\/index.php\/wp-json\/wp\/v2\/media?parent=760357"}],"wp:term":[{"taxonomy":"product_brand","embeddable":true,"href":"https:\/\/roveyayinevi.com.tr\/index.php\/wp-json\/wp\/v2\/product_brand?post=760357"},{"taxonomy":"product_cat","embeddable":true,"href":"https:\/\/roveyayinevi.com.tr\/index.php\/wp-json\/wp\/v2\/product_cat?post=760357"},{"taxonomy":"product_tag","embeddable":true,"href":"https:\/\/roveyayinevi.com.tr\/index.php\/wp-json\/wp\/v2\/product_tag?post=760357"}],"curies":[{"name":"wp","href":"https:\/\/api.w.org\/{rel}","templated":true}]}}