{"id":760349,"date":"2025-08-28T09:02:56","date_gmt":"2025-08-28T06:02:56","guid":{"rendered":"https:\/\/roveyayinevi.com.tr\/index.php\/urun\/kizil-aura\/"},"modified":"2026-04-16T03:13:08","modified_gmt":"2026-04-16T00:13:08","slug":"kizil-aura","status":"publish","type":"product","link":"https:\/\/roveyayinevi.com.tr\/index.php\/urun\/kizil-aura\/","title":{"rendered":"K\u0131z\u0131l Aura"},"content":{"rendered":"<p>\u201cG\u00f6r\u00fcnt\u00fclerden anlayaca\u011f\u0131n\u0131z gibi b\u00fct\u00fcn b\u00f6lgede sadece g\u00fcvenlik g\u00f6revlileri var. Bu dakikaya kadar y\u00fcz on dokuz ceset tespit edildi\u011fini \u00f6\u011frenebildik. Bu cesetler yanm\u0131\u015f, nas\u0131l yand\u0131klar\u0131 konusunda hi\u00e7bir a\u00e7\u0131klama yap\u0131lmad\u0131. Ancak g\u00f6rg\u00fc tan\u0131klar\u0131, insanlar\u0131n birden yere y\u0131\u011f\u0131ld\u0131klar\u0131n\u0131, sonra da yand\u0131klar\u0131n\u0131, yanarken arkalar\u0131nda dayan\u0131lmaz bir koku ve k\u00fcl y\u0131\u011f\u0131n\u0131 b\u0131rakt\u0131klar\u0131n\u0131 s\u00f6yl\u00fcyorlar. Bu y\u00fczden ger\u00e7ek \u00f6l\u00fc say\u0131s\u0131n\u0131 yetkililer de a\u00e7\u0131klayam\u0131yor. Kald\u0131r\u0131mlar, sokaklar siyah k\u00fcl \u00f6bekleriyle dolu. Ter\u00f6r sald\u0131r\u0131s\u0131n\u0131n niteli\u011fini ve kay\u0131plar\u0131n tam say\u0131s\u0131n\u0131 \u00f6\u011frenmek san\u0131r\u0131m zaman alacak.\u201d   Sanat tutkunu ve bilgisayar programc\u0131s\u0131 Osiris ve g\u00f6z\u00fc kara anti kapitalist Lili\u2026 \u0130kisinin de d\u00fcnyadan alacaklar\u0131 bir intikam var. \u0130yilerin y\u00f6netece\u011fi bir d\u00fcnya \u00fctopyas\u0131 kuruyorlar. Osiris\u2019in, insanlar\u0131n auras\u0131n\u0131 \u00f6l\u00e7en ve \u0130yi\u2019yi K\u00f6t\u00fc\u2019y\u00fc ay\u0131rt eden program\u0131yla \u00fctopyalar\u0131n\u0131 ger\u00e7ekle\u015ftireceklerini d\u00fc\u015f\u00fcn\u00fcyorlar ama\u2026   Her \u015fey yine o umutsuz ba\u015flang\u0131\u00e7 noktas\u0131na d\u00f6n\u00fcyor; a\u015fk nefrete, \u00fctopya ise distopyaya d\u00f6n\u00fc\u015f\u00fcyor. Soner Gedik K\u0131z\u0131l Aura\u2019da nefes kesici bir macera e\u015fli\u011finde k\u00f6t\u00fcl\u00fck, iyilik, \u00fctopya kavramlar\u0131n\u0131 tart\u0131\u015f\u0131yor ve okuru her \u00fctopyan\u0131n distopyaya d\u00f6n\u00fc\u015ft\u00fc\u011f\u00fc o kadersel ana g\u00f6t\u00fcr\u00fcyor. <\/p>\n","protected":false},"excerpt":{"rendered":"<p>\u201cG\u00f6r\u00fcnt\u00fclerden anlayaca\u011f\u0131n\u0131z gibi b\u00fct\u00fcn b\u00f6lgede sadece g\u00fcvenlik g\u00f6revlileri var. Bu dakikaya kadar y\u00fcz on dokuz ceset tespit edildi\u011fini \u00f6\u011frenebildik. Bu cesetler yanm\u0131\u015f, nas\u0131l yand\u0131klar\u0131 konusunda hi\u00e7bir<span class=\"excerpt-hellip\"> [\u2026]<\/span><\/p>\n","protected":false},"featured_media":0,"template":"","meta":{"_monsterinsights_skip_tracking":false,"_monsterinsights_sitenote_active":false,"_monsterinsights_sitenote_note":"","_monsterinsights_sitenote_category":0},"product_brand":[],"product_cat":[12291,12711],"product_tag":[],"class_list":{"0":"post-760349","1":"product","2":"type-product","3":"status-publish","5":"product_cat-edebiyat","6":"product_cat-roman-oyku","7":"pa_cilt-ciltsiz","8":"pa_tur-kitap","9":"pa_yayinevi-dogan-kitap","10":"pa_yazar-soner-gedik","12":"first","13":"instock","14":"sale","15":"shipping-taxable","16":"purchasable","17":"product-type-simple"},"_links":{"self":[{"href":"https:\/\/roveyayinevi.com.tr\/index.php\/wp-json\/wp\/v2\/product\/760349","targetHints":{"allow":["GET"]}}],"collection":[{"href":"https:\/\/roveyayinevi.com.tr\/index.php\/wp-json\/wp\/v2\/product"}],"about":[{"href":"https:\/\/roveyayinevi.com.tr\/index.php\/wp-json\/wp\/v2\/types\/product"}],"wp:attachment":[{"href":"https:\/\/roveyayinevi.com.tr\/index.php\/wp-json\/wp\/v2\/media?parent=760349"}],"wp:term":[{"taxonomy":"product_brand","embeddable":true,"href":"https:\/\/roveyayinevi.com.tr\/index.php\/wp-json\/wp\/v2\/product_brand?post=760349"},{"taxonomy":"product_cat","embeddable":true,"href":"https:\/\/roveyayinevi.com.tr\/index.php\/wp-json\/wp\/v2\/product_cat?post=760349"},{"taxonomy":"product_tag","embeddable":true,"href":"https:\/\/roveyayinevi.com.tr\/index.php\/wp-json\/wp\/v2\/product_tag?post=760349"}],"curies":[{"name":"wp","href":"https:\/\/api.w.org\/{rel}","templated":true}]}}