{"id":760347,"date":"2025-08-28T09:02:52","date_gmt":"2025-08-28T06:02:52","guid":{"rendered":"https:\/\/roveyayinevi.com.tr\/index.php\/urun\/100-yil-cumhuriyete-mektuplar\/"},"modified":"2026-04-16T03:13:08","modified_gmt":"2026-04-16T00:13:08","slug":"100-yil-cumhuriyete-mektuplar","status":"publish","type":"product","link":"https:\/\/roveyayinevi.com.tr\/index.php\/urun\/100-yil-cumhuriyete-mektuplar\/","title":{"rendered":"100. Y\u0131l Cumhuriyet\u2019e Mektuplar"},"content":{"rendered":"<p>Cumhuriyet T\u00fcrkiye\u2019dir, T\u00fcrkiye sevdal\u0131s\u0131 olmakt\u0131r. \u2014 Ayd\u0131n Do\u011fan, Do\u011fan Holding Onursal Ba\u015fkan\u0131   Sen var olduk\u00e7a biz, biz var olduk\u00e7a sen hep var olacaks\u0131n! \u2014 Ay\u015fe Kulin, Yazar   \u0130kinci y\u00fczy\u0131la ilerlerken de\u011ferlerimizi g\u00fc\u00e7lendirerek  Atat\u00fcrk\u2019\u00fcn miras\u0131n\u0131 ya\u015fataca\u011f\u0131m\u0131za ve ortak hayallerimizi ger\u00e7e\u011fe d\u00f6n\u00fc\u015ft\u00fcrmek i\u00e7in \u00e7al\u0131\u015faca\u011f\u0131m\u0131za y\u00fcrekten inan\u0131yorum. \u2014 Beg\u00fcm Do\u011fan Faralyal\u0131, Do\u011fan Holding Y\u00f6netim Kurulu Ba\u015fkan\u0131   Cumhuriyet\u2019in k\u0131ymetini bilelim. Onu ya\u015fatmak, koruyup g\u00f6zetmek, ona sahip \u00e7\u0131kmak hepimizin boynunun borcudur&#8230; \u2014 Dr. G\u00fclseren Buday\u0131c\u0131o\u011flu, Psikiyatrist   Hi\u00e7 \u015f\u00fcphesiz laiklik kavram\u0131, Atat\u00fcrk\u2019\u00fcn ulusa en b\u00fcy\u00fck hediyesidir. \u2014 Muazzez \u0130lmiye \u00c7\u0131\u011f, S\u00fcmerolog   Son olarak vurgulamak isterim ki, Atat\u00fcrk\u2019\u00fcn T\u00fcrkiye i\u00e7in \u00e7izdi\u011fi yol h\u00e2l\u00e2 tek ge\u00e7erli yoldur; \u00e7\u00fcnk\u00fc akl\u0131n ve bilimin yoludur. \u2014 \u00d6mer Ko\u00e7, \u0130\u015f \u0130nsan\u0131 Do\u011fan Kitap Cumhuriyet\u2019in 100. Y\u0131l\u0131nda \u201cUlus Cumhuriyet\u2019ine sesleniyor\u201d \u015fiar\u0131yla Cumhuriyet\u2019e Mektuplar Projesi\u2019ni ba\u015flatt\u0131. T\u00fcrkiye\u2019nin her yerinden, her ya\u015ftan, her meslekten y\u00fczlerce insan kaleme sar\u0131ld\u0131. Cumhuriyet\u2019in kolektif bir co\u015fku, sivil bir irade oldu\u011funu g\u00f6stermek, tarihe vefa borcunu \u00f6demek, gelece\u011fe bir miras\u0131 emanet etmek i\u00e7in.   Nice 100 y\u0131llara, co\u015fkuyla! <\/p>\n","protected":false},"excerpt":{"rendered":"<p>Cumhuriyet T\u00fcrkiye\u2019dir, T\u00fcrkiye sevdal\u0131s\u0131 olmakt\u0131r. \u2014 Ayd\u0131n Do\u011fan, Do\u011fan Holding Onursal Ba\u015fkan\u0131 Sen var olduk\u00e7a biz, biz var olduk\u00e7a sen hep var olacaks\u0131n! \u2014 Ay\u015fe Kulin,<span class=\"excerpt-hellip\"> [\u2026]<\/span><\/p>\n","protected":false},"featured_media":0,"template":"","meta":{"_monsterinsights_skip_tracking":false,"_monsterinsights_sitenote_active":false,"_monsterinsights_sitenote_note":"","_monsterinsights_sitenote_category":0},"product_brand":[],"product_cat":[12777,12291],"product_tag":[],"class_list":{"0":"post-760347","1":"product","2":"type-product","3":"status-publish","5":"product_cat-deneme","6":"product_cat-edebiyat","7":"pa_cilt-ciltsiz","8":"pa_tur-kitap","9":"pa_yayinevi-dogan-kitap","10":"pa_yazar-kolektif","12":"first","13":"instock","14":"sale","15":"shipping-taxable","16":"purchasable","17":"product-type-simple"},"_links":{"self":[{"href":"https:\/\/roveyayinevi.com.tr\/index.php\/wp-json\/wp\/v2\/product\/760347","targetHints":{"allow":["GET"]}}],"collection":[{"href":"https:\/\/roveyayinevi.com.tr\/index.php\/wp-json\/wp\/v2\/product"}],"about":[{"href":"https:\/\/roveyayinevi.com.tr\/index.php\/wp-json\/wp\/v2\/types\/product"}],"wp:attachment":[{"href":"https:\/\/roveyayinevi.com.tr\/index.php\/wp-json\/wp\/v2\/media?parent=760347"}],"wp:term":[{"taxonomy":"product_brand","embeddable":true,"href":"https:\/\/roveyayinevi.com.tr\/index.php\/wp-json\/wp\/v2\/product_brand?post=760347"},{"taxonomy":"product_cat","embeddable":true,"href":"https:\/\/roveyayinevi.com.tr\/index.php\/wp-json\/wp\/v2\/product_cat?post=760347"},{"taxonomy":"product_tag","embeddable":true,"href":"https:\/\/roveyayinevi.com.tr\/index.php\/wp-json\/wp\/v2\/product_tag?post=760347"}],"curies":[{"name":"wp","href":"https:\/\/api.w.org\/{rel}","templated":true}]}}