{"id":760344,"date":"2025-08-28T09:02:47","date_gmt":"2025-08-28T06:02:47","guid":{"rendered":"https:\/\/roveyayinevi.com.tr\/index.php\/urun\/yirmi-bes-kesifte-evrimin-oykusu\/"},"modified":"2026-04-16T03:13:08","modified_gmt":"2026-04-16T00:13:08","slug":"yirmi-bes-kesifte-evrimin-oykusu","status":"publish","type":"product","link":"https:\/\/roveyayinevi.com.tr\/index.php\/urun\/yirmi-bes-kesifte-evrimin-oykusu\/","title":{"rendered":"Yirmi Be\u015f Ke\u015fifte Evrimin \u00d6yk\u00fcs\u00fc"},"content":{"rendered":"<p>\u201cAnlat\u0131lan senin hik\u00e2yen.\u201d   Evrim teorisi modern bilimin ve \u00f6zellikle de biyolojinin en g\u00f6rkemli ba\u015far\u0131lar\u0131ndan biri. Yery\u00fcz\u00fcn\u00fcn ge\u00e7mi\u015finde yollar\u0131 birbiriyle kesi\u015fen say\u0131s\u0131z \u00f6yk\u00fcden g\u00f6rkemli ve g\u00fcr bir aile a\u011fac\u0131 olu\u015fturup canl\u0131lar\u0131n ge\u00e7mi\u015fini, bug\u00fcn\u00fcn\u00fc ve gelece\u011fini birbirine ba\u011fl\u0131yor. D\u00fcnyaya ve d\u00fcnya i\u00e7indeki yerimize ili\u015fkin bak\u0131\u015f\u0131m\u0131z\u0131 derinle\u015ftirmekle kalmay\u0131p evrenin boyutlar\u0131 ve hayat\u0131n zenginli\u011fi kar\u015f\u0131s\u0131nda bizi daha m\u00fctevaz\u0131 olmaya da te\u015fvik ediyor. Yine de etraf\u0131ndaki tart\u0131\u015fmalar bitmek bilmiyor, hatta gittik\u00e7e daha da karma\u015f\u0131kla\u015f\u0131yor ve evrimi anlamak isteyenlerin g\u00f6z\u00fcn\u00fc en ba\u015f\u0131ndan korkutabiliyor. Evrime dair kan\u0131tlar her ge\u00e7en g\u00fcn artarken ve yepyeni y\u00f6ntemler ile tekniklerin kullan\u0131lmas\u0131yla \u015fa\u015f\u0131rt\u0131c\u0131 sonu\u00e7lara ula\u015f\u0131l\u0131rken evrimi ve evrim teorisini nas\u0131l anlayabiliriz ve anlatabiliriz? \u2022 Evrim nedir, evrim teorisi nedir? \u2022 Evrim \u201csadece bir teori\u201d midir? \u2022 Canl\u0131lar\u0131n v\u00fccut yap\u0131lar\u0131 kusursuz mu? \u2022 Ge\u00e7i\u015f fosilleri var m\u0131, yok mu? \u2022 Evrim tamamland\u0131 m\u0131, yoksa devam ediyor mu? \u2022 G\u00f6z\u00fcn hikmeti var m\u0131? \u2022 \u0130nsanlar nereden geldiler? Bu kitapta, tan\u0131nm\u0131\u015f paleontolog Donald R. Prothero, yan\u0131t\u0131 merak edilen bu ve benzeri sorulara g\u00fcncel bilgilerin ve bulgular\u0131n \u0131\u015f\u0131\u011f\u0131nda bir yan\u0131t veriyor. Biyoloji biliminin ve evrim teorisinin \u00e7ehresini de\u011fi\u015ftiren yirmi be\u015f ke\u015ffin ve bu ke\u015fifleri yapanlar\u0131n \u00f6yk\u00fcleri \u00fczerinden evrim hakk\u0131nda do\u011fru ve yanl\u0131\u015f bilinenleri, halk efsaneleri ile bilimsel ger\u00e7ekleri her ya\u015ftan okurun kolayl\u0131kla anlayabilece\u011fi berrak bir dille ortaya koyuyor. Evrimin ve canl\u0131lar\u0131n ge\u00e7mi\u015fine, insanl\u0131\u011f\u0131n \u00f6yk\u00fcs\u00fcne ilgi duyan herkesin kitapl\u0131\u011f\u0131nda bulunmas\u0131 gereken bir \u201cevrimi anlama k\u0131lavuzu\u201d sunuyor.<\/p>\n","protected":false},"excerpt":{"rendered":"<p>\u201cAnlat\u0131lan senin hik\u00e2yen.\u201d Evrim teorisi modern bilimin ve \u00f6zellikle de biyolojinin en g\u00f6rkemli ba\u015far\u0131lar\u0131ndan biri. Yery\u00fcz\u00fcn\u00fcn ge\u00e7mi\u015finde yollar\u0131 birbiriyle kesi\u015fen say\u0131s\u0131z \u00f6yk\u00fcden g\u00f6rkemli ve g\u00fcr bir<span class=\"excerpt-hellip\"> [\u2026]<\/span><\/p>\n","protected":false},"featured_media":0,"template":"","meta":{"_monsterinsights_skip_tracking":false,"_monsterinsights_sitenote_active":false,"_monsterinsights_sitenote_note":"","_monsterinsights_sitenote_category":0},"product_brand":[],"product_cat":[13005],"product_tag":[],"class_list":{"0":"post-760344","1":"product","2":"type-product","3":"status-publish","5":"product_cat-bilim-muhendislik","6":"pa_cilt-ciltsiz","7":"pa_tur-kitap","8":"pa_yayinevi-fol-kitap","9":"pa_yazar-donald-r-prothero","11":"first","12":"instock","13":"sale","14":"shipping-taxable","15":"purchasable","16":"product-type-simple"},"_links":{"self":[{"href":"https:\/\/roveyayinevi.com.tr\/index.php\/wp-json\/wp\/v2\/product\/760344","targetHints":{"allow":["GET"]}}],"collection":[{"href":"https:\/\/roveyayinevi.com.tr\/index.php\/wp-json\/wp\/v2\/product"}],"about":[{"href":"https:\/\/roveyayinevi.com.tr\/index.php\/wp-json\/wp\/v2\/types\/product"}],"wp:attachment":[{"href":"https:\/\/roveyayinevi.com.tr\/index.php\/wp-json\/wp\/v2\/media?parent=760344"}],"wp:term":[{"taxonomy":"product_brand","embeddable":true,"href":"https:\/\/roveyayinevi.com.tr\/index.php\/wp-json\/wp\/v2\/product_brand?post=760344"},{"taxonomy":"product_cat","embeddable":true,"href":"https:\/\/roveyayinevi.com.tr\/index.php\/wp-json\/wp\/v2\/product_cat?post=760344"},{"taxonomy":"product_tag","embeddable":true,"href":"https:\/\/roveyayinevi.com.tr\/index.php\/wp-json\/wp\/v2\/product_tag?post=760344"}],"curies":[{"name":"wp","href":"https:\/\/api.w.org\/{rel}","templated":true}]}}