{"id":760343,"date":"2025-08-28T09:02:46","date_gmt":"2025-08-28T06:02:46","guid":{"rendered":"https:\/\/roveyayinevi.com.tr\/index.php\/urun\/sanat-ve-mimarlik\/"},"modified":"2026-04-16T03:13:08","modified_gmt":"2026-04-16T00:13:08","slug":"sanat-ve-mimarlik","status":"publish","type":"product","link":"https:\/\/roveyayinevi.com.tr\/index.php\/urun\/sanat-ve-mimarlik\/","title":{"rendered":"Sanat ve Mimarl\u0131k"},"content":{"rendered":"<p>Bir tasar\u0131m zihinden prati\u011fe ge\u00e7erken bir\u00e7ok sapa\u011fa u\u011frar ve nihayetinde \u201c\u015fey\u201d olur. S\u00f6zgelimi bir bina veya bir tablo olarak g\u00f6z \u00f6n\u00fcne \u00e7\u0131kar. Peki, bu \u201c\u015fey\u201de ne zaman sanat veya mimarl\u0131k etiketi ile bakabiliriz? Bu sorudan bir ad\u0131m geriye, en ba\u015fa d\u00f6nersek sanat\u0131 ve mimarl\u0131\u011f\u0131 birlikte tan\u0131mlamak veya ikisini birbirinden ayr\u0131\u015ft\u0131rmak m\u00fcmk\u00fcn m\u00fcd\u00fcr? Bu kitapta siyasi, ekonomik ve toplumsal ko\u015fullardan \u00fcreyen sanat ve mimarl\u0131\u011f\u0131n birbirine bak\u0131\u015f\u0131, kesi\u015fim alanlar\u0131 ve s\u0131n\u0131r ihlalleri bu temel sorular etraf\u0131nda farkl\u0131 \u015fekillerde yan\u0131tlan\u0131yor. Celal Abdi G\u00fczer&#8217;in derledi\u011fi bu eserde, Sanayi Devrimi&#8217;nden yapay zek\u00e2 tart\u0131\u015fmalar\u0131na kadar uzanan bir zaman diliminde sanat ve mimarl\u0131\u011f\u0131n d\u00f6n\u00fc\u015f\u00fcmleri ele al\u0131n\u0131yor. Her d\u00f6nemde sanat ve mimarl\u0131\u011f\u0131n hegemonya ve sermayeyle ili\u015fkisini nas\u0131l konumland\u0131rd\u0131\u011f\u0131, \u201ckurulmu\u015f ger\u00e7eklik \u00e7a\u011f\u0131\u201dnda nas\u0131l hayata kar\u0131\u015ft\u0131\u011f\u0131 detayl\u0131 bir \u015fekilde irdeleniyor. Kitaptaki metinleri teori ve prati\u011fi harmanlayan yazarlar kaleme ald\u0131. Kitapta sadece sanat ve mimarl\u0131\u011f\u0131n karma\u015f\u0131k ili\u015fkisini de\u011fil, ayn\u0131 zamanda g\u00fcndelik hayata kar\u0131\u015ft\u0131k\u00e7a unutulan incelikleri de bulacaks\u0131n\u0131z.<\/p>\n","protected":false},"excerpt":{"rendered":"<p>Bir tasar\u0131m zihinden prati\u011fe ge\u00e7erken bir\u00e7ok sapa\u011fa u\u011frar ve nihayetinde \u201c\u015fey\u201d olur. S\u00f6zgelimi bir bina veya bir tablo olarak g\u00f6z \u00f6n\u00fcne \u00e7\u0131kar. Peki, bu \u201c\u015fey\u201de ne<span class=\"excerpt-hellip\"> [\u2026]<\/span><\/p>\n","protected":false},"featured_media":0,"template":"","meta":{"_monsterinsights_skip_tracking":false,"_monsterinsights_sitenote_active":false,"_monsterinsights_sitenote_note":"","_monsterinsights_sitenote_category":0},"product_brand":[],"product_cat":[13512,12408],"product_tag":[],"class_list":{"0":"post-760343","1":"product","2":"type-product","3":"status-publish","5":"product_cat-mimarlik","6":"product_cat-sanat","7":"pa_cilt-ciltsiz","8":"pa_tur-kitap","9":"pa_yayinevi-fol-kitap","10":"pa_yazar-celal-abdi-guzer","12":"first","13":"instock","14":"sale","15":"shipping-taxable","16":"purchasable","17":"product-type-simple"},"_links":{"self":[{"href":"https:\/\/roveyayinevi.com.tr\/index.php\/wp-json\/wp\/v2\/product\/760343","targetHints":{"allow":["GET"]}}],"collection":[{"href":"https:\/\/roveyayinevi.com.tr\/index.php\/wp-json\/wp\/v2\/product"}],"about":[{"href":"https:\/\/roveyayinevi.com.tr\/index.php\/wp-json\/wp\/v2\/types\/product"}],"wp:attachment":[{"href":"https:\/\/roveyayinevi.com.tr\/index.php\/wp-json\/wp\/v2\/media?parent=760343"}],"wp:term":[{"taxonomy":"product_brand","embeddable":true,"href":"https:\/\/roveyayinevi.com.tr\/index.php\/wp-json\/wp\/v2\/product_brand?post=760343"},{"taxonomy":"product_cat","embeddable":true,"href":"https:\/\/roveyayinevi.com.tr\/index.php\/wp-json\/wp\/v2\/product_cat?post=760343"},{"taxonomy":"product_tag","embeddable":true,"href":"https:\/\/roveyayinevi.com.tr\/index.php\/wp-json\/wp\/v2\/product_tag?post=760343"}],"curies":[{"name":"wp","href":"https:\/\/api.w.org\/{rel}","templated":true}]}}