{"id":760341,"date":"2025-08-28T09:02:43","date_gmt":"2025-08-28T06:02:43","guid":{"rendered":"https:\/\/roveyayinevi.com.tr\/index.php\/urun\/fridanin-cicekleri\/"},"modified":"2026-04-16T03:13:08","modified_gmt":"2026-04-16T00:13:08","slug":"fridanin-cicekleri","status":"publish","type":"product","link":"https:\/\/roveyayinevi.com.tr\/index.php\/urun\/fridanin-cicekleri\/","title":{"rendered":"Frida\u2019n\u0131n \u00c7i\u00e7ekleri"},"content":{"rendered":"<p>Kronik \u00c7ocuk\u2019tan umudu kaybetmemenin \u00f6nemini anlatan s\u0131cac\u0131k bir hik\u00e2ye: Frida\u2019n\u0131n \u00c7i\u00e7ekleri.   Hayata ve insanlara dair samimi ve yarat\u0131c\u0131 hik\u00e2yeleriyle okurlar\u0131na hi\u00e7bir zaman yaln\u0131z olmad\u0131klar\u0131n\u0131 hissettiren Zeynep Alpaslan\u2019\u0131n yeni kitab\u0131 Frida\u2019n\u0131n \u00c7i\u00e7ekleri Kronik \u00c7ocuk etiketiyle raflarda! Frida Kahlo\u2019nun ya\u015fam\u00f6yk\u00fcs\u00fc, Mavisu Demira\u011f\u2019\u0131n reng\u00e2renk Kahlo portreleriyle hayat buluyor.   Frida\u2019n\u0131n \u00c7i\u00e7ekleri; azmin, umudun ve direni\u015fin sembol\u00fc h\u00e2line gelmi\u015f Frida Kahlo\u2019nun hayat hik\u00e2yesini konu ediniyor. Zeynep Alpaslan; Kahlo\u2019nun ilham veren hik\u00e2yesini anlat\u0131rken ayn\u0131 zamanda b\u00fcy\u00fcmenin, k\u00f6k salman\u0131n ve kendini sevmenin \u00f6nemini de vurguluyor. Okurlar\u0131na bir nevi ya\u015famla m\u00fccadele k\u0131lavuzu sunan Alpaslan, etraf\u0131n\u0131z iskeletlerle ve zorluklarla \u00e7evriliyken bile korkuya kap\u0131lmadan \u00e7i\u00e7ek a\u00e7man\u0131n yollar\u0131n\u0131 g\u00f6steriyor; karanl\u0131\u011fa bir \u0131\u015f\u0131k tutuyor.   Bu kitab\u0131 okurken hem Kahlo\u2019nun hayat yolculu\u011funa e\u015flik edecek hem de onun \u00e7i\u00e7eklerinden ald\u0131\u011f\u0131n\u0131z ilhamla her ko\u015fulda ye\u015fermeyi, reng\u00e2renk \u00e7i\u00e7ekler a\u00e7may\u0131 \u00f6\u011freneceksiniz.   Hayat; umut dolu, kesintisiz ve muhte\u015fem bir m\u00fccadeledir!   M\u00dcFREDAT TEMALARI: K\u0130\u015e\u0130SEL GEL\u0130\u015e\u0130M, \u00c7OCUK D\u00dcNYASI, DO\u011eA SEVG\u0130S\u0130, \u00d6Z\u015eEFKAT, SANAT ***  Zeynep Alpaslan\u2019\u0131n yarat\u0131c\u0131 ve g\u00fc\u00e7l\u00fc\u0308 kaleminden k\u0131lavuz niteli\u011finde yepyeni bir eser: Frida\u2019n\u0131n \u00c7i\u00e7ekleri.   B\u00fcy\u00fcmek \u00e7ok zor, bir o kadar da b\u00fcy\u00fcleyici bir s\u00fcre\u00e7: T\u0131pk\u0131 bir \u00e7i\u00e7e\u011fin topra\u011f\u0131 yar\u0131\u015f\u0131, ilk nefes al\u0131\u015f\u0131, g\u00fcne\u015fe ilk sar\u0131l\u0131\u015f\u0131 gibi. Hayat dedi\u011fin koskoca bir bah\u00e7e, senin ilgine muhta\u00e7. Ne ekti\u011fine dikkat etmen gerek bah\u00e7ene, hayaller ya\u011fd\u0131rmal\u0131s\u0131n ya\u011fmur niyetine. K\u00f6k salmal\u0131s\u0131n kendini sevmeye. \u00c7aresizlik ve umutsuzluk sard\u0131\u011f\u0131nda etraf\u0131n\u0131, \u00e7i\u00e7ekleri izle. Sana yol g\u00f6sterecekler, merak etme.   Frida\u2019n\u0131n \u00c7i\u00e7ekleri, Frida Kahlo\u2019nun m\u00fccadeleyi ve azmi oda\u011f\u0131na alan ya\u015fam\u00f6yk\u00fcs\u00fcn\u00fcn e\u015fli\u011finde \u00e7ocuklara b\u00fcy\u00fcrken kar\u015f\u0131la\u015fabilecekleri zorluklar\u0131 s\u0131ms\u0131cak bir mesafeden anlat\u0131yor. \u00dcstelik al\u0131\u015f\u0131lm\u0131\u015f bir ya\u015fam\u00f6yk\u00fcs\u00fc kitab\u0131ndan \u00e7ok daha fazlas\u0131: Mavisu Demira\u011f\u2019\u0131n f\u0131r\u00e7as\u0131ndan d\u00f6k\u00fclen b\u00fcy\u00fcl\u00fc Kahlo portrelerinin e\u015flik etti\u011fi sayfalarda Frida\u2019n\u0131n ya\u015fam\u0131na bamba\u015fka bir yerden, bu kez \u00e7i\u00e7eklerin, ya\u015fam d\u00f6ng\u00fcs\u00fcn\u00fcn sihirli \u00e7er\u00e7evesinden bakacaks\u0131n\u0131z. <\/p>\n","protected":false},"excerpt":{"rendered":"<p>Kronik \u00c7ocuk\u2019tan umudu kaybetmemenin \u00f6nemini anlatan s\u0131cac\u0131k bir hik\u00e2ye: Frida\u2019n\u0131n \u00c7i\u00e7ekleri. Hayata ve insanlara dair samimi ve yarat\u0131c\u0131 hik\u00e2yeleriyle okurlar\u0131na hi\u00e7bir zaman yaln\u0131z olmad\u0131klar\u0131n\u0131 hissettiren Zeynep<span class=\"excerpt-hellip\"> [\u2026]<\/span><\/p>\n","protected":false},"featured_media":0,"template":"","meta":{"_monsterinsights_skip_tracking":false,"_monsterinsights_sitenote_active":false,"_monsterinsights_sitenote_note":"","_monsterinsights_sitenote_category":0},"product_brand":[],"product_cat":[12274],"product_tag":[],"class_list":{"0":"post-760341","1":"product","2":"type-product","3":"status-publish","5":"product_cat-cocuk-ve-genclik-kitaplari","6":"pa_cilt-ciltsiz","7":"pa_tur-kitap","8":"pa_yayinevi-kronik-kitap","9":"pa_yazar-zeynep-alpaslan","11":"first","12":"instock","13":"sale","14":"shipping-taxable","15":"purchasable","16":"product-type-simple"},"_links":{"self":[{"href":"https:\/\/roveyayinevi.com.tr\/index.php\/wp-json\/wp\/v2\/product\/760341","targetHints":{"allow":["GET"]}}],"collection":[{"href":"https:\/\/roveyayinevi.com.tr\/index.php\/wp-json\/wp\/v2\/product"}],"about":[{"href":"https:\/\/roveyayinevi.com.tr\/index.php\/wp-json\/wp\/v2\/types\/product"}],"wp:attachment":[{"href":"https:\/\/roveyayinevi.com.tr\/index.php\/wp-json\/wp\/v2\/media?parent=760341"}],"wp:term":[{"taxonomy":"product_brand","embeddable":true,"href":"https:\/\/roveyayinevi.com.tr\/index.php\/wp-json\/wp\/v2\/product_brand?post=760341"},{"taxonomy":"product_cat","embeddable":true,"href":"https:\/\/roveyayinevi.com.tr\/index.php\/wp-json\/wp\/v2\/product_cat?post=760341"},{"taxonomy":"product_tag","embeddable":true,"href":"https:\/\/roveyayinevi.com.tr\/index.php\/wp-json\/wp\/v2\/product_tag?post=760341"}],"curies":[{"name":"wp","href":"https:\/\/api.w.org\/{rel}","templated":true}]}}