{"id":760340,"date":"2025-08-28T09:02:42","date_gmt":"2025-08-28T06:02:42","guid":{"rendered":"https:\/\/roveyayinevi.com.tr\/index.php\/urun\/bagimlilik-ve-bagimliliklarla-mucadele\/"},"modified":"2026-04-16T03:13:08","modified_gmt":"2026-04-16T00:13:08","slug":"bagimlilik-ve-bagimliliklarla-mucadele","status":"publish","type":"product","link":"https:\/\/roveyayinevi.com.tr\/index.php\/urun\/bagimlilik-ve-bagimliliklarla-mucadele\/","title":{"rendered":"Ba\u011f\u0131ml\u0131l\u0131k ve Ba\u011f\u0131ml\u0131l\u0131klarla M\u00fccadele"},"content":{"rendered":"<p>BA\u011eIMLILIKLARI T\u00dcM Y\u00d6NLER\u0130YLEANLAMAK ve ANLATMAK Ba\u011f\u0131ml\u0131l\u0131k, san\u0131lan\u0131n aksine ya\u015fam\u0131m\u0131z\u0131n fazlas\u0131yla i\u00e7inde, d\u00f6rt bir yan\u0131m\u0131z\u0131 sarm\u0131\u015f ve art\u0131k ciddi \u015fekilde mu\u0308cadele edilmesi gereken bir hadise&#8230; Her ne kadar ilk anda akl\u0131m\u0131za madde kullan\u0131m\u0131 veya kumar ba\u011f\u0131ml\u0131l\u0131\u011f\u0131 gibi daha u\u00e7 \u00f6rnekler gelse de ba\u011f\u0131ml\u0131l\u0131\u011f\u0131n \u00e7ok daha masum g\u00f6ru\u0308nen fakat gu\u0308ndelik ya\u015fam\u0131 olduk\u00e7a ciddi \u015fekilde etkileyebilen bir\u00e7ok tu\u0308ru\u0308 bulunuyor. \u201cNe var yani birka\u00e7 saat telefona bakt\u0131ysam?\u201d, \u201cTelevizyonun kar\u015f\u0131s\u0131nda tu\u0308m gu\u0308n oturmaktan keyif al\u0131yorum.\u201d, \u201cOyuna girmezsem tu\u0308m kazand\u0131klar\u0131m heba olacak.\u201d, \u201cBir sigara keyfimiz var, olmas\u0131n m\u0131?\u201d gibi serzeni\u015fleri duymayan\u0131m\u0131z herh\u00e2lde yoktur. E\u011fer yapmaktan \u00e7ok keyif ald\u0131\u011f\u0131n\u0131z bir eylemi bir tu\u0308rlu\u0308 durduram\u0131yorsan\u0131z veya bir i\u015fe \u00e7ok \u00f6nemli olmas\u0131na ra\u011fmen s\u0131rf keyif ald\u0131\u011f\u0131n\u0131z etkinli\u011fi b\u0131rakamad\u0131\u011f\u0131n\u0131z i\u00e7in ba\u015flayam\u0131yorsan\u0131z \u00e7anlar sizin i\u00e7in \u00e7al\u0131yor olabilir. T\u00fct\u00fcn ba\u011f\u0131ml\u0131l\u0131\u011f\u0131, madde ba\u011f\u0131ml\u0131l\u0131\u011f\u0131, kumar ba\u011f\u0131ml\u0131l\u0131\u011f\u0131, al\u0131\u015fveri\u015f ba\u011f\u0131ml\u0131l\u0131\u011f\u0131, yeme ba\u011f\u0131ml\u0131l\u0131\u011f\u0131, oyun ba\u011f\u0131ml\u0131l\u0131\u011f\u0131, ak\u0131ll\u0131 telefon ba\u011f\u0131ml\u0131l\u0131\u011f\u0131, sosyal medya ba\u011f\u0131ml\u0131l\u0131\u011f\u0131. Peki, sizin ba\u011f\u0131ml\u0131l\u0131k tu\u0308ru\u0308nu\u0308z hangisi? Kendinizde ya da \u00e7ocu\u011funuzda hangi ba\u011f\u0131ml\u0131l\u0131\u011f\u0131n olabilece\u011finden \u015fu\u0308phe duyuyorsunuz?Her kesimden insan\u0131 hedef alan ba\u011f\u0131ml\u0131l\u0131k sorununu ne yarat\u0131yor olabilir? Bu alana y\u0131llar\u0131n\u0131 vermi\u015f k\u0131ymetli bilim insanlar\u0131yla kaleme al\u0131nan Ba\u011f\u0131ml\u0131l\u0131k ve Ba\u011f\u0131ml\u0131l\u0131klarla M\u00fccadele; farkl\u0131 ba\u011f\u0131ml\u0131l\u0131k tu\u0308rleri, nedenleri ve bu ba\u011f\u0131ml\u0131l\u0131klara ili\u015fkin \u00e7\u00f6zu\u0308m \u00f6nerilerini i\u00e7eren bir ba\u015fvuru kayna\u011f\u0131\u2026 Bu kitapta giderek yayg\u0131nla\u015fan davran\u0131\u015fsal ba\u011f\u0131ml\u0131l\u0131klar ve ge\u00e7mi\u015ften g\u00fcn\u00fcm\u00fcze tehdit olmay\u0131 s\u00fcrd\u00fcren madde ba\u011f\u0131ml\u0131l\u0131klar\u0131na ili\u015fkin bilim d\u00fcnyas\u0131nda y\u00fcr\u00fct\u00fclen ara\u015ft\u0131rmalar\u0131 ve uzmanlar\u0131n bak\u0131\u015f a\u00e7\u0131lar\u0131n\u0131 bulacaks\u0131n\u0131z. Hem profesyoneller hem de ba\u011f\u0131ml\u0131l\u0131klar konusunda bilgi sahibi olmak isteyen amat\u00f6r ara\u015ft\u0131rmac\u0131lar i\u00e7in etkili ve \u00f6\u011fretici bir k\u0131lavuz\u2026 <\/p>\n","protected":false},"excerpt":{"rendered":"<p>BA\u011eIMLILIKLARI T\u00dcM Y\u00d6NLER\u0130YLEANLAMAK ve ANLATMAK Ba\u011f\u0131ml\u0131l\u0131k, san\u0131lan\u0131n aksine ya\u015fam\u0131m\u0131z\u0131n fazlas\u0131yla i\u00e7inde, d\u00f6rt bir yan\u0131m\u0131z\u0131 sarm\u0131\u015f ve art\u0131k ciddi \u015fekilde mu\u0308cadele edilmesi gereken bir hadise&#8230; Her ne<span class=\"excerpt-hellip\"> [\u2026]<\/span><\/p>\n","protected":false},"featured_media":0,"template":"","meta":{"_monsterinsights_skip_tracking":false,"_monsterinsights_sitenote_active":false,"_monsterinsights_sitenote_note":"","_monsterinsights_sitenote_category":0},"product_brand":[],"product_cat":[12357],"product_tag":[],"class_list":{"0":"post-760340","1":"product","2":"type-product","3":"status-publish","5":"product_cat-psikoloji","6":"pa_cilt-ciltsiz","7":"pa_tur-kitap","8":"pa_yayinevi-kronik-kitap","9":"pa_yazar-ibrahim-kisac-davut-aydin-evren-erzen","11":"first","12":"instock","13":"sale","14":"shipping-taxable","15":"purchasable","16":"product-type-simple"},"_links":{"self":[{"href":"https:\/\/roveyayinevi.com.tr\/index.php\/wp-json\/wp\/v2\/product\/760340","targetHints":{"allow":["GET"]}}],"collection":[{"href":"https:\/\/roveyayinevi.com.tr\/index.php\/wp-json\/wp\/v2\/product"}],"about":[{"href":"https:\/\/roveyayinevi.com.tr\/index.php\/wp-json\/wp\/v2\/types\/product"}],"wp:attachment":[{"href":"https:\/\/roveyayinevi.com.tr\/index.php\/wp-json\/wp\/v2\/media?parent=760340"}],"wp:term":[{"taxonomy":"product_brand","embeddable":true,"href":"https:\/\/roveyayinevi.com.tr\/index.php\/wp-json\/wp\/v2\/product_brand?post=760340"},{"taxonomy":"product_cat","embeddable":true,"href":"https:\/\/roveyayinevi.com.tr\/index.php\/wp-json\/wp\/v2\/product_cat?post=760340"},{"taxonomy":"product_tag","embeddable":true,"href":"https:\/\/roveyayinevi.com.tr\/index.php\/wp-json\/wp\/v2\/product_tag?post=760340"}],"curies":[{"name":"wp","href":"https:\/\/api.w.org\/{rel}","templated":true}]}}