{"id":760335,"date":"2025-08-28T09:02:35","date_gmt":"2025-08-28T06:02:35","guid":{"rendered":"https:\/\/roveyayinevi.com.tr\/index.php\/urun\/dakikalar-icinde-kuantum-fizigi\/"},"modified":"2026-04-16T03:13:08","modified_gmt":"2026-04-16T00:13:08","slug":"dakikalar-icinde-kuantum-fizigi","status":"publish","type":"product","link":"https:\/\/roveyayinevi.com.tr\/index.php\/urun\/dakikalar-icinde-kuantum-fizigi\/","title":{"rendered":"Dakikalar \u0130\u00e7inde Kuantum Fizi\u011fi"},"content":{"rendered":"<p>Bilimlerin En Temeli En \u015ea\u015f\u0131rt\u0131c\u0131 Olan\u0131 Kuantum Fizi\u011fi   Maddenin g\u00f6zle g\u00f6r\u00fclmeyen d\u00fcnyas\u0131nda neler oluyor? Ayn\u0131 anda hem \u00f6l\u00fc hem de diri kediler nas\u0131l var olur? I\u015f\u0131nlanmalar nas\u0131l m\u00fcmk\u00fcn olmaktad\u0131r? Paralel evrenler ger\u00e7ek midir? Lazerler nas\u0131l ortaya \u00e7\u0131km\u0131\u015ft\u0131r? MRI t\u0131bb\u0131 taramalar\u0131nda kuantum, kendi v\u00fccudunuzda mekanizmalar\u0131 nas\u0131l harekete ge\u00e7irir? Kuantum fizi\u011fi temelli bilgisayarlar klasik bilgisayarlardan neden daha h\u0131zl\u0131d\u0131r? B\u00fcy\u00fck patlama nas\u0131l olmu\u015ftur? Nanobilimin temeli nedir?   Atomun i\u00e7i, Higgs bozonu, Heisenberg&#8217;in belirsizlik ilkesi, Schr\u00f6dinger&#8217;in kedisi, g\u00f6relilik, karanl\u0131k enerji ve madde, kara delikler, zar atan Tanr\u0131, Her \u015eeyin Teorisi, Evrenin do\u011fu\u015fu ve kaderi, sicim teorisi, kuantum hesaplama, s\u00fcperiletkenlik, kuantum biyolojisi, bilin\u00e7, bilgisayar ve telefonlar\u0131m\u0131zdaki elektroniklerin \u00e7al\u0131\u015fma prensibi, Einstein, Schr\u00f6dinger, Heisenberg, Planck, Dirac gibi fizik\u00e7iler ve daha fazlas\u0131 Dakikalar \u0130\u00e7inde Kuantum Fizi\u011fi kitab\u0131nda\u2026   200 basit \u00e7izimin ayd\u0131nlatt\u0131\u011f\u0131 bu anla\u015f\u0131l\u0131r ve \u00f6zet kitap herkesin atomalt\u0131 d\u00fcnyan\u0131n acayip ve g\u00fczel yanlar\u0131n\u0131, dolay\u0131s\u0131yla da ger\u00e7ekli\u011fin do\u011fas\u0131n\u0131 anlamas\u0131n\u0131 m\u00fcmk\u00fcn k\u0131l\u0131yor.<\/p>\n","protected":false},"excerpt":{"rendered":"<p>Bilimlerin En Temeli En \u015ea\u015f\u0131rt\u0131c\u0131 Olan\u0131 Kuantum Fizi\u011fi Maddenin g\u00f6zle g\u00f6r\u00fclmeyen d\u00fcnyas\u0131nda neler oluyor? Ayn\u0131 anda hem \u00f6l\u00fc hem de diri kediler nas\u0131l var olur? I\u015f\u0131nlanmalar<span class=\"excerpt-hellip\"> [\u2026]<\/span><\/p>\n","protected":false},"featured_media":0,"template":"","meta":{"_monsterinsights_skip_tracking":false,"_monsterinsights_sitenote_active":false,"_monsterinsights_sitenote_note":"","_monsterinsights_sitenote_category":0},"product_brand":[],"product_cat":[13005,13006],"product_tag":[],"class_list":{"0":"post-760335","1":"product","2":"type-product","3":"status-publish","5":"product_cat-bilim-muhendislik","6":"product_cat-populer-bilim","7":"pa_cilt-ciltsiz","8":"pa_tur-kitap","9":"pa_yayinevi-kronik-kitap","10":"pa_yazar-gemma-lavender","12":"first","13":"instock","14":"sale","15":"shipping-taxable","16":"purchasable","17":"product-type-simple"},"_links":{"self":[{"href":"https:\/\/roveyayinevi.com.tr\/index.php\/wp-json\/wp\/v2\/product\/760335","targetHints":{"allow":["GET"]}}],"collection":[{"href":"https:\/\/roveyayinevi.com.tr\/index.php\/wp-json\/wp\/v2\/product"}],"about":[{"href":"https:\/\/roveyayinevi.com.tr\/index.php\/wp-json\/wp\/v2\/types\/product"}],"wp:attachment":[{"href":"https:\/\/roveyayinevi.com.tr\/index.php\/wp-json\/wp\/v2\/media?parent=760335"}],"wp:term":[{"taxonomy":"product_brand","embeddable":true,"href":"https:\/\/roveyayinevi.com.tr\/index.php\/wp-json\/wp\/v2\/product_brand?post=760335"},{"taxonomy":"product_cat","embeddable":true,"href":"https:\/\/roveyayinevi.com.tr\/index.php\/wp-json\/wp\/v2\/product_cat?post=760335"},{"taxonomy":"product_tag","embeddable":true,"href":"https:\/\/roveyayinevi.com.tr\/index.php\/wp-json\/wp\/v2\/product_tag?post=760335"}],"curies":[{"name":"wp","href":"https:\/\/api.w.org\/{rel}","templated":true}]}}