{"id":760334,"date":"2025-08-28T09:02:34","date_gmt":"2025-08-28T06:02:34","guid":{"rendered":"https:\/\/roveyayinevi.com.tr\/index.php\/urun\/askeri-stratejinin-temelleri\/"},"modified":"2026-04-16T03:13:08","modified_gmt":"2026-04-16T00:13:08","slug":"askeri-stratejinin-temelleri","status":"publish","type":"product","link":"https:\/\/roveyayinevi.com.tr\/index.php\/urun\/askeri-stratejinin-temelleri\/","title":{"rendered":"Askeri Stratejinin Temelleri"},"content":{"rendered":"<p>Asker\u00ee Stratejinin Temelleri   G\u00fcn\u00fcm\u00fcz uluslararas\u0131 ortam\u0131nda, siyasi krizlerin derinle\u015fti\u011fi, b\u00f6lgesel sava\u015f ve \u00e7at\u0131\u015fmalar\u0131n artt\u0131\u011f\u0131 ve k\u00fcresel g\u00fc\u00e7 dengelerinin yeniden \u015fekillendi\u011fi bir d\u00f6nemde, asker\u00ee stratejinin temel prensiplerini anlamak ve analiz etmek giderek daha b\u00fcy\u00fck bir \u00f6nem kazan\u0131yor. Rusya Federasyonu&#8217;nun Ukrayna&#8217;daki m\u00fcdahalesi, \u0130srail\u2019in Gazze\u2019de insan haklar\u0131n\u0131 hi\u00e7e sayarak y\u00fcr\u00fctt\u00fc\u011f\u00fc asker\u00ee operasyonlar ve \u00c7in Halk Cumhuriyeti&#8217;nin uluslararas\u0131 alandaki y\u00fckseli\u015fi, asker\u00ee g\u00fc\u00e7 kullan\u0131m\u0131 ve stratejik planlaman\u0131n tart\u0131\u015f\u0131lmas\u0131n\u0131 zorunlu k\u0131lmaktad\u0131r.   Bu ba\u011flamda elinizdeki kitap, asker\u00ee stratejinin ontolojik ve epistemolojik temellerini detayl\u0131 bir \u015fekilde ele alarak, stratejik d\u00fc\u015f\u00fcnceyi \u015fekillendiren farkl\u0131 ak\u0131mlar\u0131 ve bu ak\u0131mlar\u0131n temel teorisyenlerini incelemektedir. Geleneksel \u00c7in stratejisinin ustas\u0131 Sun Tzu&#8217;dan Clausewitz\u2019e, n\u00fckleer stratejinin \u00f6nemli ismi Bernard Brodie\u2019den asker\u00ee de\u011fi\u015fim konusuna odaklanan Andrew Krepinevich&#8217;e kadar uzanan bir yelpazede, asker\u00ee stratejinin k\u00f6kenlerini ve evrimini kapsaml\u0131 bir \u015fekilde ele al\u0131rken, g\u00fcn\u00fcm\u00fczdeki uluslararas\u0131 g\u00fcvenlik ortam\u0131n\u0131 nas\u0131l etkiledi\u011fini anlamam\u0131za yard\u0131mc\u0131 olmay\u0131 ama\u00e7lamaktad\u0131r. Ayr\u0131ca kitab\u0131n, asker\u00ee strateji konusunda hem teorik hem de pratik deneyime sahip asker-akademisyenler taraf\u0131ndan kaleme al\u0131nm\u0131\u015f olmas\u0131 da ya\u015fanan terminolojik sorunlar\u0131n giderilmesine \u00f6nemli katk\u0131 sa\u011flamaktad\u0131r.   Asker\u00ee Stratejinin Temelleri: Kuramc\u0131lar, strateji konusundaki bilgi birikimini art\u0131rmak isteyen herkes i\u00e7in \u00f6nemli bir ba\u015fvuru kayna\u011f\u0131d\u0131r. G\u00fcncel uluslararas\u0131 olaylar ve siyasi geli\u015fmelerle ba\u011flant\u0131l\u0131 olarak stratejik d\u00fc\u015f\u00fcnceyi analiz etmek isteyen okuyucular i\u00e7in vazge\u00e7ilmez bir kaynakt\u0131r. SUN TZU &#8211; THUCYDIDES &#8211; KAUTILYA &#8211; MACHIAVELLI &#8211; GUSTAVUS ADOLPHUS &#8211; VAUBAN &#8211; MONTECUCCOLI &#8211; GUIBERT &#8211; DE SAXE &#8211; CLAUSEWITZ &#8211; JOMINI &#8211; MACKINDER &#8211; MAHAN &#8211; CORBETT &#8211; DOUHET &#8211; LIDDELL HART &#8211; KENNAN &#8211; LAWRENCE &#8211; GALULA &#8211; THOMPSON &#8211; BRzEZINSKI &#8211; BRODIE &#8211; NYE &#8211; KREPINEVICH &#8211; OGARKOV &#8211; MARSHALL<\/p>\n","protected":false},"excerpt":{"rendered":"<p>Asker\u00ee Stratejinin Temelleri G\u00fcn\u00fcm\u00fcz uluslararas\u0131 ortam\u0131nda, siyasi krizlerin derinle\u015fti\u011fi, b\u00f6lgesel sava\u015f ve \u00e7at\u0131\u015fmalar\u0131n artt\u0131\u011f\u0131 ve k\u00fcresel g\u00fc\u00e7 dengelerinin yeniden \u015fekillendi\u011fi bir d\u00f6nemde, asker\u00ee stratejinin temel prensiplerini<span class=\"excerpt-hellip\"> [\u2026]<\/span><\/p>\n","protected":false},"featured_media":0,"template":"","meta":{"_monsterinsights_skip_tracking":false,"_monsterinsights_sitenote_active":false,"_monsterinsights_sitenote_note":"","_monsterinsights_sitenote_category":0},"product_brand":[],"product_cat":[12304],"product_tag":[],"class_list":{"0":"post-760334","1":"product","2":"type-product","3":"status-publish","5":"product_cat-tarih","6":"pa_cilt-ciltsiz","7":"pa_tur-kitap","8":"pa_yayinevi-kronik-kitap","9":"pa_yazar-emrah-ozdemir-ali-bilgin-varlik","11":"first","12":"instock","13":"sale","14":"shipping-taxable","15":"purchasable","16":"product-type-simple"},"_links":{"self":[{"href":"https:\/\/roveyayinevi.com.tr\/index.php\/wp-json\/wp\/v2\/product\/760334","targetHints":{"allow":["GET"]}}],"collection":[{"href":"https:\/\/roveyayinevi.com.tr\/index.php\/wp-json\/wp\/v2\/product"}],"about":[{"href":"https:\/\/roveyayinevi.com.tr\/index.php\/wp-json\/wp\/v2\/types\/product"}],"wp:attachment":[{"href":"https:\/\/roveyayinevi.com.tr\/index.php\/wp-json\/wp\/v2\/media?parent=760334"}],"wp:term":[{"taxonomy":"product_brand","embeddable":true,"href":"https:\/\/roveyayinevi.com.tr\/index.php\/wp-json\/wp\/v2\/product_brand?post=760334"},{"taxonomy":"product_cat","embeddable":true,"href":"https:\/\/roveyayinevi.com.tr\/index.php\/wp-json\/wp\/v2\/product_cat?post=760334"},{"taxonomy":"product_tag","embeddable":true,"href":"https:\/\/roveyayinevi.com.tr\/index.php\/wp-json\/wp\/v2\/product_tag?post=760334"}],"curies":[{"name":"wp","href":"https:\/\/api.w.org\/{rel}","templated":true}]}}