{"id":760332,"date":"2025-08-28T09:02:30","date_gmt":"2025-08-28T06:02:30","guid":{"rendered":"https:\/\/roveyayinevi.com.tr\/index.php\/urun\/istanbul-tarihi\/"},"modified":"2026-04-16T03:13:08","modified_gmt":"2026-04-16T00:13:08","slug":"istanbul-tarihi","status":"publish","type":"product","link":"https:\/\/roveyayinevi.com.tr\/index.php\/urun\/istanbul-tarihi\/","title":{"rendered":"\u0130stanbul Tarihi"},"content":{"rendered":"<p>\u0130mparatorluklar Ba\u015fkentinin 2500 Y\u0131ll\u0131k Tarihi Tarih boyunca seyahatnamelere, ara\u015ft\u0131rmalara, romanlara, filmlere konu olmu\u015f, yery\u00fcz\u00fcn\u00fcn en eski \u015fehirlerinden biri olan \u0130stanbul&#8217;un 2500 y\u0131ll\u0131k tarihi&#8230; \u0130stanbul, 2500 y\u0131ll\u0131k tarihi boyunca defalarca harap edilmi\u015f, ya\u011fmalanm\u0131\u015f, g\u00f6rmezden gelinmi\u015f, t\u00fcrl\u00fc afetler, say\u0131s\u0131z badireler atlatm\u0131\u015ft\u0131r. Ancak her defas\u0131nda k\u00fcllerinden yeniden do\u011fmay\u0131 bilmi\u015f, topraklar\u0131n\u0131n \u00fczerinde egemenlik kuranlar\u0131n, g\u00f6nl\u00fcnde taht kurmay\u0131 ba\u015farm\u0131\u015ft\u0131r. \u015eehre h\u00e2kim olanlar, ellerinde tuttuklar\u0131 e\u015fsiz g\u00fczelli\u011fin bilinciyle ona Nea Roma, Ebedi Kent, Dersaadet gibi unvanlar verirken, kenti arzulayanlar da el-Mahrusa (korunan) ve \u00c7arigrad (imparatorlar kenti) gibi yak\u0131\u015ft\u0131rmalar yapm\u0131\u015flard\u0131r. \u015eehir yakla\u015f\u0131k 1000 y\u0131l boyunca Hristiyan d\u00fcnyas\u0131n\u0131n en \u00f6nemli kentlerinden biri olma vasf\u0131n\u0131 korumu\u015f, 1453\u2019te Osmanl\u0131lar\u0131n fethiyle birlikte k\u0131sa s\u00fcrede \u0130slam d\u00fcnyas\u0131n\u0131n say\u0131l\u0131 merkezlerinden biri h\u00e2line gelmi\u015ftir. Konstantin, Justinyanus, Fatih, II. Bayezid, Kanuni, III. Mustafa gibi h\u00fck\u00fcmdarlar\u0131n koruyup, ihya ettikleri kent, 193\u2019te Romal\u0131lar, 1204\u2019te Ha\u00e7l\u0131lar ve 1918\u2019de \u0130tilaf devletlerince tahribata u\u011frat\u0131lm\u0131\u015ft\u0131r. \u0130stanbul Tarihi sizi 20. y\u00fczy\u0131lda b\u00fcy\u00fck g\u00f6\u00e7lere ve bilin\u00e7siz imar politikalar\u0131na direnmeye \u00e7al\u0131\u015fan \u0130stanbul\u2019un 2500 y\u0131ll\u0131k tarihine grav\u00fcrler, foto\u011fraflar ve resimler e\u015fli\u011finde bir g\u00f6z atmaya \u00e7a\u011f\u0131r\u0131yor. Bunu yaparken de yer yer isyanlara, \u201ck\u00fc\u00e7\u00fck k\u0131yamet\u201d diye an\u0131lan depremlere, \u015fehir i\u00e7inde bina edilen saraylara, hanlara, kilise ve camilere kronolojik bir silsile ve sistemli bir b\u00fct\u00fcnl\u00fck i\u00e7inde yer vermeyi hedefliyor.<\/p>\n","protected":false},"excerpt":{"rendered":"<p>\u0130mparatorluklar Ba\u015fkentinin 2500 Y\u0131ll\u0131k Tarihi Tarih boyunca seyahatnamelere, ara\u015ft\u0131rmalara, romanlara, filmlere konu olmu\u015f, yery\u00fcz\u00fcn\u00fcn en eski \u015fehirlerinden biri olan \u0130stanbul&#8217;un 2500 y\u0131ll\u0131k tarihi&#8230; \u0130stanbul, 2500 y\u0131ll\u0131k<span class=\"excerpt-hellip\"> [\u2026]<\/span><\/p>\n","protected":false},"featured_media":0,"template":"","meta":{"_monsterinsights_skip_tracking":false,"_monsterinsights_sitenote_active":false,"_monsterinsights_sitenote_note":"","_monsterinsights_sitenote_category":0},"product_brand":[],"product_cat":[12304],"product_tag":[],"class_list":{"0":"post-760332","1":"product","2":"type-product","3":"status-publish","5":"product_cat-tarih","6":"pa_cilt-ciltsiz","7":"pa_tur-kitap","8":"pa_yayinevi-kronik-kitap","9":"pa_yazar-onder-kaya","11":"first","12":"instock","13":"sale","14":"shipping-taxable","15":"purchasable","16":"product-type-simple"},"_links":{"self":[{"href":"https:\/\/roveyayinevi.com.tr\/index.php\/wp-json\/wp\/v2\/product\/760332","targetHints":{"allow":["GET"]}}],"collection":[{"href":"https:\/\/roveyayinevi.com.tr\/index.php\/wp-json\/wp\/v2\/product"}],"about":[{"href":"https:\/\/roveyayinevi.com.tr\/index.php\/wp-json\/wp\/v2\/types\/product"}],"wp:attachment":[{"href":"https:\/\/roveyayinevi.com.tr\/index.php\/wp-json\/wp\/v2\/media?parent=760332"}],"wp:term":[{"taxonomy":"product_brand","embeddable":true,"href":"https:\/\/roveyayinevi.com.tr\/index.php\/wp-json\/wp\/v2\/product_brand?post=760332"},{"taxonomy":"product_cat","embeddable":true,"href":"https:\/\/roveyayinevi.com.tr\/index.php\/wp-json\/wp\/v2\/product_cat?post=760332"},{"taxonomy":"product_tag","embeddable":true,"href":"https:\/\/roveyayinevi.com.tr\/index.php\/wp-json\/wp\/v2\/product_tag?post=760332"}],"curies":[{"name":"wp","href":"https:\/\/api.w.org\/{rel}","templated":true}]}}