{"id":760329,"date":"2025-08-28T09:02:23","date_gmt":"2025-08-28T06:02:23","guid":{"rendered":"https:\/\/roveyayinevi.com.tr\/index.php\/urun\/gazzenin-arilari-ve-samaar\/"},"modified":"2026-04-16T03:13:08","modified_gmt":"2026-04-16T00:13:08","slug":"gazzenin-arilari-ve-samaar","status":"publish","type":"product","link":"https:\/\/roveyayinevi.com.tr\/index.php\/urun\/gazzenin-arilari-ve-samaar\/","title":{"rendered":"Gazze\u2019nin Ar\u0131lar\u0131 ve Samaar"},"content":{"rendered":"<p>\u00c7ocuklar\u0131n do\u011fru ve iyi rol modellere ihtiyac\u0131 var. Bu anlay\u0131\u015fla \u00fclkemizde ve k\u00fclt\u00fcr\u00fcm\u00fczde ba\u015far\u0131s\u0131yla, kahramanl\u0131\u011f\u0131yla, giri\u015fimiyle ya da tav\u0131r ve duru\u015fuyla \u00f6nc\u00fc olmu\u015f kad\u0131n karakterleri \u00e7ocuklar\u0131m\u0131za tan\u0131tmak istedik. Samaar Elba, Gazze\u2019de ya\u015fanan zorluklara ra\u011fmen ya\u015fad\u0131\u011f\u0131 yerde \u00e7i\u00e7ekler a\u00e7t\u0131rmay\u0131 ba\u015faran bir kahraman. Samaar ve babas\u0131 ar\u0131c\u0131l\u0131k yaparken ar\u0131larla bereketlenmi\u015f, balla tatlanm\u0131\u015f, \u00e7i\u00e7eklerle s\u00fcslenmi\u015f bir d\u00fcnya hayal ederler. Bulunduklar\u0131 b\u00f6lgenin \u015fartlar\u0131 \u00e7ok zordur, bah\u00e7eleri, ar\u0131lar\u0131 kovanlar\u0131 defalarca tarumar edilir ama Samaar y\u0131lmaz. Yeniden ba\u015flamaktan korkmaz ve babas\u0131yla birlikte kurdu\u011fu hayali yaln\u0131z da olsa ger\u00e7ekle\u015ftirmeye \u00e7al\u0131\u015f\u0131r.  Her \u015fartta hayallerin \u00e7i\u00e7ek a\u00e7abilece\u011fini g\u00f6sterir \u00e7ocuklara. Samaar\u2019\u0131n hik\u00e2yesi d\u00f6rt ya\u015f ve \u00fczeri \u00e7ocuklar i\u00e7in haz\u0131rland\u0131; t\u00fcm \u00e7ocuklara ilham olsun, t\u00fcm \u00e7ocuklar\u0131n hayalleri \u00e7i\u00e7ek a\u00e7s\u0131n diye&#8230;<\/p>\n","protected":false},"excerpt":{"rendered":"<p>\u00c7ocuklar\u0131n do\u011fru ve iyi rol modellere ihtiyac\u0131 var. Bu anlay\u0131\u015fla \u00fclkemizde ve k\u00fclt\u00fcr\u00fcm\u00fczde ba\u015far\u0131s\u0131yla, kahramanl\u0131\u011f\u0131yla, giri\u015fimiyle ya da tav\u0131r ve duru\u015fuyla \u00f6nc\u00fc olmu\u015f kad\u0131n karakterleri \u00e7ocuklar\u0131m\u0131za<span class=\"excerpt-hellip\"> [\u2026]<\/span><\/p>\n","protected":false},"featured_media":0,"template":"","meta":{"_monsterinsights_skip_tracking":false,"_monsterinsights_sitenote_active":false,"_monsterinsights_sitenote_note":"","_monsterinsights_sitenote_category":0},"product_brand":[],"product_cat":[12274,12284],"product_tag":[],"class_list":{"0":"post-760329","1":"product","2":"type-product","3":"status-publish","5":"product_cat-cocuk-ve-genclik-kitaplari","6":"product_cat-hikayeler","7":"pa_cilt-ciltsiz","8":"pa_tur-kitap","9":"pa_yayinevi-dus-degirmeni","10":"pa_yazar-hatice-ozdemir-tulun","12":"first","13":"instock","14":"sale","15":"shipping-taxable","16":"purchasable","17":"product-type-simple"},"_links":{"self":[{"href":"https:\/\/roveyayinevi.com.tr\/index.php\/wp-json\/wp\/v2\/product\/760329","targetHints":{"allow":["GET"]}}],"collection":[{"href":"https:\/\/roveyayinevi.com.tr\/index.php\/wp-json\/wp\/v2\/product"}],"about":[{"href":"https:\/\/roveyayinevi.com.tr\/index.php\/wp-json\/wp\/v2\/types\/product"}],"wp:attachment":[{"href":"https:\/\/roveyayinevi.com.tr\/index.php\/wp-json\/wp\/v2\/media?parent=760329"}],"wp:term":[{"taxonomy":"product_brand","embeddable":true,"href":"https:\/\/roveyayinevi.com.tr\/index.php\/wp-json\/wp\/v2\/product_brand?post=760329"},{"taxonomy":"product_cat","embeddable":true,"href":"https:\/\/roveyayinevi.com.tr\/index.php\/wp-json\/wp\/v2\/product_cat?post=760329"},{"taxonomy":"product_tag","embeddable":true,"href":"https:\/\/roveyayinevi.com.tr\/index.php\/wp-json\/wp\/v2\/product_tag?post=760329"}],"curies":[{"name":"wp","href":"https:\/\/api.w.org\/{rel}","templated":true}]}}