{"id":760325,"date":"2025-08-28T09:02:16","date_gmt":"2025-08-28T06:02:16","guid":{"rendered":"https:\/\/roveyayinevi.com.tr\/index.php\/urun\/gokada-ekspresi\/"},"modified":"2026-04-16T03:13:08","modified_gmt":"2026-04-16T00:13:08","slug":"gokada-ekspresi","status":"publish","type":"product","link":"https:\/\/roveyayinevi.com.tr\/index.php\/urun\/gokada-ekspresi\/","title":{"rendered":"G\u00f6kada Ekspresi"},"content":{"rendered":"<p>\u201cMerhaba uzayl\u0131 dostlar\u0131m. Bar\u0131\u015f i\u00e7in geldik!\u201d  Bunu s\u00f6yleyenler Andromeda Galaksisi\u2019nden gelen, bacak yerine ahtapotlar\u0131nkine benzeyen dokuna\u00e7lar\u0131 olan \u015eporetlilerdi. Deneysel bir solucan deli\u011fi atlay\u0131\u015f\u0131 sonucunda Samanyolu\u2019na gelmi\u015flerdi.  D\u00fcnyal\u0131larla kafa kafaya verip egzotik madde kullanarak sabit bir solucan deli\u011fi yapt\u0131lar. Halk\u0131n da faydalanmas\u0131 i\u00e7in gerekli olan \u015fey bir metroydu. Bunun i\u00e7in Mihriban ad\u0131nda bir tren tasarland\u0131. Mihriban, kom\u015fu galaksiye toplant\u0131ya gidip ak\u015fam yeme\u011fine eve d\u00f6nebilenler \u00e7a\u011f\u0131n\u0131 ba\u015flatm\u0131\u015f oldu. Bu kitapta, Mihriban\u2019la solucan deli\u011finde galaksiler aras\u0131 yolculuk yapacak; Zeki Sema\u00ee, Pertev Bitev\u00ee, Firar\u00ee, Usta ile papa\u011fan, kedi, zopi ve k\u00f6pekten olu\u015fan evcil ekibin galaksiler aras\u0131 yolcu ta\u015f\u0131yan G\u00f6kada Ekspresi Mihriban\u2019\u0131 ele ge\u00e7irmek isteyen Glut Hi\u00e7doymaz ve ye\u011feni Haris\u2019le m\u00fccadelelerine tan\u0131k olacaks\u0131n\u0131z.<\/p>\n","protected":false},"excerpt":{"rendered":"<p>\u201cMerhaba uzayl\u0131 dostlar\u0131m. Bar\u0131\u015f i\u00e7in geldik!\u201d Bunu s\u00f6yleyenler Andromeda Galaksisi\u2019nden gelen, bacak yerine ahtapotlar\u0131nkine benzeyen dokuna\u00e7lar\u0131 olan \u015eporetlilerdi. Deneysel bir solucan deli\u011fi atlay\u0131\u015f\u0131 sonucunda Samanyolu\u2019na gelmi\u015flerdi.<span class=\"excerpt-hellip\"> [\u2026]<\/span><\/p>\n","protected":false},"featured_media":0,"template":"","meta":{"_monsterinsights_skip_tracking":false,"_monsterinsights_sitenote_active":false,"_monsterinsights_sitenote_note":"","_monsterinsights_sitenote_category":0},"product_brand":[],"product_cat":[12274,12284],"product_tag":[],"class_list":{"0":"post-760325","1":"product","2":"type-product","3":"status-publish","5":"product_cat-cocuk-ve-genclik-kitaplari","6":"product_cat-hikayeler","7":"pa_cilt-ciltsiz","8":"pa_tur-kitap","9":"pa_yayinevi-erdem-cocuk","10":"pa_yazar-feyza-sahin","12":"first","13":"instock","14":"sale","15":"shipping-taxable","16":"purchasable","17":"product-type-simple"},"_links":{"self":[{"href":"https:\/\/roveyayinevi.com.tr\/index.php\/wp-json\/wp\/v2\/product\/760325","targetHints":{"allow":["GET"]}}],"collection":[{"href":"https:\/\/roveyayinevi.com.tr\/index.php\/wp-json\/wp\/v2\/product"}],"about":[{"href":"https:\/\/roveyayinevi.com.tr\/index.php\/wp-json\/wp\/v2\/types\/product"}],"wp:attachment":[{"href":"https:\/\/roveyayinevi.com.tr\/index.php\/wp-json\/wp\/v2\/media?parent=760325"}],"wp:term":[{"taxonomy":"product_brand","embeddable":true,"href":"https:\/\/roveyayinevi.com.tr\/index.php\/wp-json\/wp\/v2\/product_brand?post=760325"},{"taxonomy":"product_cat","embeddable":true,"href":"https:\/\/roveyayinevi.com.tr\/index.php\/wp-json\/wp\/v2\/product_cat?post=760325"},{"taxonomy":"product_tag","embeddable":true,"href":"https:\/\/roveyayinevi.com.tr\/index.php\/wp-json\/wp\/v2\/product_tag?post=760325"}],"curies":[{"name":"wp","href":"https:\/\/api.w.org\/{rel}","templated":true}]}}