{"id":760323,"date":"2025-08-28T09:02:12","date_gmt":"2025-08-28T06:02:12","guid":{"rendered":"https:\/\/roveyayinevi.com.tr\/index.php\/urun\/cabir-b-hayyan\/"},"modified":"2026-04-12T03:17:00","modified_gmt":"2026-04-12T00:17:00","slug":"cabir-b-hayyan","status":"publish","type":"product","link":"https:\/\/roveyayinevi.com.tr\/index.php\/urun\/cabir-b-hayyan\/","title":{"rendered":"Cabir B. Hayyan"},"content":{"rendered":"<p>Bu kitapta; kimya ba\u015fta olmak \u00fczere t\u0131p, eczac\u0131l\u0131k, astronomi, felsefe, fizik gibi bir\u00e7ok ilim dal\u0131na katk\u0131da bulunan ve Kimyan\u0131n Babas\u0131 olarak tan\u0131nan Eb\u00fb M\u00fbs\u00e2 C\u00e2bir b. Hayy\u00e2n\u2019\u0131n hayat\u0131n\u0131 okuyacaks\u0131n\u0131z.<\/p>\n","protected":false},"excerpt":{"rendered":"<p>Bu kitapta; kimya ba\u015fta olmak \u00fczere t\u0131p, eczac\u0131l\u0131k, astronomi, felsefe, fizik gibi bir\u00e7ok ilim dal\u0131na katk\u0131da bulunan ve Kimyan\u0131n Babas\u0131 olarak tan\u0131nan Eb\u00fb M\u00fbs\u00e2 C\u00e2bir b.<span class=\"excerpt-hellip\"> [\u2026]<\/span><\/p>\n","protected":false},"featured_media":0,"template":"","meta":{"_monsterinsights_skip_tracking":false,"_monsterinsights_sitenote_active":false,"_monsterinsights_sitenote_note":"","_monsterinsights_sitenote_category":0},"product_brand":[],"product_cat":[12274],"product_tag":[],"class_list":{"0":"post-760323","1":"product","2":"type-product","3":"status-publish","5":"product_cat-cocuk-ve-genclik-kitaplari","6":"pa_cilt-ciltsiz","7":"pa_tur-kitap","8":"pa_yayinevi-erdem-cocuk","9":"pa_yazar-elif-akardas","11":"first","12":"instock","13":"sale","14":"shipping-taxable","15":"purchasable","16":"product-type-simple"},"_links":{"self":[{"href":"https:\/\/roveyayinevi.com.tr\/index.php\/wp-json\/wp\/v2\/product\/760323","targetHints":{"allow":["GET"]}}],"collection":[{"href":"https:\/\/roveyayinevi.com.tr\/index.php\/wp-json\/wp\/v2\/product"}],"about":[{"href":"https:\/\/roveyayinevi.com.tr\/index.php\/wp-json\/wp\/v2\/types\/product"}],"wp:attachment":[{"href":"https:\/\/roveyayinevi.com.tr\/index.php\/wp-json\/wp\/v2\/media?parent=760323"}],"wp:term":[{"taxonomy":"product_brand","embeddable":true,"href":"https:\/\/roveyayinevi.com.tr\/index.php\/wp-json\/wp\/v2\/product_brand?post=760323"},{"taxonomy":"product_cat","embeddable":true,"href":"https:\/\/roveyayinevi.com.tr\/index.php\/wp-json\/wp\/v2\/product_cat?post=760323"},{"taxonomy":"product_tag","embeddable":true,"href":"https:\/\/roveyayinevi.com.tr\/index.php\/wp-json\/wp\/v2\/product_tag?post=760323"}],"curies":[{"name":"wp","href":"https:\/\/api.w.org\/{rel}","templated":true}]}}