{"id":760318,"date":"2025-08-28T09:02:05","date_gmt":"2025-08-28T06:02:05","guid":{"rendered":"https:\/\/roveyayinevi.com.tr\/index.php\/urun\/milyar-dolarlik-hikayeler\/"},"modified":"2026-04-16T03:13:08","modified_gmt":"2026-04-16T00:13:08","slug":"milyar-dolarlik-hikayeler","status":"publish","type":"product","link":"https:\/\/roveyayinevi.com.tr\/index.php\/urun\/milyar-dolarlik-hikayeler\/","title":{"rendered":"Milyar Dolarl\u0131k Hikayeler"},"content":{"rendered":"<p>George Soros bir g\u00fcnde nas\u0131l 1,5 milyar dolar kazand\u0131? Bir trader\u0131n para h\u0131rs\u0131 10 bin ki\u015fiyi nas\u0131l i\u015finden etti? Nobel \u00f6d\u00fcll\u00fc ekonomistlerin kurdu\u011fu fon nas\u0131l batt\u0131? Londra\u2019da balinan\u0131n ne i\u015fi var? Tek bir ki\u015fi d\u00fcnyadaki bak\u0131r fiyatlar\u0131n\u0131 belirleyebilir mi? Krali\u00e7enin bankas\u0131n\u0131 kim bat\u0131rd\u0131? Bir hisse senedinin de\u011feri g\u00fcnler i\u00e7inde y\u00fcz kat artabilir mi? Milyar Dolarl\u0131k Hik\u00e2yeler\u2019de; hisse senedi, d\u00f6viz, faiz, emtia ve t\u00fcrev piyasalar\u0131nda ya\u015fanan 10 ba\u015fl\u0131kta toplanm\u0131\u015f 14 farkl\u0131 hik\u00e2ye bulacaks\u0131n\u0131z. Kumarbazlar\u0131, hilek\u00e2rlar\u0131, k\u00f6t\u00fc risk y\u00f6neticilerini, \u00fcnl\u00fc traderlar\u0131 ve ba\u015far\u0131l\u0131 yat\u0131r\u0131mc\u0131lar\u0131 tan\u0131yacaks\u0131n\u0131z. Hayali olaylar\u0131 de\u011fil; b\u00fcy\u00fck yat\u0131r\u0131mc\u0131lar\u0131n, hazinecilerin, tan\u0131nm\u0131\u015f trader ve portf\u00f6y y\u00f6neticilerin ger\u00e7ek hayattaki, ger\u00e7ek i\u015flemlerini okuyacaks\u0131n\u0131z. S. Cem \u00c7ilo\u011flu, yat\u0131r\u0131m d\u00fcnyas\u0131nda karma\u015f\u0131k g\u00f6r\u00fcnen 300\u2019\u00fcn \u00fczerinde finansal kavram\u0131n basit a\u00e7\u0131klamalar\u0131n\u0131 50\u2019ye yak\u0131n \u00f6rnek ve 30\u2019dan fazla g\u00f6rselle birlikte anlat\u0131yor. Finans sekt\u00f6r\u00fcnde tan\u0131k oldu\u011fu olaylardan ve tecr\u00fcbelerinden yola \u00e7\u0131karak \u201cBen kariyerimin ba\u015f\u0131nda hangi kavramlar\u0131 bilsem daha iyi olurdu?\u201d, \u201cNeler bana ilk ba\u015fta s\u00f6ylenseydi, i\u015fime daha \u00e7ok yarard\u0131?\u201d gibi sorular\u0131n cevab\u0131n\u0131 yan\u0131tl\u0131yor. Milyar Dolarl\u0131k Hik\u00e2yeler, sizleri finans tarihinde d\u00f6n\u00fcm noktas\u0131 olmu\u015f ilgin\u00e7 olaylara ve buralarda ge\u00e7en temel yat\u0131r\u0131m kavramlar\u0131na farkl\u0131 bir g\u00f6zle bakmaya davet eden bir kaynak kitap olma \u00f6zelli\u011fi ta\u015f\u0131yor.<\/p>\n","protected":false},"excerpt":{"rendered":"<p>George Soros bir g\u00fcnde nas\u0131l 1,5 milyar dolar kazand\u0131? Bir trader\u0131n para h\u0131rs\u0131 10 bin ki\u015fiyi nas\u0131l i\u015finden etti? Nobel \u00f6d\u00fcll\u00fc ekonomistlerin kurdu\u011fu fon nas\u0131l batt\u0131?<span class=\"excerpt-hellip\"> [\u2026]<\/span><\/p>\n","protected":false},"featured_media":0,"template":"","meta":{"_monsterinsights_skip_tracking":false,"_monsterinsights_sitenote_active":false,"_monsterinsights_sitenote_note":"","_monsterinsights_sitenote_category":0},"product_brand":[],"product_cat":[13043,17647],"product_tag":[],"class_list":{"0":"post-760318","1":"product","2":"type-product","3":"status-publish","5":"product_cat-ekonomi","6":"product_cat-is-dunyasi","7":"pa_cilt-ciltsiz","8":"pa_tur-kitap","9":"pa_yayinevi-kronik-kitap","10":"pa_yazar-s-cem-ciloglu","12":"first","13":"instock","14":"sale","15":"shipping-taxable","16":"purchasable","17":"product-type-simple"},"_links":{"self":[{"href":"https:\/\/roveyayinevi.com.tr\/index.php\/wp-json\/wp\/v2\/product\/760318","targetHints":{"allow":["GET"]}}],"collection":[{"href":"https:\/\/roveyayinevi.com.tr\/index.php\/wp-json\/wp\/v2\/product"}],"about":[{"href":"https:\/\/roveyayinevi.com.tr\/index.php\/wp-json\/wp\/v2\/types\/product"}],"wp:attachment":[{"href":"https:\/\/roveyayinevi.com.tr\/index.php\/wp-json\/wp\/v2\/media?parent=760318"}],"wp:term":[{"taxonomy":"product_brand","embeddable":true,"href":"https:\/\/roveyayinevi.com.tr\/index.php\/wp-json\/wp\/v2\/product_brand?post=760318"},{"taxonomy":"product_cat","embeddable":true,"href":"https:\/\/roveyayinevi.com.tr\/index.php\/wp-json\/wp\/v2\/product_cat?post=760318"},{"taxonomy":"product_tag","embeddable":true,"href":"https:\/\/roveyayinevi.com.tr\/index.php\/wp-json\/wp\/v2\/product_tag?post=760318"}],"curies":[{"name":"wp","href":"https:\/\/api.w.org\/{rel}","templated":true}]}}