{"id":760314,"date":"2025-08-28T09:01:59","date_gmt":"2025-08-28T06:01:59","guid":{"rendered":"https:\/\/roveyayinevi.com.tr\/index.php\/urun\/enkaz-2-altindakiler\/"},"modified":"2026-04-16T03:13:08","modified_gmt":"2026-04-16T00:13:08","slug":"enkaz-2-altindakiler","status":"publish","type":"product","link":"https:\/\/roveyayinevi.com.tr\/index.php\/urun\/enkaz-2-altindakiler\/","title":{"rendered":"Enkaz 2 &#8211; Alt\u0131ndakiler"},"content":{"rendered":"<p>&#8220;Hayatta baz\u0131 \u015feyler vard\u0131r, izi kal\u0131r&#8230;&#8221;   Belki de biz farkl\u0131 renklerdik, ayn\u0131 k\u00fcp\u00fcn farkl\u0131 yanlar\u0131nda olmak bizim tek kaderimizdi.    \u201cG\u00f6zlerinizi a\u00e7t\u0131\u011f\u0131n\u0131zda y\u0131k\u0131lm\u0131\u015f bir evde uyanacaks\u0131n\u0131z. Tek \u00e7\u0131k\u0131\u015f yolunuz yerin alt\u0131nda. Kendinizi buldu\u011funuz \u00e7\u0131k\u0131\u015f noktas\u0131 her bir yan\u0131 kameralarla \u00e7evrili, her yeri izlenen bir platonun i\u00e7inde. Tek amac\u0131n\u0131z ise alandaki ipu\u00e7lar\u0131n\u0131 takip edip evleri bulmak. T\u00fcm yar\u0131\u015fmac\u0131lar evleri buldu\u011fu an kazanan belirlenmi\u015f olacak. \u00d6yleyse, sizi kaybetmemizi ister misiniz?\u201d   Kumru, Uraz, Nisan, Eren ve Bulut serinin ikinci kitab\u0131nda \u015fimdi bir kez daha yerin alt\u0131nda ve bir kez daha kameralar\u0131n kar\u015f\u0131s\u0131nda. \u00dcstelik bu sefer onlar\u0131 ger\u00e7ek bir yar\u0131\u015fma, ger\u00e7ek bir m\u00fccadele beklemektedir fakat hayal k\u0131r\u0131kl\u0131klar\u0131 pe\u015flerini asla b\u0131rakmaz. Peki bu sefer o kap\u0131dan \u00e7\u0131kmay\u0131 ve evlerine d\u00f6nmeyi ba\u015farabilecekler mi?    &#8220;Bir defter hayal ettim zihnimde. \u00d6nce sa\u011f elimle ac\u0131lar\u0131m\u0131 yazd\u0131m, sonra sol elimle tesellilerimi yazd\u0131m. Sa\u011f\u0131mla ac\u0131 \u00e7ektim, solumla teselli ettim kendimi.&#8221; <\/p>\n","protected":false},"excerpt":{"rendered":"<p>&#8220;Hayatta baz\u0131 \u015feyler vard\u0131r, izi kal\u0131r&#8230;&#8221; Belki de biz farkl\u0131 renklerdik, ayn\u0131 k\u00fcp\u00fcn farkl\u0131 yanlar\u0131nda olmak bizim tek kaderimizdi. \u201cG\u00f6zlerinizi a\u00e7t\u0131\u011f\u0131n\u0131zda y\u0131k\u0131lm\u0131\u015f bir evde uyanacaks\u0131n\u0131z. Tek<span class=\"excerpt-hellip\"> [\u2026]<\/span><\/p>\n","protected":false},"featured_media":0,"template":"","meta":{"_monsterinsights_skip_tracking":false,"_monsterinsights_sitenote_active":false,"_monsterinsights_sitenote_note":"","_monsterinsights_sitenote_category":0},"product_brand":[],"product_cat":[12291,12711],"product_tag":[],"class_list":{"0":"post-760314","1":"product","2":"type-product","3":"status-publish","5":"product_cat-edebiyat","6":"product_cat-roman-oyku","7":"pa_cilt-ciltsiz","8":"pa_tur-kitap","9":"pa_yayinevi-indigo-kitap","10":"pa_yazar-beyza-alkoc","12":"first","13":"instock","14":"sale","15":"shipping-taxable","16":"purchasable","17":"product-type-simple"},"_links":{"self":[{"href":"https:\/\/roveyayinevi.com.tr\/index.php\/wp-json\/wp\/v2\/product\/760314","targetHints":{"allow":["GET"]}}],"collection":[{"href":"https:\/\/roveyayinevi.com.tr\/index.php\/wp-json\/wp\/v2\/product"}],"about":[{"href":"https:\/\/roveyayinevi.com.tr\/index.php\/wp-json\/wp\/v2\/types\/product"}],"wp:attachment":[{"href":"https:\/\/roveyayinevi.com.tr\/index.php\/wp-json\/wp\/v2\/media?parent=760314"}],"wp:term":[{"taxonomy":"product_brand","embeddable":true,"href":"https:\/\/roveyayinevi.com.tr\/index.php\/wp-json\/wp\/v2\/product_brand?post=760314"},{"taxonomy":"product_cat","embeddable":true,"href":"https:\/\/roveyayinevi.com.tr\/index.php\/wp-json\/wp\/v2\/product_cat?post=760314"},{"taxonomy":"product_tag","embeddable":true,"href":"https:\/\/roveyayinevi.com.tr\/index.php\/wp-json\/wp\/v2\/product_tag?post=760314"}],"curies":[{"name":"wp","href":"https:\/\/api.w.org\/{rel}","templated":true}]}}