{"id":760310,"date":"2025-08-28T09:01:52","date_gmt":"2025-08-28T06:01:52","guid":{"rendered":"https:\/\/roveyayinevi.com.tr\/index.php\/urun\/polivagal-teori-ve-gelisen-cocuk\/"},"modified":"2026-04-06T03:26:32","modified_gmt":"2026-04-06T00:26:32","slug":"polivagal-teori-ve-gelisen-cocuk","status":"publish","type":"product","link":"https:\/\/roveyayinevi.com.tr\/index.php\/urun\/polivagal-teori-ve-gelisen-cocuk\/","title":{"rendered":"Polivagal Teori ve Geli\u015fen \u00c7ocuk"},"content":{"rendered":"<p>\u00c7ocuklar\u0131n g\u00fcvenli ili\u015fkileri olmad\u0131\u011f\u0131nda veya duygusal, t\u0131bbi ya da fiziksel travmalar ya\u015famlar\u0131n\u0131 etkiledi\u011finde, sevme, g\u00fcvenme ve geli\u015fme yetenekleri zarar g\u00f6r\u00fcr. G\u00fcvenli ili\u015fkilerinde birden fazla ve s\u00fcre\u011fen kesintiler ya\u015fayan \u00e7ocuklar\u0131n deneyimledikleri fiziksel, davran\u0131\u015fsal veya zihinsel sa\u011fl\u0131k sorunlar\u0131 yeti\u015fkinli\u011fe kadar devam edebilir ve ya\u015famlar\u0131n\u0131n uzunlu\u011funu veya kalitesini etkileyebilir.   Polivagal Teori, \u00f6z\u00fcnde beynin bilin\u00e7 d\u0131\u015f\u0131 g\u00fcvenlik veya tehlike alg\u0131s\u0131n\u0131n duygular\u0131m\u0131z\u0131 ve davran\u0131\u015flar\u0131m\u0131z\u0131 nas\u0131l etkiledi\u011fini a\u00e7\u0131klar. Bu ba\u011flamda, \u00e7ocuk doktoru ve neonatolog Marilyn R. Sanders ve \u00e7ocuk psikiyatristi George S. Thompson, polivagal sistemin nas\u0131l i\u015fledi\u011fini a\u00e7\u0131klayarak vagal tonun, \u00e7ocuklukta ya\u015fanan zorluklarla ba\u015fa \u00e7\u0131kmak i\u00e7in gerekli olan g\u00fcvenlik duygusunu sa\u011flayan sosyal ba\u011flant\u0131lar\u0131 nas\u0131l destekledi\u011fini ustal\u0131kla g\u00f6steriyor.   Yazarlar, okuyuculara hem bak\u0131m verme konusu \u00fczerine derinlemesine d\u00fc\u015f\u00fcnme f\u0131rsat\u0131 sunuyor hem de doktorlar, e\u011fitimciler ve ruh sa\u011fl\u0131\u011f\u0131 uzmanlar\u0131 i\u00e7in bir eylem \u00e7a\u011fr\u0131s\u0131 yap\u0131yor. Yeti\u015fkin bak\u0131m verenlerin, \u00e7ocuklar\u0131n duyusal bilgileri bilin\u00e7 d\u0131\u015f\u0131 i\u015flediklerinin fark\u0131nda olmas\u0131 gerekti\u011fini vurgulayarak, profesyonellerin tehlikeli ve bazen korkutucu ko\u015fullar kar\u015f\u0131s\u0131nda bile g\u00fcvenlik duygusunu olu\u015fturmada nas\u0131l kritik bir rol oynayabileceklerini Polivagal Teori\u2019nin \u0131\u015f\u0131\u011f\u0131nda inceliyor. <\/p>\n","protected":false},"excerpt":{"rendered":"<p>\u00c7ocuklar\u0131n g\u00fcvenli ili\u015fkileri olmad\u0131\u011f\u0131nda veya duygusal, t\u0131bbi ya da fiziksel travmalar ya\u015famlar\u0131n\u0131 etkiledi\u011finde, sevme, g\u00fcvenme ve geli\u015fme yetenekleri zarar g\u00f6r\u00fcr. G\u00fcvenli ili\u015fkilerinde birden fazla ve s\u00fcre\u011fen<span class=\"excerpt-hellip\"> [\u2026]<\/span><\/p>\n","protected":false},"featured_media":0,"template":"","meta":{"_monsterinsights_skip_tracking":false,"_monsterinsights_sitenote_active":false,"_monsterinsights_sitenote_note":"","_monsterinsights_sitenote_category":0},"product_brand":[],"product_cat":[12357],"product_tag":[],"class_list":{"0":"post-760310","1":"product","2":"type-product","3":"status-publish","5":"product_cat-psikoloji","6":"pa_cilt-ciltsiz","7":"pa_tur-kitap","8":"pa_yayinevi-diyojen-yayincilik","9":"pa_yazar-marilyn-r-sanders-george-s-thompson","11":"first","12":"instock","13":"sale","14":"shipping-taxable","15":"purchasable","16":"product-type-simple"},"_links":{"self":[{"href":"https:\/\/roveyayinevi.com.tr\/index.php\/wp-json\/wp\/v2\/product\/760310","targetHints":{"allow":["GET"]}}],"collection":[{"href":"https:\/\/roveyayinevi.com.tr\/index.php\/wp-json\/wp\/v2\/product"}],"about":[{"href":"https:\/\/roveyayinevi.com.tr\/index.php\/wp-json\/wp\/v2\/types\/product"}],"wp:attachment":[{"href":"https:\/\/roveyayinevi.com.tr\/index.php\/wp-json\/wp\/v2\/media?parent=760310"}],"wp:term":[{"taxonomy":"product_brand","embeddable":true,"href":"https:\/\/roveyayinevi.com.tr\/index.php\/wp-json\/wp\/v2\/product_brand?post=760310"},{"taxonomy":"product_cat","embeddable":true,"href":"https:\/\/roveyayinevi.com.tr\/index.php\/wp-json\/wp\/v2\/product_cat?post=760310"},{"taxonomy":"product_tag","embeddable":true,"href":"https:\/\/roveyayinevi.com.tr\/index.php\/wp-json\/wp\/v2\/product_tag?post=760310"}],"curies":[{"name":"wp","href":"https:\/\/api.w.org\/{rel}","templated":true}]}}