{"id":760308,"date":"2025-08-28T09:01:50","date_gmt":"2025-08-28T06:01:50","guid":{"rendered":"https:\/\/roveyayinevi.com.tr\/index.php\/urun\/psikoterapide-baglanma\/"},"modified":"2026-04-16T03:13:07","modified_gmt":"2026-04-16T00:13:07","slug":"psikoterapide-baglanma","status":"publish","type":"product","link":"https:\/\/roveyayinevi.com.tr\/index.php\/urun\/psikoterapide-baglanma\/","title":{"rendered":"Psikoterapide Ba\u011flanma"},"content":{"rendered":"<p>David J. Wallin, ba\u011flanma teorisi ile psikoterapinin dinamik d\u00fcnyas\u0131n\u0131 birle\u015ftirdi\u011fi bu eserinde \u00e7ocukluktan yeti\u015fkinli\u011fe bizi \u015fekillendiren ba\u011flant\u0131lar\u0131n tek\u00e2m\u00fcl etmede nas\u0131l kullan\u0131labilece\u011fini ara\u015ft\u0131r\u0131yor. Travma ara\u015ft\u0131rmalar\u0131, ili\u015fkisel psikoterapi, n\u00f6robiyoloji ve mindfulness alanlar\u0131ndan elde edilen g\u00fcncel bulgular\u0131 bir araya getirerek, d\u00f6n\u00fc\u015f\u00fcm\u00fcn kilit noktas\u0131n\u0131n ili\u015fkiler oldu\u011funu \u00f6ng\u00f6rd\u00fc\u011f\u00fc bir tedavi modeli sunuyor. \u00c7ocuklu\u011funda sa\u011fl\u0131kl\u0131 bir ba\u011flanma becerisi geli\u015ftirememi\u015f dan\u0131\u015fanlara kar\u015f\u0131 terapistler neler yapabilir, bu noksanl\u0131\u011f\u0131 takviye edecek terap\u00f6tik yakla\u015f\u0131mlar nas\u0131l geli\u015ftirilebilir sorular\u0131n\u0131 soruyor ve cevab\u0131 ger\u00e7ek vakalar \u00fczerinden ad\u0131m ad\u0131m ke\u015ffediyor.Psikoterapide Ba\u011flanma, terapi odas\u0131nda kurulan ileti\u015fimin niteli\u011finin iyile\u015fmenin kataliz\u00f6rlerinden biri oldu\u011funun g\u00fc\u00e7l\u00fc bir delili niteli\u011finde. P\u00fcr akademik bir \u00e7abadan fazlas\u0131, hem divana hem sandalyeye hitap edebilen samimi bir \u00e7a\u011fr\u0131.<\/p>\n","protected":false},"excerpt":{"rendered":"<p>David J. Wallin, ba\u011flanma teorisi ile psikoterapinin dinamik d\u00fcnyas\u0131n\u0131 birle\u015ftirdi\u011fi bu eserinde \u00e7ocukluktan yeti\u015fkinli\u011fe bizi \u015fekillendiren ba\u011flant\u0131lar\u0131n tek\u00e2m\u00fcl etmede nas\u0131l kullan\u0131labilece\u011fini ara\u015ft\u0131r\u0131yor. Travma ara\u015ft\u0131rmalar\u0131, ili\u015fkisel psikoterapi,<span class=\"excerpt-hellip\"> [\u2026]<\/span><\/p>\n","protected":false},"featured_media":0,"template":"","meta":{"_monsterinsights_skip_tracking":false,"_monsterinsights_sitenote_active":false,"_monsterinsights_sitenote_note":"","_monsterinsights_sitenote_category":0},"product_brand":[],"product_cat":[12357],"product_tag":[],"class_list":{"0":"post-760308","1":"product","2":"type-product","3":"status-publish","5":"product_cat-psikoloji","6":"pa_cilt-ciltsiz","7":"pa_tur-kitap","8":"pa_yayinevi-okuyan-us-yayin","9":"pa_yazar-david-j-wallin","11":"first","12":"instock","13":"sale","14":"shipping-taxable","15":"purchasable","16":"product-type-simple"},"_links":{"self":[{"href":"https:\/\/roveyayinevi.com.tr\/index.php\/wp-json\/wp\/v2\/product\/760308","targetHints":{"allow":["GET"]}}],"collection":[{"href":"https:\/\/roveyayinevi.com.tr\/index.php\/wp-json\/wp\/v2\/product"}],"about":[{"href":"https:\/\/roveyayinevi.com.tr\/index.php\/wp-json\/wp\/v2\/types\/product"}],"wp:attachment":[{"href":"https:\/\/roveyayinevi.com.tr\/index.php\/wp-json\/wp\/v2\/media?parent=760308"}],"wp:term":[{"taxonomy":"product_brand","embeddable":true,"href":"https:\/\/roveyayinevi.com.tr\/index.php\/wp-json\/wp\/v2\/product_brand?post=760308"},{"taxonomy":"product_cat","embeddable":true,"href":"https:\/\/roveyayinevi.com.tr\/index.php\/wp-json\/wp\/v2\/product_cat?post=760308"},{"taxonomy":"product_tag","embeddable":true,"href":"https:\/\/roveyayinevi.com.tr\/index.php\/wp-json\/wp\/v2\/product_tag?post=760308"}],"curies":[{"name":"wp","href":"https:\/\/api.w.org\/{rel}","templated":true}]}}