{"id":760306,"date":"2025-08-28T09:01:46","date_gmt":"2025-08-28T06:01:46","guid":{"rendered":"https:\/\/roveyayinevi.com.tr\/index.php\/urun\/bu-nasil-timsah\/"},"modified":"2026-04-08T03:21:41","modified_gmt":"2026-04-08T00:21:41","slug":"bu-nasil-timsah","status":"publish","type":"product","link":"https:\/\/roveyayinevi.com.tr\/index.php\/urun\/bu-nasil-timsah\/","title":{"rendered":"Bu Nas\u0131l Timsah ?"},"content":{"rendered":"<p>Metrodan inerken ayak sesleri duydu. D\u00f6n\u00fcp bakt\u0131\u011f\u0131nda ne g\u00f6rs\u00fcn? Pe\u015finde kocaman bir timsah! Timsahlara hi\u00e7 g\u00fcven olmaz derlermi\u015f. Onlarda her t\u00fcrl\u00fc haydutluk varm\u0131\u015f. Yoksa&#8230; yan\u0131l\u0131yor muydu?   \u00c7ocuk edebiyat\u0131m\u0131z\u0131n usta ressam\u0131 Huban Korman\u2019\u0131n yaz\u0131p resimledi\u011fi bu eser, okurlar\u0131 esprili bir \u00f6yk\u00fc ile \u00f6nyarg\u0131lar \u00fczerine d\u00fc\u015f\u00fcnd\u00fcr\u00fcyor. D\u0131\u015f g\u00f6r\u00fcn\u00fc\u015fe g\u00f6re verilen h\u00fck\u00fcmlerin nas\u0131l yan\u0131lt\u0131c\u0131 olabilece\u011fini, zengin resimler ve yal\u0131n bir \u00f6yk\u00fc ile bizlere anlat\u0131yor.   <\/p>\n","protected":false},"excerpt":{"rendered":"<p>Metrodan inerken ayak sesleri duydu. D\u00f6n\u00fcp bakt\u0131\u011f\u0131nda ne g\u00f6rs\u00fcn? Pe\u015finde kocaman bir timsah! Timsahlara hi\u00e7 g\u00fcven olmaz derlermi\u015f. Onlarda her t\u00fcrl\u00fc haydutluk varm\u0131\u015f. Yoksa&#8230; yan\u0131l\u0131yor muydu?<span class=\"excerpt-hellip\"> [\u2026]<\/span><\/p>\n","protected":false},"featured_media":0,"template":"","meta":{"_monsterinsights_skip_tracking":false,"_monsterinsights_sitenote_active":false,"_monsterinsights_sitenote_note":"","_monsterinsights_sitenote_category":0},"product_brand":[],"product_cat":[12274,12284],"product_tag":[],"class_list":{"0":"post-760306","1":"product","2":"type-product","3":"status-publish","5":"product_cat-cocuk-ve-genclik-kitaplari","6":"product_cat-hikayeler","7":"pa_cilt-ciltsiz","8":"pa_tur-kitap","9":"pa_yayinevi-redhouse-kidz-yayinlari","10":"pa_yazar-huban-korman","12":"first","13":"instock","14":"sale","15":"shipping-taxable","16":"purchasable","17":"product-type-simple"},"_links":{"self":[{"href":"https:\/\/roveyayinevi.com.tr\/index.php\/wp-json\/wp\/v2\/product\/760306","targetHints":{"allow":["GET"]}}],"collection":[{"href":"https:\/\/roveyayinevi.com.tr\/index.php\/wp-json\/wp\/v2\/product"}],"about":[{"href":"https:\/\/roveyayinevi.com.tr\/index.php\/wp-json\/wp\/v2\/types\/product"}],"wp:attachment":[{"href":"https:\/\/roveyayinevi.com.tr\/index.php\/wp-json\/wp\/v2\/media?parent=760306"}],"wp:term":[{"taxonomy":"product_brand","embeddable":true,"href":"https:\/\/roveyayinevi.com.tr\/index.php\/wp-json\/wp\/v2\/product_brand?post=760306"},{"taxonomy":"product_cat","embeddable":true,"href":"https:\/\/roveyayinevi.com.tr\/index.php\/wp-json\/wp\/v2\/product_cat?post=760306"},{"taxonomy":"product_tag","embeddable":true,"href":"https:\/\/roveyayinevi.com.tr\/index.php\/wp-json\/wp\/v2\/product_tag?post=760306"}],"curies":[{"name":"wp","href":"https:\/\/api.w.org\/{rel}","templated":true}]}}