{"id":760304,"date":"2025-08-28T09:01:43","date_gmt":"2025-08-28T06:01:43","guid":{"rendered":"https:\/\/roveyayinevi.com.tr\/index.php\/urun\/cinsel-politika\/"},"modified":"2026-04-16T03:13:07","modified_gmt":"2026-04-16T00:13:07","slug":"cinsel-politika","status":"publish","type":"product","link":"https:\/\/roveyayinevi.com.tr\/index.php\/urun\/cinsel-politika\/","title":{"rendered":"Cinsel Politika"},"content":{"rendered":"<p>\u0130lk yay\u0131mland\u0131\u011f\u0131nda b\u00fcy\u00fck tart\u0131\u015fma yaratan Cinsel Politika\u2019da D.H. Lawrence, Henry Miller, Norman Mailer ve Jean Genet\u2019nin eserleri \u00fczerinden edebiyat\u0131n ataerkil mitlerini irdeleyen Kate Millett, edebiyat ve sanatta kad\u0131nlar\u0131n boyunduruk alt\u0131na al\u0131nmas\u0131n\u0131 belgelemekle kalm\u0131yor, bunlar\u0131n psikoloji, felsefe ve siyasetteki uzant\u0131lar\u0131na da i\u015faret ediyor.   Do\u011falm\u0131\u015f gibi g\u00f6r\u00fcnen e\u015fitsizlikleri fark etmemizi sa\u011flayan, ayn\u0131 zamanda hayat\u0131n her alan\u0131nda feminist ele\u015ftirinin de\u011ferini de kan\u0131tlayan Cinsel Politika, g\u00f6zden ge\u00e7irilmi\u015f \u00e7evirisiyle okurlarla bulu\u015fuyor. <\/p>\n","protected":false},"excerpt":{"rendered":"<p>\u0130lk yay\u0131mland\u0131\u011f\u0131nda b\u00fcy\u00fck tart\u0131\u015fma yaratan Cinsel Politika\u2019da D.H. Lawrence, Henry Miller, Norman Mailer ve Jean Genet\u2019nin eserleri \u00fczerinden edebiyat\u0131n ataerkil mitlerini irdeleyen Kate Millett, edebiyat ve<span class=\"excerpt-hellip\"> [\u2026]<\/span><\/p>\n","protected":false},"featured_media":0,"template":"","meta":{"_monsterinsights_skip_tracking":false,"_monsterinsights_sitenote_active":false,"_monsterinsights_sitenote_note":"","_monsterinsights_sitenote_category":0},"product_brand":[],"product_cat":[12337],"product_tag":[],"class_list":{"0":"post-760304","1":"product","2":"type-product","3":"status-publish","5":"product_cat-politika-siyaset","6":"pa_cilt-ciltsiz","7":"pa_tur-kitap","8":"pa_yayinevi-can-yayinlari","9":"pa_yazar-kate-millett","11":"first","12":"instock","13":"sale","14":"shipping-taxable","15":"purchasable","16":"product-type-simple"},"_links":{"self":[{"href":"https:\/\/roveyayinevi.com.tr\/index.php\/wp-json\/wp\/v2\/product\/760304","targetHints":{"allow":["GET"]}}],"collection":[{"href":"https:\/\/roveyayinevi.com.tr\/index.php\/wp-json\/wp\/v2\/product"}],"about":[{"href":"https:\/\/roveyayinevi.com.tr\/index.php\/wp-json\/wp\/v2\/types\/product"}],"wp:attachment":[{"href":"https:\/\/roveyayinevi.com.tr\/index.php\/wp-json\/wp\/v2\/media?parent=760304"}],"wp:term":[{"taxonomy":"product_brand","embeddable":true,"href":"https:\/\/roveyayinevi.com.tr\/index.php\/wp-json\/wp\/v2\/product_brand?post=760304"},{"taxonomy":"product_cat","embeddable":true,"href":"https:\/\/roveyayinevi.com.tr\/index.php\/wp-json\/wp\/v2\/product_cat?post=760304"},{"taxonomy":"product_tag","embeddable":true,"href":"https:\/\/roveyayinevi.com.tr\/index.php\/wp-json\/wp\/v2\/product_tag?post=760304"}],"curies":[{"name":"wp","href":"https:\/\/api.w.org\/{rel}","templated":true}]}}