{"id":760302,"date":"2025-08-28T09:01:39","date_gmt":"2025-08-28T06:01:39","guid":{"rendered":"https:\/\/roveyayinevi.com.tr\/index.php\/urun\/meme\/"},"modified":"2026-04-16T03:13:07","modified_gmt":"2026-04-16T00:13:07","slug":"meme","status":"publish","type":"product","link":"https:\/\/roveyayinevi.com.tr\/index.php\/urun\/meme\/","title":{"rendered":"Meme"},"content":{"rendered":"<p>\u201c\u00c7aresizlik i\u00e7inde her akl\u0131ma gelene d\u00f6rt elle sar\u0131l\u0131yorum. Kendi kendime dedim ki, Bu illete \u2018edebiyat\u2019 y\u00fcz\u00fcnden tutuldum. Ders olarak okuttu\u011fum kitaplar beni bu duruma getirdi \u2013 bu saplant\u0131ya o y\u00fczden d\u00fc\u015ft\u00fcm. Avrupa edebiyat\u0131 derslerimden s\u00f6z ediyorum. Yani, diyorum ki, her y\u0131l \u00fcst \u00fcste Gogol\u2019\u00fc ve Kafka\u2019y\u0131 anlatmak \u2013 yani her y\u0131l Burun\u2019u, D\u00f6n\u00fc\u015f\u00fcm\u2019\u00fc okutmak.\u201d   \u00dcniversitede edebiyat dersleri veren David Kepesh, bedeninde baz\u0131 fiziksel de\u011fi\u015fimler fark edince kendini g\u00f6zlemlemeye ba\u015flar. Kas\u0131\u011f\u0131nda bir a\u011fr\u0131yla ba\u015flay\u0131p hislerine ve hazlar\u0131na etki eden bu s\u00fcrecin sonunda da, Gregor Samsa misali, kocaman bir memeye d\u00f6n\u00fc\u015f\u00fcr. Olan biteni anlamakta zorlanan yaln\u0131zca kendisi de\u011fildir. Bir meme olarak g\u00fcnlerini hastane odas\u0131nda doktorlar\u0131n ve hem\u015firelerin bak\u0131m\u0131, terapisti Dr. Klinger\u2019\u0131n kontrol\u00fc alt\u0131nda ge\u00e7irir. Bedensel arzularla k\u0131vran\u0131p zihinsel kuruntular\u0131n i\u00e7inde kaybolurken \u00e7\u0131ld\u0131rd\u0131\u011f\u0131n\u0131 kabullenmeye haz\u0131rd\u0131r. Ancak \u00e7evresindekiler ondan makul olmas\u0131n\u0131 ve yeni do\u011fas\u0131n\u0131 kabul etmesini ister. Fakat hayat\u0131na yetmi\u015f kiloluk bir meme olarak devam edece\u011fini nas\u0131l kabul edebilir ki?   Meme s\u0131kl\u0131kla Kafka\u2019n\u0131n D\u00f6n\u00fc\u015f\u00fcm\u2019\u00fcyle an\u0131lan Roth\u2019un erken d\u00f6nem eserlerinden biri.    \u201cK\u00fclt\u00fcrel a\u00e7\u0131dan kal\u0131c\u0131 olacak bir \u015fey okudu\u011funda insan bunu anl\u0131yor.\u201d Cynthia Ozick <\/p>\n","protected":false},"excerpt":{"rendered":"<p>\u201c\u00c7aresizlik i\u00e7inde her akl\u0131ma gelene d\u00f6rt elle sar\u0131l\u0131yorum. Kendi kendime dedim ki, Bu illete \u2018edebiyat\u2019 y\u00fcz\u00fcnden tutuldum. Ders olarak okuttu\u011fum kitaplar beni bu duruma getirdi \u2013<span class=\"excerpt-hellip\"> [\u2026]<\/span><\/p>\n","protected":false},"featured_media":0,"template":"","meta":{"_monsterinsights_skip_tracking":false,"_monsterinsights_sitenote_active":false,"_monsterinsights_sitenote_note":"","_monsterinsights_sitenote_category":0},"product_brand":[],"product_cat":[12291,12711],"product_tag":[],"class_list":{"0":"post-760302","1":"product","2":"type-product","3":"status-publish","5":"product_cat-edebiyat","6":"product_cat-roman-oyku","7":"pa_cilt-ciltsiz","8":"pa_tur-kitap","9":"pa_yayinevi-can-yayinlari","10":"pa_yazar-philip-roth","12":"first","13":"instock","14":"sale","15":"shipping-taxable","16":"purchasable","17":"product-type-simple"},"_links":{"self":[{"href":"https:\/\/roveyayinevi.com.tr\/index.php\/wp-json\/wp\/v2\/product\/760302","targetHints":{"allow":["GET"]}}],"collection":[{"href":"https:\/\/roveyayinevi.com.tr\/index.php\/wp-json\/wp\/v2\/product"}],"about":[{"href":"https:\/\/roveyayinevi.com.tr\/index.php\/wp-json\/wp\/v2\/types\/product"}],"wp:attachment":[{"href":"https:\/\/roveyayinevi.com.tr\/index.php\/wp-json\/wp\/v2\/media?parent=760302"}],"wp:term":[{"taxonomy":"product_brand","embeddable":true,"href":"https:\/\/roveyayinevi.com.tr\/index.php\/wp-json\/wp\/v2\/product_brand?post=760302"},{"taxonomy":"product_cat","embeddable":true,"href":"https:\/\/roveyayinevi.com.tr\/index.php\/wp-json\/wp\/v2\/product_cat?post=760302"},{"taxonomy":"product_tag","embeddable":true,"href":"https:\/\/roveyayinevi.com.tr\/index.php\/wp-json\/wp\/v2\/product_tag?post=760302"}],"curies":[{"name":"wp","href":"https:\/\/api.w.org\/{rel}","templated":true}]}}