{"id":760298,"date":"2025-08-28T09:01:31","date_gmt":"2025-08-28T06:01:31","guid":{"rendered":"https:\/\/roveyayinevi.com.tr\/index.php\/urun\/hayal-mavisi\/"},"modified":"2026-04-16T03:13:07","modified_gmt":"2026-04-16T00:13:07","slug":"hayal-mavisi","status":"publish","type":"product","link":"https:\/\/roveyayinevi.com.tr\/index.php\/urun\/hayal-mavisi\/","title":{"rendered":"Hayal Mavisi"},"content":{"rendered":"<p>Kelebek etkisine inan\u0131r m\u0131s\u0131n\u0131z?   \u0130nsanlar\u0131n kar\u015f\u0131s\u0131na \u00e7\u0131kan her ufak \u015fey \u00e7ok daha b\u00fcy\u00fck \u015feylere d\u00f6n\u00fc\u015febilir. Benim hayat\u0131ma dokunan kelebekler gibi \u015fiirlerim de sizlerin hayat\u0131na dokunsun isterim. Keyifli okumalar.   Kelebek gibi olmal\u0131 insan, Baharlara u\u00e7mal\u0131. O k\u0131sac\u0131k \u00f6mr\u00fcnde, \u00c7ok \u00e7i\u00e7ekler g\u00f6rmeli&#8230; <\/p>\n","protected":false},"excerpt":{"rendered":"<p>Kelebek etkisine inan\u0131r m\u0131s\u0131n\u0131z? \u0130nsanlar\u0131n kar\u015f\u0131s\u0131na \u00e7\u0131kan her ufak \u015fey \u00e7ok daha b\u00fcy\u00fck \u015feylere d\u00f6n\u00fc\u015febilir. Benim hayat\u0131ma dokunan kelebekler gibi \u015fiirlerim de sizlerin hayat\u0131na dokunsun isterim.<span class=\"excerpt-hellip\"> [\u2026]<\/span><\/p>\n","protected":false},"featured_media":0,"template":"","meta":{"_monsterinsights_skip_tracking":false,"_monsterinsights_sitenote_active":false,"_monsterinsights_sitenote_note":"","_monsterinsights_sitenote_category":0},"product_brand":[],"product_cat":[12291,12509],"product_tag":[],"class_list":{"0":"post-760298","1":"product","2":"type-product","3":"status-publish","5":"product_cat-edebiyat","6":"product_cat-siir","7":"pa_cilt-ciltsiz","8":"pa_tur-kitap","9":"pa_yayinevi-gulnar-yayinlari","10":"pa_yazar-ozlem-busra-silak","12":"first","13":"instock","14":"sale","15":"shipping-taxable","16":"purchasable","17":"product-type-simple"},"_links":{"self":[{"href":"https:\/\/roveyayinevi.com.tr\/index.php\/wp-json\/wp\/v2\/product\/760298","targetHints":{"allow":["GET"]}}],"collection":[{"href":"https:\/\/roveyayinevi.com.tr\/index.php\/wp-json\/wp\/v2\/product"}],"about":[{"href":"https:\/\/roveyayinevi.com.tr\/index.php\/wp-json\/wp\/v2\/types\/product"}],"wp:attachment":[{"href":"https:\/\/roveyayinevi.com.tr\/index.php\/wp-json\/wp\/v2\/media?parent=760298"}],"wp:term":[{"taxonomy":"product_brand","embeddable":true,"href":"https:\/\/roveyayinevi.com.tr\/index.php\/wp-json\/wp\/v2\/product_brand?post=760298"},{"taxonomy":"product_cat","embeddable":true,"href":"https:\/\/roveyayinevi.com.tr\/index.php\/wp-json\/wp\/v2\/product_cat?post=760298"},{"taxonomy":"product_tag","embeddable":true,"href":"https:\/\/roveyayinevi.com.tr\/index.php\/wp-json\/wp\/v2\/product_tag?post=760298"}],"curies":[{"name":"wp","href":"https:\/\/api.w.org\/{rel}","templated":true}]}}