{"id":760297,"date":"2025-08-28T09:01:29","date_gmt":"2025-08-28T06:01:29","guid":{"rendered":"https:\/\/roveyayinevi.com.tr\/index.php\/urun\/eskimeyen-eskiler\/"},"modified":"2026-04-16T03:13:07","modified_gmt":"2026-04-16T00:13:07","slug":"eskimeyen-eskiler","status":"publish","type":"product","link":"https:\/\/roveyayinevi.com.tr\/index.php\/urun\/eskimeyen-eskiler\/","title":{"rendered":"Eskimeyen Eskiler"},"content":{"rendered":"<p>\u015eiir, a\u015fk\u0131, sevday\u0131, hasreti, gurbeti, \u00e2\u015f\u0131k ile m\u00e2\u015fuku anlatt\u0131\u011f\u0131 gibi, toplumdaki mevcut hastal\u0131klar\u0131 da s\u00f6ylemelidir. En elzem konular berheva, ziyan edilmemelidir.   Hayat tozpembe olmad\u0131\u011f\u0131 gibi, vah\u015fetgah da de\u011fildir. Lakin bu ger\u00e7eklikler edeb\u00ee bir \u015fekilde dile getirilmeli ve b\u00fct\u00fcn teferruatlar\u0131yla topluma sunulmal\u0131d\u0131r.   \u015eairin g\u00f6nl\u00fcnde ve hayalinde m\u00fccerretle\u015fen, soyutla\u015fan, g\u00f6z\u00fcnde m\u00fc\u015fahhas hale gelip canlanan ve kaleminde de hayat bulan bu m\u0131sralar, her zaman hakikati ifade etmelidir.   Yeni yeni pencereler a\u00e7arak, her ferdin fikrini geni\u015fletecek bak\u0131\u015f zaviyesine, a\u00e7\u0131s\u0131na m\u00fcnasip fikirler sunmal\u0131 ve medeni d\u00fc\u015f\u00fcnceler in\u015fa edebilmelidir.   Bir sevda gemisine ayak bast\u0131\u011f\u0131 gibi, ger\u00e7e\u011fin can yak\u0131c\u0131 hakikatini de b\u00fct\u00fcn ger\u00e7ekli\u011fiyle seslendirebilmelidir.   Bu cesareti g\u00f6sterdi\u011fi vakit \u00fczerine d\u00fc\u015fen vazifeyi yerine getirmi\u015f olacakt\u0131r&#8230; <\/p>\n","protected":false},"excerpt":{"rendered":"<p>\u015eiir, a\u015fk\u0131, sevday\u0131, hasreti, gurbeti, \u00e2\u015f\u0131k ile m\u00e2\u015fuku anlatt\u0131\u011f\u0131 gibi, toplumdaki mevcut hastal\u0131klar\u0131 da s\u00f6ylemelidir. En elzem konular berheva, ziyan edilmemelidir. Hayat tozpembe olmad\u0131\u011f\u0131 gibi, vah\u015fetgah<span class=\"excerpt-hellip\"> [\u2026]<\/span><\/p>\n","protected":false},"featured_media":0,"template":"","meta":{"_monsterinsights_skip_tracking":false,"_monsterinsights_sitenote_active":false,"_monsterinsights_sitenote_note":"","_monsterinsights_sitenote_category":0},"product_brand":[],"product_cat":[12291,12509],"product_tag":[],"class_list":{"0":"post-760297","1":"product","2":"type-product","3":"status-publish","5":"product_cat-edebiyat","6":"product_cat-siir","7":"pa_cilt-ciltsiz","8":"pa_tur-kitap","9":"pa_yayinevi-gulnar-yayinlari","10":"pa_yazar-faik-kumru","12":"first","13":"instock","14":"sale","15":"shipping-taxable","16":"purchasable","17":"product-type-simple"},"_links":{"self":[{"href":"https:\/\/roveyayinevi.com.tr\/index.php\/wp-json\/wp\/v2\/product\/760297","targetHints":{"allow":["GET"]}}],"collection":[{"href":"https:\/\/roveyayinevi.com.tr\/index.php\/wp-json\/wp\/v2\/product"}],"about":[{"href":"https:\/\/roveyayinevi.com.tr\/index.php\/wp-json\/wp\/v2\/types\/product"}],"wp:attachment":[{"href":"https:\/\/roveyayinevi.com.tr\/index.php\/wp-json\/wp\/v2\/media?parent=760297"}],"wp:term":[{"taxonomy":"product_brand","embeddable":true,"href":"https:\/\/roveyayinevi.com.tr\/index.php\/wp-json\/wp\/v2\/product_brand?post=760297"},{"taxonomy":"product_cat","embeddable":true,"href":"https:\/\/roveyayinevi.com.tr\/index.php\/wp-json\/wp\/v2\/product_cat?post=760297"},{"taxonomy":"product_tag","embeddable":true,"href":"https:\/\/roveyayinevi.com.tr\/index.php\/wp-json\/wp\/v2\/product_tag?post=760297"}],"curies":[{"name":"wp","href":"https:\/\/api.w.org\/{rel}","templated":true}]}}