{"id":760296,"date":"2025-08-28T09:01:27","date_gmt":"2025-08-28T06:01:27","guid":{"rendered":"https:\/\/roveyayinevi.com.tr\/index.php\/urun\/robin-hood-3-jet-skiler-batakliklar-ve-kacakcilar\/"},"modified":"2026-04-16T03:13:07","modified_gmt":"2026-04-16T00:13:07","slug":"robin-hood-3-jet-skiler-batakliklar-ve-kacakcilar","status":"publish","type":"product","link":"https:\/\/roveyayinevi.com.tr\/index.php\/urun\/robin-hood-3-jet-skiler-batakliklar-ve-kacakcilar\/","title":{"rendered":"Robin Hood 3 &#8211; Jet Ski\u2019ler, Batakl\u0131klar ve Ka\u00e7ak\u00e7\u0131lar"},"content":{"rendered":"<p>Robin ve Marion, uluslararas\u0131 \u00e7oksatar Robert Muchamore\u2019un aksiyon dolu u\u0308\u00e7u\u0308ncu\u0308 maceras\u0131nda yine yetkililerle kar\u015f\u0131 kar\u015f\u0131ya geliyor. Ba\u015f\u0131na \u00f6du\u0308l konan ve pe\u015finde \u00f6zel kuvvetler askerleri olan Robin, Do\u011fu Deltas\u0131\u2019nda saklanmaya ba\u015flar. Ama bela onu bir \u015fekilde yeniden bulur. Gu\u0308mru\u0308k G\u00f6\u00e7menlik yetkililerinden gizlenerek mu\u0308ltecilerin kurtar\u0131lmas\u0131na yard\u0131m ederken, Marion ile birlikte bir insan ka\u00e7ak\u00e7\u0131l\u0131\u011f\u0131 operasyonunu ke\u015ffederler. \u00c7aresiz insanlar ucuz mallar u\u0308retmek i\u00e7in k\u00f6le gibi \u00e7al\u0131\u015ft\u0131r\u0131lmak u\u0308zere u\u0308lkeye getirilmektedir. \u0130kisinin bu i\u015fin arkas\u0131nda kimin oldu\u011funu bulmaya \u00e7al\u0131\u015fmas\u0131 an meselesidir. Robin zengin ve gu\u0308\u00e7lu\u0308lere yapt\u0131\u011f\u0131 muhte\u015fem bask\u0131nlarla yine man\u015fetlere ismini yazd\u0131r\u0131r. <\/p>\n","protected":false},"excerpt":{"rendered":"<p>Robin ve Marion, uluslararas\u0131 \u00e7oksatar Robert Muchamore\u2019un aksiyon dolu u\u0308\u00e7u\u0308ncu\u0308 maceras\u0131nda yine yetkililerle kar\u015f\u0131 kar\u015f\u0131ya geliyor. Ba\u015f\u0131na \u00f6du\u0308l konan ve pe\u015finde \u00f6zel kuvvetler askerleri olan Robin,<span class=\"excerpt-hellip\"> [\u2026]<\/span><\/p>\n","protected":false},"featured_media":0,"template":"","meta":{"_monsterinsights_skip_tracking":false,"_monsterinsights_sitenote_active":false,"_monsterinsights_sitenote_note":"","_monsterinsights_sitenote_category":0},"product_brand":[],"product_cat":[12803,12291],"product_tag":[],"class_list":{"0":"post-760296","1":"product","2":"type-product","3":"status-publish","5":"product_cat-aksiyon-macera","6":"product_cat-edebiyat","7":"pa_cilt-ciltsiz","8":"pa_tur-kitap","9":"pa_yayinevi-eksik-parca-yayinlari","10":"pa_yazar-robert-muchamore","12":"first","13":"instock","14":"sale","15":"shipping-taxable","16":"purchasable","17":"product-type-simple"},"_links":{"self":[{"href":"https:\/\/roveyayinevi.com.tr\/index.php\/wp-json\/wp\/v2\/product\/760296","targetHints":{"allow":["GET"]}}],"collection":[{"href":"https:\/\/roveyayinevi.com.tr\/index.php\/wp-json\/wp\/v2\/product"}],"about":[{"href":"https:\/\/roveyayinevi.com.tr\/index.php\/wp-json\/wp\/v2\/types\/product"}],"wp:attachment":[{"href":"https:\/\/roveyayinevi.com.tr\/index.php\/wp-json\/wp\/v2\/media?parent=760296"}],"wp:term":[{"taxonomy":"product_brand","embeddable":true,"href":"https:\/\/roveyayinevi.com.tr\/index.php\/wp-json\/wp\/v2\/product_brand?post=760296"},{"taxonomy":"product_cat","embeddable":true,"href":"https:\/\/roveyayinevi.com.tr\/index.php\/wp-json\/wp\/v2\/product_cat?post=760296"},{"taxonomy":"product_tag","embeddable":true,"href":"https:\/\/roveyayinevi.com.tr\/index.php\/wp-json\/wp\/v2\/product_tag?post=760296"}],"curies":[{"name":"wp","href":"https:\/\/api.w.org\/{rel}","templated":true}]}}