{"id":760295,"date":"2025-08-28T09:01:25","date_gmt":"2025-08-28T06:01:25","guid":{"rendered":"https:\/\/roveyayinevi.com.tr\/index.php\/urun\/lilith-3\/"},"modified":"2026-04-16T03:13:07","modified_gmt":"2026-04-16T00:13:07","slug":"lilith-3","status":"publish","type":"product","link":"https:\/\/roveyayinevi.com.tr\/index.php\/urun\/lilith-3\/","title":{"rendered":"Lilith"},"content":{"rendered":"<p>Havva\u2019dan \u00f6nce Lilith vard\u0131.   Lilith ve \u00c2dem, Cennet Bah\u00e7esi\u2019nde e\u015fit ve mutludurlar. Ta ki \u00c2dem, Lilith\u2019in kendi iradesine boyun e\u011fip onun alt\u0131na yatmas\u0131 gerekti\u011fine karar verene kadar. Lilith bunu reddeder ve sonsuza dek cennetten kovulur.   \u015eeytanla\u015ft\u0131r\u0131lan ve kenara itilen Lilith, Tanr\u0131\u2019n\u0131n kendisine boyun e\u011fmeyi kabul eden Havva\u2019y\u0131 yaratmas\u0131n\u0131 \u00f6fkeyle izler. Ancak Lilith\u2019in bir s\u0131rr\u0131 vard\u0131r: Bilgi A\u011fac\u0131\u2019n\u0131n meyvesini \u00e7oktan tatm\u0131\u015ft\u0131r. Bilgelikle donanm\u0131\u015f olan Lilith, Tanr\u0131\u2019n\u0131n e\u015fi ve dengi, Cennetin Krali\u00e7esi A\u015fera\u2019n\u0131n neden kay\u0131p oldu\u011funu bilmektedir. Lilith\u2019in bir plan\u0131 vard\u0131r: Havva\u2019y\u0131 kurtaracak, A\u015fera\u2019y\u0131 bulacak, d\u00fcnyaya dengeyi geri getirecek ve Cennet\u2019teki hak etti\u011fi yeri yeniden kazanacakt\u0131r. Lilith\u2019in adalet aray\u0131\u015f\u0131 onu Antik S\u00fcmer\u2019in zigguratlar\u0131ndan \u0130srail Krali\u00e7esi \u0130zebel\u2019in saray\u0131na ve Roma Yahudiyesi\u2019ndeki radikal bir vaizin yan\u0131na kadar tarih boyunca y\u00f6nlendirir. Nuh\u2019un kar\u0131s\u0131 Norea, \u0130zebel ve Mecdelli Meryem, Lilith\u2019in ayd\u0131nlanmas\u0131na yard\u0131mc\u0131 olurlar.   Modern \u00e7a\u011fda, e\u015fitsizlik \u00fczerine kurulu bir d\u00fcnyan\u0131n feci sonu\u00e7lar\u0131n\u0131 g\u00f6zlemlerken, Lilith nihayet zaman\u0131n ba\u015flang\u0131c\u0131nda kad\u0131nlara ve t\u00fcm insanl\u0131\u011fa yap\u0131lan yanl\u0131\u015f\u0131 d\u00fczeltmek i\u00e7in ne yap\u0131lmas\u0131 gerekti\u011fini anlar.   \u201cAyd\u0131nlat\u0131c\u0131, b\u00fcy\u00fcleyici ve sayg\u0131n; feminist mit yeniden anlat\u0131lar\u0131na g\u00fc\u00e7l\u00fc ve de\u011ferli bir katk\u0131.\u201d \u2013 Jennifer Saint Ariadne\u2019nin yazar\u0131   \u201cMadeline Miller ve Jenny Saint hayranlar\u0131 bu etkileyici feminist yeniden anlat\u0131ma bay\u0131lacaklar.\u201d \u2013 Rosie Andrews, Leviathan\u2019\u0131n yazar\u0131 <\/p>\n","protected":false},"excerpt":{"rendered":"<p>Havva\u2019dan \u00f6nce Lilith vard\u0131. Lilith ve \u00c2dem, Cennet Bah\u00e7esi\u2019nde e\u015fit ve mutludurlar. Ta ki \u00c2dem, Lilith\u2019in kendi iradesine boyun e\u011fip onun alt\u0131na yatmas\u0131 gerekti\u011fine karar verene<span class=\"excerpt-hellip\"> [\u2026]<\/span><\/p>\n","protected":false},"featured_media":0,"template":"","meta":{"_monsterinsights_skip_tracking":false,"_monsterinsights_sitenote_active":false,"_monsterinsights_sitenote_note":"","_monsterinsights_sitenote_category":0},"product_brand":[],"product_cat":[12291,14777],"product_tag":[],"class_list":{"0":"post-760295","1":"product","2":"type-product","3":"status-publish","5":"product_cat-edebiyat","6":"product_cat-fantastik","7":"pa_cilt-ciltsiz","8":"pa_tur-kitap","9":"pa_yayinevi-eksik-parca-yayinlari","10":"pa_yazar-nikki-marmery","12":"first","13":"instock","14":"sale","15":"shipping-taxable","16":"purchasable","17":"product-type-simple"},"_links":{"self":[{"href":"https:\/\/roveyayinevi.com.tr\/index.php\/wp-json\/wp\/v2\/product\/760295","targetHints":{"allow":["GET"]}}],"collection":[{"href":"https:\/\/roveyayinevi.com.tr\/index.php\/wp-json\/wp\/v2\/product"}],"about":[{"href":"https:\/\/roveyayinevi.com.tr\/index.php\/wp-json\/wp\/v2\/types\/product"}],"wp:attachment":[{"href":"https:\/\/roveyayinevi.com.tr\/index.php\/wp-json\/wp\/v2\/media?parent=760295"}],"wp:term":[{"taxonomy":"product_brand","embeddable":true,"href":"https:\/\/roveyayinevi.com.tr\/index.php\/wp-json\/wp\/v2\/product_brand?post=760295"},{"taxonomy":"product_cat","embeddable":true,"href":"https:\/\/roveyayinevi.com.tr\/index.php\/wp-json\/wp\/v2\/product_cat?post=760295"},{"taxonomy":"product_tag","embeddable":true,"href":"https:\/\/roveyayinevi.com.tr\/index.php\/wp-json\/wp\/v2\/product_tag?post=760295"}],"curies":[{"name":"wp","href":"https:\/\/api.w.org\/{rel}","templated":true}]}}